{"id":104,"date":"2021-05-29T12:03:14","date_gmt":"2021-05-29T12:03:14","guid":{"rendered":"https:\/\/speed-casino.com\/casinoonlinelt\/?page_id=104"},"modified":"2021-05-30T00:23:55","modified_gmt":"2021-05-30T00:23:55","slug":"bakara","status":"publish","type":"page","link":"https:\/\/speed-casino.com\/casinoonlinelt\/bakara\/","title":{"rendered":"Bakara"},"content":{"rendered":"<h1>\u017daiskite bakara internete Lietuvoje su tikrais pinigais<\/h1>\n<div class=\"text-block\"><div id=\"ez-toc-container\" class=\"ez-toc-v2_0_82_2 counter-hierarchy ez-toc-counter ez-toc-grey ez-toc-container-direction\">\n<p class=\"ez-toc-title\" style=\"cursor:inherit\">Turinys<\/p>\n<label for=\"ez-toc-cssicon-toggle-item-69fce42d1e1ee\" class=\"ez-toc-cssicon-toggle-label\"><span class=\"\"><span class=\"eztoc-hide\" style=\"display:none;\">Toggle<\/span><span class=\"ez-toc-icon-toggle-span\"><svg style=\"fill: #999;color:#999\" xmlns=\"http:\/\/www.w3.org\/2000\/svg\" class=\"list-377408\" width=\"20px\" height=\"20px\" viewBox=\"0 0 24 24\" fill=\"none\"><path d=\"M6 6H4v2h2V6zm14 0H8v2h12V6zM4 11h2v2H4v-2zm16 0H8v2h12v-2zM4 16h2v2H4v-2zm16 0H8v2h12v-2z\" fill=\"currentColor\"><\/path><\/svg><svg style=\"fill: #999;color:#999\" class=\"arrow-unsorted-368013\" xmlns=\"http:\/\/www.w3.org\/2000\/svg\" width=\"10px\" height=\"10px\" viewBox=\"0 0 24 24\" version=\"1.2\" baseProfile=\"tiny\"><path d=\"M18.2 9.3l-6.2-6.3-6.2 6.3c-.2.2-.3.4-.3.7s.1.5.3.7c.2.2.4.3.7.3h11c.3 0 .5-.1.7-.3.2-.2.3-.5.3-.7s-.1-.5-.3-.7zM5.8 14.7l6.2 6.3 6.2-6.3c.2-.2.3-.5.3-.7s-.1-.5-.3-.7c-.2-.2-.4-.3-.7-.3h-11c-.3 0-.5.1-.7.3-.2.2-.3.5-.3.7s.1.5.3.7z\"\/><\/svg><\/span><\/span><\/label><input type=\"checkbox\"  id=\"ez-toc-cssicon-toggle-item-69fce42d1e1ee\" checked aria-label=\"Toggle\" \/><nav><ul class='ez-toc-list ez-toc-list-level-1 ' ><li class='ez-toc-page-1 ez-toc-heading-level-1'><a class=\"ez-toc-link ez-toc-heading-1\" href=\"https:\/\/speed-casino.com\/casinoonlinelt\/bakara\/#Zaiskite_bakara_internete_Lietuvoje_su_tikrais_pinigais\" >\u017daiskite bakara internete Lietuvoje su tikrais pinigais<\/a><ul class='ez-toc-list-level-2' ><li class='ez-toc-heading-level-2'><a class=\"ez-toc-link ez-toc-heading-2\" href=\"https:\/\/speed-casino.com\/casinoonlinelt\/bakara\/#Kas_yra_bakara\" >Kas yra bakara?<\/a><ul class='ez-toc-list-level-3' ><li class='ez-toc-heading-level-3'><a class=\"ez-toc-link ez-toc-heading-3\" href=\"https:\/\/speed-casino.com\/casinoonlinelt\/bakara\/#Bakara_zaidimo_taisykles\" >Bakara \u017eaidimo taisykl\u0117s<\/a><\/li><\/ul><\/li><li class='ez-toc-page-1 ez-toc-heading-level-2'><a class=\"ez-toc-link ez-toc-heading-4\" href=\"https:\/\/speed-casino.com\/casinoonlinelt\/bakara\/#Kaip_laimeti_losiant_bakara\" >Kaip laim\u0117ti lo\u0161iant bakara<\/a><\/li><li class='ez-toc-page-1 ez-toc-heading-level-2'><a class=\"ez-toc-link ez-toc-heading-5\" href=\"https:\/\/speed-casino.com\/casinoonlinelt\/bakara\/#Bakara_pliusai_ir_minusai\" >Bakara pliusai ir minusai<\/a><\/li><li class='ez-toc-page-1 ez-toc-heading-level-2'><a class=\"ez-toc-link ez-toc-heading-6\" href=\"https:\/\/speed-casino.com\/casinoonlinelt\/bakara\/#Dazniausiai_uzduodami_klausimai\" >Da\u017eniausiai u\u017eduodami klausimai<\/a><ul class='ez-toc-list-level-3' ><li class='ez-toc-heading-level-3'><a class=\"ez-toc-link ez-toc-heading-7\" href=\"https:\/\/speed-casino.com\/casinoonlinelt\/bakara\/#Ar_bakara_yra_saugus_zaidimas\" >Ar bakara yra saugus \u017eaidimas?<\/a><\/li><li class='ez-toc-page-1 ez-toc-heading-level-3'><a class=\"ez-toc-link ez-toc-heading-8\" href=\"https:\/\/speed-casino.com\/casinoonlinelt\/bakara\/#Ar_zaidziant_bakara_galima_laimeti_tikru_pinigu\" >Ar \u017eaid\u017eiant bakara galima laim\u0117ti tikr\u0173 pinig\u0173?<\/a><\/li><li class='ez-toc-page-1 ez-toc-heading-level-3'><a class=\"ez-toc-link ez-toc-heading-9\" href=\"https:\/\/speed-casino.com\/casinoonlinelt\/bakara\/#Ar_galima_zaisti_bakara_nemokamai\" >Ar galima \u017eaisti bakara nemokamai?<\/a><\/li><\/ul><\/li><\/ul><\/li><\/ul><\/nav><\/div>\n<br \/>\nTOP 3 lietuvi\u0161ki kazino internete \u017eaisti bakara su tikrais pinigais:<\/p>\n<table>\n<tbody>\n<tr>\n<td width=\"150\">Kazino<\/td>\n<td width=\"150\">Bakara \u017eaidimai<\/td>\n<td width=\"150\">Bakara gyvai<\/td>\n<td width=\"150\">Min. \u012fne\u0161imas<\/td>\n<\/tr>\n<tr>\n<td width=\"150\"><strong>Topsport<\/strong><\/td>\n<td width=\"150\">5+<\/td>\n<td width=\"150\">Taip<\/td>\n<td width=\"150\">3\u20ac<\/td>\n<\/tr>\n<tr>\n<td width=\"150\"><strong>Uniclub<\/strong><\/td>\n<td width=\"150\">2+<\/td>\n<td width=\"150\">Taip<\/td>\n<td width=\"150\">3\u20ac<\/td>\n<\/tr>\n<tr>\n<td width=\"150\"><strong>Betsafe<\/strong><\/td>\n<td width=\"150\">1+<\/td>\n<td width=\"150\">Taip<\/td>\n<td width=\"150\">3\u20ac<\/td>\n<\/tr>\n<\/tbody>\n<\/table>\n<p>\t\t\r\n\t\t<div class=\"game-block js-game-detail-page\" style=\"background-image: url('https:\/\/speed-casino.com\/casinoonlinelt\/wp-content\/themes\/crystal-theme\/img\/game-detail-background.png')\" data-module=\"userscore-listener\" data-userscore-focus-point=\"2\" data-userscore-refresh-counter=\"\" data-userscore-click=\"\" data-userscore-click-value=\"15\" data-userscore-game=\"5975\">\r\n\t\t\t<div class=\"game-block-overlay\"><\/div>\r\n\t\t\t<div class=\"games-box-wrapper\" data-userscore-click=\"\" data-userscore-click-value=\"15\">\r\n\t\t\t\t<div class=\"games-flex\">\r\n\r\n\t\t\t\t\t<div class=\"games-box games-item\" id=\"game-box\" style=\"width: auto;\">\r\n\t\t\t\t\t\t<div class=\"games-box--content\" data-module=\"game-box\" data-mode=\"standard\">\r\n\t\t\t\t\t\t\t<div class=\"games-box--placeholder\">\r\n\t\t\t\t\t\t\t\t<div class=\"games-box--placeholder--image\">\r\n\t\t\t\t\t\t\t\t\t<img loading=\"lazy\" decoding=\"async\" src=\"\" style=\"\" alt=\"Bakara\" width=\"580\" height=\"322\">\r\n\t\t\t\t\t\t\t\t<\/div>\r\n\t\t\t\t\t\t\t\t<span id=\"game_link\" class=\"games-box--placeholder--play\" data-url=\"\">\r\n\t\t\t\t\t\t\t\t\t<span class=\"games-box-play-icon\">\r\n\t\t\t\t\t\t\t\t\t\t<i class=\"fa fa-play\" aria-hidden=\"true\"><\/i>\r\n\t\t\t\t\t\t\t\t\t<\/span>\r\n\t\t\t\t\t\t\t\t\t<span class=\"games-box-play-text\">\r\n\t\t\t\t\t\t\t\t\t\t\u017daisti\t\t\t\t\t\t\t\t\t<\/span>\r\n\t\t\t\t\t\t\t\t<\/span>\r\n\t\t\t\t\t\t\t<\/div>\r\n\t\t\t\t\t\t\t<div class=\"games-box--game\" style=\"\">\r\n\t\t\t\t\t\t\t\t<div class=\"game-panel\">\r\n                                    <div id=\"fullscreen\" class=\"fullscreen\">Atidaryti per vis\u0105 ekran\u0105 <i class=\"icon-fullscreen\"><\/i><\/div>\r\n                                    <div id=\"minimize\" class=\"minimize\"><i class=\"icon-minimize\"><\/i><\/div>\r\n                                <\/div>\r\n\t\t\t\t\t\t\t\t<iframe src=\"\" frameborder=\"0\" id=\"gamefileEmbed1\" scrolling=\"no\" style=\" padding-bottom: 10px;\"><\/iframe>\r\n\t\t\t\t\t\t\t<\/div>\r\n\t\t\t\t\t\t<\/div>\r\n\t\t\t\t\t\t<div class=\"games-box-controls-bottom c-grey-3\"><\/div>\r\n\t\t\t\t\t<\/div><!-- end .game-box -->\r\n\r\n\t\t\t\t\t<div class=\"games-item right-casi-block\">\r\n\t\t               \r\n\t\t\t\t\t\t\t\t\t\t\t\t\t\t\t\t\t\t\t\r\n\t\t\t\t   <div class=\"casi-item\">\r\n\t\t\t\t\t  <p class=\"paragraph-black-p paragraph-black-table\">\r\n\t\t\t\t\t\t <img loading=\"lazy\" decoding=\"async\" src=\"\/\/speed-casino.com\/casinoonlinelt\/wp-content\/uploads\/2021\/03\/optibet200100white.png\" alt=\"OptiBet\" class=\"paragraph-black-img\" width=\"200\" height=\"100\" \/>\r\n\t\t\t\t\t  <\/p>\r\n\t\t\t\t\t  <p class=\"paragraph-black-p paragraph-bonus\">100% ne daugiau 100\u20ac + 100FS<\/p>\r\n\t\t\t\t\t  <p class=\"paragraph-black-p\">\r\n\t\t\t\t\t\t \t\t\t\t\t\t\t<a class=\"link reg_btn\" href=\"https:\/\/speed-casino.com\/casinoonlinelt\/go\/optibet\/\" target=\"_blank\" rel=\"nofollow sponsored noopener\" data-log-node=\"yta\" data-clickable=\"\">Svetain\u0117je<\/a>\r\n\t\t\t\t\t\t \t\t\t\t\t\t \t\t\t\t\t\t \t<a class=\"link reg_btn_more\" href=\"https:\/\/speed-casino.com\/casinoonlinelt\/optibet\/\">Perskaitykite ap\u017evalg\u0105<\/a>\r\n\t\t\t\t\t\t \t\t\t\t\t  <\/p>\r\n\t\t\t\t   <\/div>\r\n\r\n\t\t\t   \t\t\t\t\t\r\n\t\t\t\t   <div class=\"casi-item\">\r\n\t\t\t\t\t  <p class=\"paragraph-black-p paragraph-black-table\">\r\n\t\t\t\t\t\t <img loading=\"lazy\" decoding=\"async\" src=\"\/\/speed-casino.com\/casinoonlinelt\/wp-content\/uploads\/2021\/03\/betsafelv200100white.png\" alt=\"Betsafe\" class=\"paragraph-black-img\" width=\"200\" height=\"100\" \/>\r\n\t\t\t\t\t  <\/p>\r\n\t\t\t\t\t  <p class=\"paragraph-black-p paragraph-bonus\">100% ne daugiau 100\u20ac + 500 FS<\/p>\r\n\t\t\t\t\t  <p class=\"paragraph-black-p\">\r\n\t\t\t\t\t\t \t\t\t\t\t\t\t<a class=\"link reg_btn\" href=\"https:\/\/speed-casino.com\/casinoonlinelt\/go\/betsafe\/\" target=\"_blank\" rel=\"nofollow sponsored noopener\" data-log-node=\"yta\" data-clickable=\"\">Svetain\u0117je<\/a>\r\n\t\t\t\t\t\t \t\t\t\t\t\t \t\t\t\t\t\t \t<a class=\"link reg_btn_more\" href=\"https:\/\/speed-casino.com\/casinoonlinelt\/betsafe\/\">Perskaitykite ap\u017evalg\u0105<\/a>\r\n\t\t\t\t\t\t \t\t\t\t\t  <\/p>\r\n\t\t\t\t   <\/div>\r\n\r\n\t\t\t   \t\t\t\t\t\t\t\t            <\/div>\r\n\t\t        <\/div>\r\n\r\n\t\t\t\t\t\t\t\t<div class=\"playforreal-button-container text-center\" style=\"width: auto; margin-right: 40px; margin-left: 40px; margin-top: 20px;\">\r\n\t\t\t\t <div class=\"my-s\">\r\n\t\t\t\t    <a href=\"https:\/\/speed-casino.com\/casinoonlinelt\/go\/topsport\/\" rel=\"nofollow sponsored\" class=\"button-stn button-stn__green\" data-userscore-click-target=\"\">\r\n\t\t\t\t    <i class=\"fa fa-play\" aria-hidden=\"true\"><\/i>\r\n\t\t\t\t    \u017daiskite kazino u\u017e tikrus pinigus\t\t\t\t    <\/a>\r\n\t\t\t\t <\/div>\r\n\t\t\t\t<\/div>\r\n\t\t\t\t\t\t\t<\/div>\r\n\t\t<\/div>\r\n\t\t\t\r\n\t<\/p>\n<h2>Kas yra bakara?<\/h2>\n<p>Bakara yra vienas i\u0161 populiariausi\u0173 kort\u0173 \u017eaidim\u0173, kuris \u017eaid\u017eiamas jau labai daug met\u0173. \u0160io \u017eaidimo istorija prasideda Italijoje, ta\u010diau \u017eaidimas stipriai i\u0161populiar\u0117jo Pranc\u016bzijoje, kur buvo \u017eaid\u017eiamas auk\u0161tuomen\u0117s nari\u0173, itin da\u017enai tarp bajor\u0173. B\u016btent pagal pranc\u016bz\u0173 kalb\u0105 \u0161is \u017eaidimas gavo savo \u201ebakara\u201c pavadinim\u0105.<\/p>\n<p>\u0160is \u017eaidimas i\u0161 \u0161ono gali \u0161iek tiek priminti blackjack \u017eaidim\u0105, kadangi \u010dia irgi reikia surinkti kuo daugiau ta\u0161k\u0173, tik \u010dia nevir\u0161ijant 9 ta\u0161k\u0173, o kortos turi toki\u0105 pa\u010di\u0105 ta\u0161k\u0173 reik\u0161m\u0119. Bakara da\u017enai yra siejamas su auk\u0161tais limitais, o tai at\u0117jo i\u0161 jau min\u0117tos istorijos, kur buvo \u017eaid\u017eiamas itin pasiturin\u010di\u0173 \u017emoni\u0173. Internetiniuose kazino galima rasti versij\u0173, kuriose yra suteikiama galimyb\u0117 atlikti statymus itin didel\u0117mis sumomis.<\/p>\n<h3>Bakara \u017eaidimo taisykl\u0117s<\/h3>\n<p>Klasikin\u0117je bakara versijoje \u017eaid\u017eia dalintojas prie\u0161 \u017eaid\u0117j\u0105, o atliekant statym\u0105 \u017eaid\u0117jas gali pasirinkti u\u017e k\u0105 statyti \u2013 u\u017e dalintoj\u0105, kitaip \u0161iame \u017eaidime vadinam\u0105 bankinink\u0105, ar u\u017e \u017eaid\u0117j\u0105. Tai rei\u0161kia, kad net jeigu \u017eaid\u0117jas ir pralaim\u0117jo, j\u016bs vis tiek galite laim\u0117ti pinig\u0173, kadangi viskas priklauso nuo to, kok\u012f statym\u0105 atlikote.<\/p>\n<p>\u017daid\u0117jas ir bankininkas gauna po dvi kortas ir yra \u017ei\u016brima, kiek kas surinko ta\u0161k\u0173. Maksimalus ta\u0161k\u0173 skai\u010dius \u0161iame \u017eaidime yra 9, ta\u010diau kitaip nei blackjack \u2013 \u010dia surinkus daugiau nei 9, niekas nepralaimi, o tiesiog ta\u0161k\u0173 skai\u010diavimas prasideda i\u0161 naujo. Pavyzd\u017eiui, turint 7 ta\u0161kus ir gavus kort\u0105 5 b\u016bt\u0173 surinkti 2 ta\u0161kai. Kadangi 9 ta\u0161kai yra maksimalus kiekis, tai gavus paveiksliuk\u0105 ta\u0161k\u0173 skai\u010dius nesikei\u010dia, nes paveiksliukas yra 10 ta\u0161k\u0173, kas \u0161iame \u017eaidime lygu 0, t\u016bzas yra 1, o skai\u010di\u0173 kortos vertos tiek, koks skai\u010dius yra ant kortos.<\/p>\n<p>Taigi, i\u0161dalinus po dvi kortas yra lyginami surinkti ta\u0161kai, jeigu \u017eaid\u0117jas turi 5 arba ma\u017eiau ta\u0161k\u0173, tuomet jam yra i\u0161dalinama tre\u010dia korta, tuo tarpu jeigu bankininko tre\u010dios kortos dalinimas priklauso nuo to, koki\u0105 kort\u0105 gaus dalintojas. \u0160ias taisykles \u017einoti gali b\u016bti kiek komplikuota, ta\u010diau jums tiksliai n\u0117ra b\u016btina \u017einoti, kada ir kaip yra dalinamos kortos, kadangi j\u016bs patys \u0161iame \u017eaidime netur\u0117site galimyb\u0117s atlikti joki\u0173 veiksm\u0173, o tik steb\u0117ti \u017eaidimo eig\u0105.<\/p>\n<h2>Kaip laim\u0117ti lo\u0161iant bakara<\/h2>\n<p>Norint laim\u0117ti \u017eaid\u017eiant bakara, pirmiausia, reikia laikytis bendr\u0173 taisykli\u0173. Prie\u0161 prad\u0117dami \u017eaisti tur\u0117tum\u0117te nusistatyti lo\u0161imams skirt\u0105 biud\u017eet\u0105 bei laim\u0117jimo ir pralaim\u0117jimo limitus. Pasiek\u0119 \u0161iuos limitus tur\u0117tum\u0117te sustoti, kadangi pralaim\u0117jus per daug, gali atsirasti noras atsilo\u0161ti, kas gali privesti prie didesni\u0173 pralaim\u0117jim\u0173, o dideli laim\u0117jimai gali stipriai padidinti pasitik\u0117jimo savimi jausm\u0105 ir noras laim\u0117ti dar daugiau gali privesti prie pralaim\u0117jim\u0173.<\/p>\n<p>\u017dinoma, norint b\u016bti s\u0117kmingesniu \u017eaid\u0117ju reik\u0117t\u0173 bent \u0161iek tiek suprasti \u017eaidimo taisykles. Nors j\u016bs neturite galimyb\u0117s atlikti joki\u0173 veiksm\u0173, kurie tur\u0117t\u0173 \u012ftakos dalinamoms kortoms, ta\u010diau, \u0161iame \u017eaidime yra galimyb\u0117 atlikti statymus ir \u017eaidimo metu, tod\u0117l suprasdami taisykles ir matydami, kokios yra i\u0161dalintos kortos, j\u016bs galite bent \u0161iek tiek numatyti, kas laukia toliau ir taip pasididinti savo laim\u0117jimo galimybes.<\/p>\n<p>Padidinti j\u016bs\u0173 laim\u0117jim\u0105 gali ir \u012fvairios statym\u0173 sistemos. Tikriausiai teko gird\u0117ti apie \u201eMartingele\u201c statymo sistem\u0105, kuomet po pralaim\u0117jimo statymo suma yra dvigubinama. Tad \u0161i ir kitos statym\u0173 sistemos gali pad\u0117ti padidinti laim\u0117jimo tikimyb\u0119, ta\u010diau j\u016bs turite atrasti sau tinkan\u010di\u0105 statym\u0173 sistem\u0105.<\/p>\n<h2>Bakara pliusai ir minusai<\/h2>\n<p>Jeigu dar niekada ne\u017eaid\u0117te bakara \u017eaidimo, mes tikrai rekomenduojame tai padaryti, kadangi tai \u012fdomus, \u012ftraukiantis klasikinis kazino \u017eaidimas. Tai vienas i\u0161 populiariausi\u0173 kazino kort\u0173 \u017eaidimas, kur\u012f galima rasti beveik visuose kazino internete. Ta\u010diau, kaip ir kiti kazino \u017eaidimai, bakara turi savo plius\u0173 ir minus\u0173, apie kuriuos \u010dia ir pakalb\u0117sime.<\/p>\n<p>Pagrindiniai pliusai \u0161iame \u017eaidime yra tai, kad nor\u0117dami \u017eaisti \u0161\u012f \u017eaidim\u0105, jums nereikia tiksliai \u017einoti kiekvieno veiksmo, kadangi viskas daroma u\u017e jus, jums tiesiog reikia steb\u0117ti vaizd\u0105 ir laukti s\u0117kmingo statymo. Kitas pliusas \u2013 dideli statym\u0173 limitai. Ta\u010diau, tuo pa\u010diu, kai kuriems \u017eaid\u0117jams tai gali b\u016bti minusas, kadangi jie negali atlikti joki\u0173 veiksm\u0173, kaip pavyzd\u017eiui, blackjack \u017eaidime. D\u0117l to, beveik viskas \u0161iame \u017eaidime priklauso nuo s\u0117km\u0117s.<\/p>\n<h2>Da\u017eniausiai u\u017eduodami klausimai<\/h2>\n<p>\t\t\t\r\n\t\t\t<div class=\"accord-wrap\" id=\"crystal_wpsm_accordion_114\" itemscope itemtype=\"https:\/\/schema.org\/FAQPage\">\r\n\t\t\t\t\r\n\t\t\t\t\t<div class=\"accord-block\" itemscope itemprop=\"mainEntity\" itemtype=\"https:\/\/schema.org\/Question\">\r\n\t\t\t\t\t\t<h3 class=\"accord-block-header\" itemprop=\"name\">Ar bakara yra saugus \u017eaidimas?<\/h3>\r\n\t\t\t\t\t\t<div class=\"accord-block-content\" itemscope itemprop=\"acceptedAnswer\" itemtype=\"https:\/\/schema.org\/Answer\">\r\n\t\t\t\t\t\t\t<div itemprop=\"text\">\r\n\t\t\t\t\t\t\t\tTikrai taip. Bakara \u017eaidimo saugumas priklauso nuo to, kokiame kazino \u017eaid\u017eiate. Jeigu tai darote licencijuotame kazino, tuomet \u017eaisti yra tikrai saugu. \u017daid\u017eiant video bakara \u017eaidim\u0105, bus naudojama RNG funkcija, kuri u\u017etikrina, kad kiekviena i\u0161dalinta korta yra atsitiktin\u0117.\t\t\t\t\t\t\t<\/div>\r\n\t\t\t\t\t\t<\/div>\r\n\t\t\t\t\t<\/div>\r\n\r\n\t\t\t\t\r\n\t\t\t\t\t<div class=\"accord-block\" itemscope itemprop=\"mainEntity\" itemtype=\"https:\/\/schema.org\/Question\">\r\n\t\t\t\t\t\t<h3 class=\"accord-block-header\" itemprop=\"name\">Ar \u017eaid\u017eiant bakara galima laim\u0117ti tikr\u0173 pinig\u0173?<\/h3>\r\n\t\t\t\t\t\t<div class=\"accord-block-content\" itemscope itemprop=\"acceptedAnswer\" itemtype=\"https:\/\/schema.org\/Answer\">\r\n\t\t\t\t\t\t\t<div itemprop=\"text\">\r\n\t\t\t\t\t\t\t\tTaip. Jeigu bakara \u017eaidim\u0105 \u017eaid\u017eiate su tikrais pinigais, tuomet ir laim\u0117ti galite tikr\u0173 pinig\u0173. Priklausomai nuo to, kok\u012f statym\u0105 bakara \u017eaidime pasirinksite, savo statymo sum\u0105 galite pasidvigubinti arba laim\u0117ti dar didesn\u0119 pinig\u0173 sum\u0105.\t\t\t\t\t\t\t<\/div>\r\n\t\t\t\t\t\t<\/div>\r\n\t\t\t\t\t<\/div>\r\n\r\n\t\t\t\t\r\n\t\t\t\t\t<div class=\"accord-block\" itemscope itemprop=\"mainEntity\" itemtype=\"https:\/\/schema.org\/Question\">\r\n\t\t\t\t\t\t<h3 class=\"accord-block-header\" itemprop=\"name\">Ar galima \u017eaisti bakara nemokamai?<\/h3>\r\n\t\t\t\t\t\t<div class=\"accord-block-content\" itemscope itemprop=\"acceptedAnswer\" itemtype=\"https:\/\/schema.org\/Answer\">\r\n\t\t\t\t\t\t\t<div itemprop=\"text\">\r\n\t\t\t\t\t\t\t\tTaip, kai kurie kazino internete savo \u017eaid\u0117jams suteikia galimyb\u0119 bakara \u017eaisti nemokamai. Tai puiki galimyb\u0117, kadangi \u017eaid\u0117jai gali susipa\u017einti su \u017eaidimo taisykl\u0117mis, perprasti pat\u012f \u017eaidim\u0105 ir tik tada i\u0161bandyti su tikrais pinigais.\t\t\t\t\t\t\t<\/div>\r\n\t\t\t\t\t\t<\/div>\r\n\t\t\t\t\t<\/div>\r\n\r\n\t\t\t\t\t\t\t<\/div>\r\n\t\t<\/p>\n<\/div>\n","protected":false},"excerpt":{"rendered":"<p>\u017daiskite bakara internete Lietuvoje su tikrais pinigais TOP 3 lietuvi\u0161ki kazino internete \u017eaisti bakara su tikrais pinigais: Kazino Bakara \u017eaidimai Bakara gyvai Min. \u012fne\u0161imas Topsport 5+ Taip 3\u20ac Uniclub 2+ Taip 3\u20ac Betsafe 1+ Taip 3\u20ac Kas yra bakara? Bakara yra vienas i\u0161 populiariausi\u0173 kort\u0173 \u017eaidim\u0173, kuris \u017eaid\u017eiamas jau labai daug met\u0173. \u0160io \u017eaidimo istorija [&hellip;]<\/p>\n","protected":false},"author":1,"featured_media":0,"parent":0,"menu_order":0,"comment_status":"closed","ping_status":"closed","template":"","meta":{"footnotes":""},"class_list":["post-104","page","type-page","status-publish","hentry"],"yoast_head":"<!-- This site is optimized with the Yoast SEO plugin v27.4 - https:\/\/yoast.com\/product\/yoast-seo-wordpress\/ -->\n<title>Bakara kazino \u017eaidimo ap\u017evalga \u2013 Susipa\u017eink ir i\u0161bandyk<\/title>\n<meta name=\"description\" content=\"Bakara yra vienas i\u0161 populiariausi\u0173 kazino \u017eaidim\u0173 internete. Apsilankykite ir su\u017einokite vis\u0105 pagrindin\u0119 informacij\u0105 \u2013 \u017eaidimo taisykles, kaip laim\u0117ti ir kita.\" \/>\n<meta name=\"robots\" content=\"index, follow, max-snippet:-1, max-image-preview:large, max-video-preview:-1\" \/>\n<link rel=\"canonical\" href=\"https:\/\/speed-casino.com\/casinoonlinelt\/bakara\/\" \/>\n<meta property=\"og:locale\" content=\"lt_LT\" \/>\n<meta property=\"og:type\" content=\"article\" \/>\n<meta property=\"og:title\" content=\"Bakara kazino \u017eaidimo ap\u017evalga \u2013 Susipa\u017eink ir i\u0161bandyk\" \/>\n<meta property=\"og:description\" content=\"Bakara yra vienas i\u0161 populiariausi\u0173 kazino \u017eaidim\u0173 internete. Apsilankykite ir su\u017einokite vis\u0105 pagrindin\u0119 informacij\u0105 \u2013 \u017eaidimo taisykles, kaip laim\u0117ti ir kita.\" \/>\n<meta property=\"og:url\" content=\"https:\/\/speed-casino.com\/casinoonlinelt\/bakara\/\" \/>\n<meta property=\"og:site_name\" content=\"Internetinis kazino\" \/>\n<meta property=\"article:modified_time\" content=\"2021-05-30T00:23:55+00:00\" \/>\n<meta name=\"twitter:card\" content=\"summary_large_image\" \/>\n<meta name=\"twitter:label1\" content=\"Est. reading time\" \/>\n\t<meta name=\"twitter:data1\" content=\"3 minut\u0117s\" \/>\n<script type=\"application\/ld+json\" class=\"yoast-schema-graph\">{\"@context\":\"https:\\\/\\\/schema.org\",\"@graph\":[{\"@type\":\"WebPage\",\"@id\":\"https:\\\/\\\/speed-casino.com\\\/casinoonlinelt\\\/bakara\\\/\",\"url\":\"https:\\\/\\\/speed-casino.com\\\/casinoonlinelt\\\/bakara\\\/\",\"name\":\"Bakara kazino \u017eaidimo ap\u017evalga \u2013 Susipa\u017eink ir i\u0161bandyk\",\"isPartOf\":{\"@id\":\"https:\\\/\\\/speed-casino.com\\\/casinoonlinelt\\\/#website\"},\"datePublished\":\"2021-05-29T12:03:14+00:00\",\"dateModified\":\"2021-05-30T00:23:55+00:00\",\"description\":\"Bakara yra vienas i\u0161 populiariausi\u0173 kazino \u017eaidim\u0173 internete. Apsilankykite ir su\u017einokite vis\u0105 pagrindin\u0119 informacij\u0105 \u2013 \u017eaidimo taisykles, kaip laim\u0117ti ir kita.\",\"breadcrumb\":{\"@id\":\"https:\\\/\\\/speed-casino.com\\\/casinoonlinelt\\\/bakara\\\/#breadcrumb\"},\"inLanguage\":\"lt-LT\",\"potentialAction\":[{\"@type\":\"ReadAction\",\"target\":[\"https:\\\/\\\/speed-casino.com\\\/casinoonlinelt\\\/bakara\\\/\"]}]},{\"@type\":\"BreadcrumbList\",\"@id\":\"https:\\\/\\\/speed-casino.com\\\/casinoonlinelt\\\/bakara\\\/#breadcrumb\",\"itemListElement\":[{\"@type\":\"ListItem\",\"position\":1,\"name\":\"Home\",\"item\":\"https:\\\/\\\/speed-casino.com\\\/casinoonlinelt\\\/\"},{\"@type\":\"ListItem\",\"position\":2,\"name\":\"Bakara\"}]},{\"@type\":\"WebSite\",\"@id\":\"https:\\\/\\\/speed-casino.com\\\/casinoonlinelt\\\/#website\",\"url\":\"https:\\\/\\\/speed-casino.com\\\/casinoonlinelt\\\/\",\"name\":\"Internetinis kazino\",\"description\":\"\",\"potentialAction\":[{\"@type\":\"SearchAction\",\"target\":{\"@type\":\"EntryPoint\",\"urlTemplate\":\"https:\\\/\\\/speed-casino.com\\\/casinoonlinelt\\\/?s={search_term_string}\"},\"query-input\":{\"@type\":\"PropertyValueSpecification\",\"valueRequired\":true,\"valueName\":\"search_term_string\"}}],\"inLanguage\":\"lt-LT\"}]}<\/script>\n<!-- \/ Yoast SEO plugin. -->","yoast_head_json":{"title":"Bakara kazino \u017eaidimo ap\u017evalga \u2013 Susipa\u017eink ir i\u0161bandyk","description":"Bakara yra vienas i\u0161 populiariausi\u0173 kazino \u017eaidim\u0173 internete. Apsilankykite ir su\u017einokite vis\u0105 pagrindin\u0119 informacij\u0105 \u2013 \u017eaidimo taisykles, kaip laim\u0117ti ir kita.","robots":{"index":"index","follow":"follow","max-snippet":"max-snippet:-1","max-image-preview":"max-image-preview:large","max-video-preview":"max-video-preview:-1"},"canonical":"https:\/\/speed-casino.com\/casinoonlinelt\/bakara\/","og_locale":"lt_LT","og_type":"article","og_title":"Bakara kazino \u017eaidimo ap\u017evalga \u2013 Susipa\u017eink ir i\u0161bandyk","og_description":"Bakara yra vienas i\u0161 populiariausi\u0173 kazino \u017eaidim\u0173 internete. Apsilankykite ir su\u017einokite vis\u0105 pagrindin\u0119 informacij\u0105 \u2013 \u017eaidimo taisykles, kaip laim\u0117ti ir kita.","og_url":"https:\/\/speed-casino.com\/casinoonlinelt\/bakara\/","og_site_name":"Internetinis kazino","article_modified_time":"2021-05-30T00:23:55+00:00","twitter_card":"summary_large_image","twitter_misc":{"Est. reading time":"3 minut\u0117s"},"schema":{"@context":"https:\/\/schema.org","@graph":[{"@type":"WebPage","@id":"https:\/\/speed-casino.com\/casinoonlinelt\/bakara\/","url":"https:\/\/speed-casino.com\/casinoonlinelt\/bakara\/","name":"Bakara kazino \u017eaidimo ap\u017evalga \u2013 Susipa\u017eink ir i\u0161bandyk","isPartOf":{"@id":"https:\/\/speed-casino.com\/casinoonlinelt\/#website"},"datePublished":"2021-05-29T12:03:14+00:00","dateModified":"2021-05-30T00:23:55+00:00","description":"Bakara yra vienas i\u0161 populiariausi\u0173 kazino \u017eaidim\u0173 internete. Apsilankykite ir su\u017einokite vis\u0105 pagrindin\u0119 informacij\u0105 \u2013 \u017eaidimo taisykles, kaip laim\u0117ti ir kita.","breadcrumb":{"@id":"https:\/\/speed-casino.com\/casinoonlinelt\/bakara\/#breadcrumb"},"inLanguage":"lt-LT","potentialAction":[{"@type":"ReadAction","target":["https:\/\/speed-casino.com\/casinoonlinelt\/bakara\/"]}]},{"@type":"BreadcrumbList","@id":"https:\/\/speed-casino.com\/casinoonlinelt\/bakara\/#breadcrumb","itemListElement":[{"@type":"ListItem","position":1,"name":"Home","item":"https:\/\/speed-casino.com\/casinoonlinelt\/"},{"@type":"ListItem","position":2,"name":"Bakara"}]},{"@type":"WebSite","@id":"https:\/\/speed-casino.com\/casinoonlinelt\/#website","url":"https:\/\/speed-casino.com\/casinoonlinelt\/","name":"Internetinis kazino","description":"","potentialAction":[{"@type":"SearchAction","target":{"@type":"EntryPoint","urlTemplate":"https:\/\/speed-casino.com\/casinoonlinelt\/?s={search_term_string}"},"query-input":{"@type":"PropertyValueSpecification","valueRequired":true,"valueName":"search_term_string"}}],"inLanguage":"lt-LT"}]}},"_links":{"self":[{"href":"https:\/\/speed-casino.com\/casinoonlinelt\/wp-json\/wp\/v2\/pages\/104","targetHints":{"allow":["GET"]}}],"collection":[{"href":"https:\/\/speed-casino.com\/casinoonlinelt\/wp-json\/wp\/v2\/pages"}],"about":[{"href":"https:\/\/speed-casino.com\/casinoonlinelt\/wp-json\/wp\/v2\/types\/page"}],"author":[{"embeddable":true,"href":"https:\/\/speed-casino.com\/casinoonlinelt\/wp-json\/wp\/v2\/users\/1"}],"replies":[{"embeddable":true,"href":"https:\/\/speed-casino.com\/casinoonlinelt\/wp-json\/wp\/v2\/comments?post=104"}],"version-history":[{"count":3,"href":"https:\/\/speed-casino.com\/casinoonlinelt\/wp-json\/wp\/v2\/pages\/104\/revisions"}],"predecessor-version":[{"id":118,"href":"https:\/\/speed-casino.com\/casinoonlinelt\/wp-json\/wp\/v2\/pages\/104\/revisions\/118"}],"wp:attachment":[{"href":"https:\/\/speed-casino.com\/casinoonlinelt\/wp-json\/wp\/v2\/media?parent=104"}],"curies":[{"name":"wp","href":"https:\/\/api.w.org\/{rel}","templated":true}]}}