{"id":248,"date":"2022-11-29T23:32:57","date_gmt":"2022-11-29T23:32:57","guid":{"rendered":"https:\/\/speed-casino.com\/casinos-online-portugal\/?page_id=248"},"modified":"2022-12-15T20:12:39","modified_gmt":"2022-12-15T20:12:39","slug":"filmes-em-exibicao-na-festa-do-cinema","status":"publish","type":"page","link":"https:\/\/speed-casino.com\/casinos-online-portugal\/filmes-exibicao","title":{"rendered":"Filmes em exibi\u00e7\u00e3o na Festa do Cinema"},"content":{"rendered":"<div id=\"ez-toc-container\" class=\"ez-toc-v2_0_82_1 ez-toc-wrap-center counter-hierarchy ez-toc-counter ez-toc-grey ez-toc-container-direction\">\n<div class=\"ez-toc-title-container\">\n<p class=\"ez-toc-title\" style=\"cursor:inherit\">\u00cdndice<\/p>\n<span class=\"ez-toc-title-toggle\"><a href=\"#\" class=\"ez-toc-pull-right ez-toc-btn ez-toc-btn-xs ez-toc-btn-default ez-toc-toggle\" aria-label=\"Toggle Table of Content\"><span class=\"ez-toc-js-icon-con\"><span class=\"\"><span class=\"eztoc-hide\" style=\"display:none;\">Toggle<\/span><span class=\"ez-toc-icon-toggle-span\"><svg style=\"fill: #999;color:#999\" xmlns=\"http:\/\/www.w3.org\/2000\/svg\" class=\"list-377408\" width=\"20px\" height=\"20px\" viewBox=\"0 0 24 24\" fill=\"none\"><path d=\"M6 6H4v2h2V6zm14 0H8v2h12V6zM4 11h2v2H4v-2zm16 0H8v2h12v-2zM4 16h2v2H4v-2zm16 0H8v2h12v-2z\" fill=\"currentColor\"><\/path><\/svg><svg style=\"fill: #999;color:#999\" class=\"arrow-unsorted-368013\" xmlns=\"http:\/\/www.w3.org\/2000\/svg\" width=\"10px\" height=\"10px\" viewBox=\"0 0 24 24\" version=\"1.2\" baseProfile=\"tiny\"><path d=\"M18.2 9.3l-6.2-6.3-6.2 6.3c-.2.2-.3.4-.3.7s.1.5.3.7c.2.2.4.3.7.3h11c.3 0 .5-.1.7-.3.2-.2.3-.5.3-.7s-.1-.5-.3-.7zM5.8 14.7l6.2 6.3 6.2-6.3c.2-.2.3-.5.3-.7s-.1-.5-.3-.7c-.2-.2-.4-.3-.7-.3h-11c-.3 0-.5.1-.7.3-.2.2-.3.5-.3.7s.1.5.3.7z\"\/><\/svg><\/span><\/span><\/span><\/a><\/span><\/div>\n<nav><ul class='ez-toc-list ez-toc-list-level-1 eztoc-toggle-hide-by-default' ><li class='ez-toc-page-1 ez-toc-heading-level-2'><a class=\"ez-toc-link ez-toc-heading-1\" href=\"https:\/\/speed-casino.com\/casinos-online-portugal\/filmes-exibicao\/#Esta_listagem_de_filmes_e_meramente_informativa_dos_filmes_em_exibicao_em_Portugal_%E2%80%93_Por_favor_compre_os_seus_bilhetes_no_seu_cinema_para_os_dias_da_Festa_do_Cinema\" >Esta listagem de filmes \u00e9 meramente informativa dos filmes em exibi\u00e7\u00e3o em Portugal &#8211; Por favor compre os seus bilhetes no seu cinema para os dias da Festa do Cinema.<\/a><\/li><li class='ez-toc-page-1 ez-toc-heading-level-2'><a class=\"ez-toc-link ez-toc-heading-2\" href=\"https:\/\/speed-casino.com\/casinos-online-portugal\/filmes-exibicao\/#Legalidade\" >Legalidade<\/a><\/li><\/ul><\/nav><\/div>\n<h2><span class=\"ez-toc-section\" id=\"Esta_listagem_de_filmes_e_meramente_informativa_dos_filmes_em_exibicao_em_Portugal_%E2%80%93_Por_favor_compre_os_seus_bilhetes_no_seu_cinema_para_os_dias_da_Festa_do_Cinema\"><\/span>Esta listagem de filmes \u00e9 meramente informativa dos filmes em exibi\u00e7\u00e3o em Portugal &#8211; Por favor compre os seus bilhetes no seu cinema para os dias da Festa do Cinema.<span class=\"ez-toc-section-end\"><\/span><\/h2>\n<p>O processo da compra de bilhetes \u00e9 normal, s\u00f3 o pre\u00e7o para as sess\u00f5es 2D e 3D \u00e9 a \u20ac2,50.<br \/>\nRecomendamos a compra antecipada dos bilhetes a fim de evitar filas e sess\u00f5es esgotadas. Boa Festa do Cinema!!!<\/p>\n<h2><span class=\"ez-toc-section\" id=\"Legalidade\"><\/span>Legalidade<span class=\"ez-toc-section-end\"><\/span><\/h2>\n<p>No site festadocinema.pt procedemos \u00e0 an\u00e1lise de v\u00e1rios casinos online e de apostas desportivas, inclusive o estatuto legal destas:<\/p>\n<p>No dia 24 de maio de 2016, a Betclic foi a primeira casa a obter licen\u00e7a para apostas desportivas em Portugal, tornando-se assim uma casa legal no pa\u00eds. A licen\u00e7a 001 dos Servi\u00e7os de Regula\u00e7\u00e3o e Inspe\u00e7\u00e3o de Jogos (SRIJ) para apostas desportivas foi assim obtida pela Betclic, logo ap\u00f3s a cria\u00e7\u00e3o do Regime Jur\u00eddico para o Jogo Online. Al\u00e9m da licen\u00e7a para apostas desportivas, a Betclic tamb\u00e9m possui a licen\u00e7a 004 do SRIJ que legaliza os seus jogos de fortuna e azar dentro do seu casino online. A Betclic \u00e9 assim, sem d\u00favida, pioneira no jogo licenciado online em Portugal. Pode <a href=\"https:\/\/speed-casino.com\/casinos-online-portugal\/betclic\/\">instalar a app betclic android<\/a> e usar a <a href=\"https:\/\/speed-casino.com\/casinos-online-portugal\/betclic\/\">betclic app<\/a> ou aceder a <a href=\"https:\/\/speed-casino.com\/casinos-online-portugal\/betclic\/\">betclic.pt<\/a> para utilizar a plataforma.<\/p>\n","protected":false},"excerpt":{"rendered":"<p>Esta listagem de filmes \u00e9 meramente informativa dos filmes em exibi\u00e7\u00e3o em Portugal &#8211; Por favor compre os seus bilhetes no seu cinema para os dias da Festa do Cinema. O processo da compra de bilhetes \u00e9 normal, s\u00f3 o pre\u00e7o para as sess\u00f5es 2D e 3D \u00e9 a \u20ac2,50. Recomendamos a compra antecipada dos [&hellip;]<\/p>\n","protected":false},"author":1,"featured_media":0,"parent":0,"menu_order":0,"comment_status":"closed","ping_status":"closed","template":"","meta":{"_acf_changed":false,"footnotes":""},"class_list":["post-248","page","type-page","status-publish","hentry"],"acf":[],"yoast_head":"<!-- This site is optimized with the Yoast SEO plugin v27.2 - https:\/\/yoast.com\/product\/yoast-seo-wordpress\/ -->\n<title>Filmes em exibi\u00e7\u00e3o na Festa do Cinema (Em actualiza\u00e7\u00e3o) - Festa do Cinema com bilhetes a 2,5\u20ac em todas as salas de cinema<\/title>\n<meta name=\"description\" content=\"Bilhetes de cinema a \u20ac2,5 em todas as salas de cinema, para todos os filmes em exbi\u00e7\u00e3o em 2D. em Portugal, durante 3 dias - Festa do cinema\" \/>\n<meta name=\"robots\" content=\"index, follow, max-snippet:-1, max-image-preview:large, max-video-preview:-1\" \/>\n<link rel=\"canonical\" href=\"https:\/\/speed-casino.com\/casinos-online-portugal\/filmes-exibicao\/\" \/>\n<meta property=\"og:locale\" content=\"pt_PT\" \/>\n<meta property=\"og:type\" content=\"article\" \/>\n<meta property=\"og:title\" content=\"Filmes em exibi\u00e7\u00e3o na Festa do Cinema (Em actualiza\u00e7\u00e3o) - Festa do Cinema com bilhetes a 2,5\u20ac em todas as salas de cinema\" \/>\n<meta property=\"og:description\" content=\"Bilhetes de cinema a \u20ac2,5 em todas as salas de cinema, para todos os filmes em exbi\u00e7\u00e3o em 2D. em Portugal, durante 3 dias - Festa do cinema\" \/>\n<meta property=\"og:url\" content=\"https:\/\/speed-casino.com\/casinos-online-portugal\/filmes-exibicao\/\" \/>\n<meta property=\"og:site_name\" content=\"Aplica\u00e7\u00e3o Mobile para Android &amp; iOS\" \/>\n<meta property=\"article:modified_time\" content=\"2022-12-15T20:12:39+00:00\" \/>\n<meta name=\"twitter:card\" content=\"summary_large_image\" \/>\n<meta name=\"twitter:label1\" content=\"Tempo estimado de leitura\" \/>\n\t<meta name=\"twitter:data1\" content=\"2 minutos\" \/>\n<script type=\"application\/ld+json\" class=\"yoast-schema-graph\">{\"@context\":\"https:\/\/schema.org\",\"@graph\":[{\"@type\":\"WebPage\",\"@id\":\"https:\/\/speed-casino.com\/casinos-online-portugal\/filmes-exibicao\/\",\"url\":\"https:\/\/speed-casino.com\/casinos-online-portugal\/filmes-exibicao\/\",\"name\":\"Filmes em exibi\u00e7\u00e3o na Festa do Cinema (Em actualiza\u00e7\u00e3o) - Festa do Cinema com bilhetes a 2,5\u20ac em todas as salas de cinema\",\"isPartOf\":{\"@id\":\"https:\/\/speed-casino.com\/casinos-online-portugal\/#website\"},\"datePublished\":\"2022-11-29T23:32:57+00:00\",\"dateModified\":\"2022-12-15T20:12:39+00:00\",\"description\":\"Bilhetes de cinema a \u20ac2,5 em todas as salas de cinema, para todos os filmes em exbi\u00e7\u00e3o em 2D. em Portugal, durante 3 dias - Festa do cinema\",\"breadcrumb\":{\"@id\":\"https:\/\/speed-casino.com\/casinos-online-portugal\/filmes-exibicao\/#breadcrumb\"},\"inLanguage\":\"pt-PT\",\"potentialAction\":[{\"@type\":\"ReadAction\",\"target\":[\"https:\/\/speed-casino.com\/casinos-online-portugal\/filmes-exibicao\/\"]}]},{\"@type\":\"BreadcrumbList\",\"@id\":\"https:\/\/speed-casino.com\/casinos-online-portugal\/filmes-exibicao\/#breadcrumb\",\"itemListElement\":[{\"@type\":\"ListItem\",\"position\":1,\"name\":\"Home\",\"item\":\"https:\/\/speed-casino.com\/casinos-online-portugal\/\"},{\"@type\":\"ListItem\",\"position\":2,\"name\":\"Filmes em exibi\u00e7\u00e3o na Festa do Cinema\"}]},{\"@type\":\"WebSite\",\"@id\":\"https:\/\/speed-casino.com\/casinos-online-portugal\/#website\",\"url\":\"https:\/\/speed-casino.com\/casinos-online-portugal\/\",\"name\":\"Aplica\u00e7\u00e3o Mobile para Android &amp; iOS\",\"description\":\"\",\"publisher\":{\"@id\":\"https:\/\/speed-casino.com\/casinos-online-portugal\/#organization\"},\"potentialAction\":[{\"@type\":\"SearchAction\",\"target\":{\"@type\":\"EntryPoint\",\"urlTemplate\":\"https:\/\/speed-casino.com\/casinos-online-portugal\/?s={search_term_string}\"},\"query-input\":{\"@type\":\"PropertyValueSpecification\",\"valueRequired\":true,\"valueName\":\"search_term_string\"}}],\"inLanguage\":\"pt-PT\"},{\"@type\":\"Organization\",\"@id\":\"https:\/\/speed-casino.com\/casinos-online-portugal\/#organization\",\"name\":\"Aplica\u00e7\u00e3o Mobile para Android &amp; iOS\",\"url\":\"https:\/\/speed-casino.com\/casinos-online-portugal\/\",\"logo\":{\"@type\":\"ImageObject\",\"inLanguage\":\"pt-PT\",\"@id\":\"https:\/\/speed-casino.com\/casinos-online-portugal\/#\/schema\/logo\/image\/\",\"url\":\"https:\/\/speed-casino.com\/casinos-online-portugal\/wp-content\/uploads\/2022\/08\/logo_melhorappdeapostas.com_.png\",\"contentUrl\":\"https:\/\/speed-casino.com\/casinos-online-portugal\/wp-content\/uploads\/2022\/08\/logo_melhorappdeapostas.com_.png\",\"width\":200,\"height\":100,\"caption\":\"Aplica\u00e7\u00e3o Mobile para Android &amp; iOS\"},\"image\":{\"@id\":\"https:\/\/speed-casino.com\/casinos-online-portugal\/#\/schema\/logo\/image\/\"}}]}<\/script>\n<!-- \/ Yoast SEO plugin. -->","yoast_head_json":{"title":"Filmes em exibi\u00e7\u00e3o na Festa do Cinema (Em actualiza\u00e7\u00e3o) - Festa do Cinema com bilhetes a 2,5\u20ac em todas as salas de cinema","description":"Bilhetes de cinema a \u20ac2,5 em todas as salas de cinema, para todos os filmes em exbi\u00e7\u00e3o em 2D. em Portugal, durante 3 dias - Festa do cinema","robots":{"index":"index","follow":"follow","max-snippet":"max-snippet:-1","max-image-preview":"max-image-preview:large","max-video-preview":"max-video-preview:-1"},"canonical":"https:\/\/speed-casino.com\/casinos-online-portugal\/filmes-exibicao\/","og_locale":"pt_PT","og_type":"article","og_title":"Filmes em exibi\u00e7\u00e3o na Festa do Cinema (Em actualiza\u00e7\u00e3o) - Festa do Cinema com bilhetes a 2,5\u20ac em todas as salas de cinema","og_description":"Bilhetes de cinema a \u20ac2,5 em todas as salas de cinema, para todos os filmes em exbi\u00e7\u00e3o em 2D. em Portugal, durante 3 dias - Festa do cinema","og_url":"https:\/\/speed-casino.com\/casinos-online-portugal\/filmes-exibicao\/","og_site_name":"Aplica\u00e7\u00e3o Mobile para Android &amp; iOS","article_modified_time":"2022-12-15T20:12:39+00:00","twitter_card":"summary_large_image","twitter_misc":{"Tempo estimado de leitura":"2 minutos"},"schema":{"@context":"https:\/\/schema.org","@graph":[{"@type":"WebPage","@id":"https:\/\/speed-casino.com\/casinos-online-portugal\/filmes-exibicao\/","url":"https:\/\/speed-casino.com\/casinos-online-portugal\/filmes-exibicao\/","name":"Filmes em exibi\u00e7\u00e3o na Festa do Cinema (Em actualiza\u00e7\u00e3o) - Festa do Cinema com bilhetes a 2,5\u20ac em todas as salas de cinema","isPartOf":{"@id":"https:\/\/speed-casino.com\/casinos-online-portugal\/#website"},"datePublished":"2022-11-29T23:32:57+00:00","dateModified":"2022-12-15T20:12:39+00:00","description":"Bilhetes de cinema a \u20ac2,5 em todas as salas de cinema, para todos os filmes em exbi\u00e7\u00e3o em 2D. em Portugal, durante 3 dias - Festa do cinema","breadcrumb":{"@id":"https:\/\/speed-casino.com\/casinos-online-portugal\/filmes-exibicao\/#breadcrumb"},"inLanguage":"pt-PT","potentialAction":[{"@type":"ReadAction","target":["https:\/\/speed-casino.com\/casinos-online-portugal\/filmes-exibicao\/"]}]},{"@type":"BreadcrumbList","@id":"https:\/\/speed-casino.com\/casinos-online-portugal\/filmes-exibicao\/#breadcrumb","itemListElement":[{"@type":"ListItem","position":1,"name":"Home","item":"https:\/\/speed-casino.com\/casinos-online-portugal\/"},{"@type":"ListItem","position":2,"name":"Filmes em exibi\u00e7\u00e3o na Festa do Cinema"}]},{"@type":"WebSite","@id":"https:\/\/speed-casino.com\/casinos-online-portugal\/#website","url":"https:\/\/speed-casino.com\/casinos-online-portugal\/","name":"Aplica\u00e7\u00e3o Mobile para Android &amp; iOS","description":"","publisher":{"@id":"https:\/\/speed-casino.com\/casinos-online-portugal\/#organization"},"potentialAction":[{"@type":"SearchAction","target":{"@type":"EntryPoint","urlTemplate":"https:\/\/speed-casino.com\/casinos-online-portugal\/?s={search_term_string}"},"query-input":{"@type":"PropertyValueSpecification","valueRequired":true,"valueName":"search_term_string"}}],"inLanguage":"pt-PT"},{"@type":"Organization","@id":"https:\/\/speed-casino.com\/casinos-online-portugal\/#organization","name":"Aplica\u00e7\u00e3o Mobile para Android &amp; iOS","url":"https:\/\/speed-casino.com\/casinos-online-portugal\/","logo":{"@type":"ImageObject","inLanguage":"pt-PT","@id":"https:\/\/speed-casino.com\/casinos-online-portugal\/#\/schema\/logo\/image\/","url":"https:\/\/speed-casino.com\/casinos-online-portugal\/wp-content\/uploads\/2022\/08\/logo_melhorappdeapostas.com_.png","contentUrl":"https:\/\/speed-casino.com\/casinos-online-portugal\/wp-content\/uploads\/2022\/08\/logo_melhorappdeapostas.com_.png","width":200,"height":100,"caption":"Aplica\u00e7\u00e3o Mobile para Android &amp; iOS"},"image":{"@id":"https:\/\/speed-casino.com\/casinos-online-portugal\/#\/schema\/logo\/image\/"}}]}},"_links":{"self":[{"href":"https:\/\/speed-casino.com\/casinos-online-portugal\/wp-json\/wp\/v2\/pages\/248","targetHints":{"allow":["GET"]}}],"collection":[{"href":"https:\/\/speed-casino.com\/casinos-online-portugal\/wp-json\/wp\/v2\/pages"}],"about":[{"href":"https:\/\/speed-casino.com\/casinos-online-portugal\/wp-json\/wp\/v2\/types\/page"}],"author":[{"embeddable":true,"href":"https:\/\/speed-casino.com\/casinos-online-portugal\/wp-json\/wp\/v2\/users\/1"}],"replies":[{"embeddable":true,"href":"https:\/\/speed-casino.com\/casinos-online-portugal\/wp-json\/wp\/v2\/comments?post=248"}],"version-history":[{"count":6,"href":"https:\/\/speed-casino.com\/casinos-online-portugal\/wp-json\/wp\/v2\/pages\/248\/revisions"}],"predecessor-version":[{"id":330,"href":"https:\/\/speed-casino.com\/casinos-online-portugal\/wp-json\/wp\/v2\/pages\/248\/revisions\/330"}],"wp:attachment":[{"href":"https:\/\/speed-casino.com\/casinos-online-portugal\/wp-json\/wp\/v2\/media?parent=248"}],"curies":[{"name":"wp","href":"https:\/\/api.w.org\/{rel}","templated":true}]}}