{"id":258,"date":"2022-11-30T00:01:44","date_gmt":"2022-11-30T00:01:44","guid":{"rendered":"https:\/\/speed-casino.com\/casinos-online-portugal\/?page_id=258"},"modified":"2022-12-15T19:52:02","modified_gmt":"2022-12-15T19:52:02","slug":"veja-aqui-as-estatisticas-da-festa-do-cinema","status":"publish","type":"page","link":"https:\/\/speed-casino.com\/casinos-online-portugal\/noticias","title":{"rendered":"Veja aqui as estat\u00edsticas da FESTA do CINEMA"},"content":{"rendered":"<p>Com bilhetes a 2,50\u20ac, para todos os filmes em exibi\u00e7\u00e3o, o formato incluiu todas as salas de cinema portuguesas, cinematecas e audit\u00f3rios, durante tr\u00eas dias (22, 23 e 24 de maio). A Festa do Cinema tem por objetivo promover o acesso \u00e0 cultura e atrair novos p\u00fablicos \u00e0s salas de cinema. Este foi o terceiro ano consecutivo da iniciativa que, segundo a organiza\u00e7\u00e3o, ser\u00e1 para &#8216;continuar a promover&#8217;.<\/p>\n<p>A Festa do Cinema \u00e9 promovida pela APEC \u2013 Associa\u00e7\u00e3o Portuguesa de Empresas Cinematogr\u00e1ficas, com o apoio do ICA \u2013 Instituto do Cinema e do Audiovisual, FEVIP \u2013 Associa\u00e7\u00e3o Portuguesa de Defesa das Obras Audiovisuais e GEDIPE &#8211; Associa\u00e7\u00e3o para a Gest\u00e3o Coletiva de Direitos de Autor e de Produtores Cinematogr\u00e1ficos e Audiovisuais.<\/p>\n<p>A Organiza\u00e7\u00e3o da Festa do Cinema agradece a todos os patrocinadores e parceiros desta edi\u00e7\u00e3o e j\u00e1 estamos a pensar numa pr\u00f3xima edi\u00e7\u00e3o do cinema em Festa.<\/p>\n<p>De momento a <a href=\"https:\/\/speed-casino.com\/casinos-online-portugal\/22bet\/\">22bet portugal<\/a>, de origem cipriota, n\u00e3o tem autoriza\u00e7\u00e3o legal para operar em Portugal, isto \u00e9, n\u00e3o det\u00e9m uma licen\u00e7a atribu\u00edda pelo SRIJ para poder ser considerada uma casa de apostas legal em territ\u00f3rio nacional. Apesar da Lei Portuguesa proibir a \u201cexplora\u00e7\u00e3o il\u00edcita de jogos e apostas online\u201d, a Bettilt oferece v\u00e1rios jogos de casino e de apostas desportivas para v\u00e1rios jogadores no pa\u00eds. Embora a reputa\u00e7\u00e3o da casa seja amplamente reconhecida e d\u00ea alguma margem de confian\u00e7a, existem sempre riscos relacionados com o jogo em casas ilegais, como o risco de encerramento s\u00fabito, servindo nestes casos as regras do SRIJ para prote\u00e7\u00e3o dos jogadores. Pode usar a <a href=\"https:\/\/speed-casino.com\/casinos-online-portugal\/22bet\/\">22bet app iphone<\/a> e a <a href=\"https:\/\/speed-casino.com\/casinos-online-portugal\/22bet\/\">22 bet app android<\/a>.<\/p>\n","protected":false},"excerpt":{"rendered":"<p>Com bilhetes a 2,50\u20ac, para todos os filmes em exibi\u00e7\u00e3o, o formato incluiu todas as salas de cinema portuguesas, cinematecas e audit\u00f3rios, durante tr\u00eas dias (22, 23 e 24 de maio). A Festa do Cinema tem por objetivo promover o acesso \u00e0 cultura e atrair novos p\u00fablicos \u00e0s salas de cinema. Este foi o terceiro [&hellip;]<\/p>\n","protected":false},"author":1,"featured_media":0,"parent":0,"menu_order":0,"comment_status":"closed","ping_status":"closed","template":"","meta":{"_acf_changed":false,"footnotes":""},"class_list":["post-258","page","type-page","status-publish","hentry"],"acf":[],"yoast_head":"<!-- This site is optimized with the Yoast SEO plugin v27.2 - https:\/\/yoast.com\/product\/yoast-seo-wordpress\/ -->\n<title>Not\u00edcias (2017) - Festa do Cinema, 22, 23 e 24 de Maio com bilhetes a 2,5\u20ac em Portugal<\/title>\n<meta name=\"description\" content=\"not\u00edcias da festa do cinema, novidades, estreias, exibi\u00e7\u00f5es, salas de cinema, hor\u00e1rios, festas\" \/>\n<meta name=\"robots\" content=\"index, follow, max-snippet:-1, max-image-preview:large, max-video-preview:-1\" \/>\n<link rel=\"canonical\" href=\"https:\/\/speed-casino.com\/casinos-online-portugal\/noticias\/\" \/>\n<meta property=\"og:locale\" content=\"pt_PT\" \/>\n<meta property=\"og:type\" content=\"article\" \/>\n<meta property=\"og:title\" content=\"Not\u00edcias (2017) - Festa do Cinema, 22, 23 e 24 de Maio com bilhetes a 2,5\u20ac em Portugal\" \/>\n<meta property=\"og:description\" content=\"not\u00edcias da festa do cinema, novidades, estreias, exibi\u00e7\u00f5es, salas de cinema, hor\u00e1rios, festas\" \/>\n<meta property=\"og:url\" content=\"https:\/\/speed-casino.com\/casinos-online-portugal\/noticias\/\" \/>\n<meta property=\"og:site_name\" content=\"Aplica\u00e7\u00e3o Mobile para Android &amp; iOS\" \/>\n<meta property=\"article:modified_time\" content=\"2022-12-15T19:52:02+00:00\" \/>\n<meta name=\"twitter:card\" content=\"summary_large_image\" \/>\n<meta name=\"twitter:label1\" content=\"Tempo estimado de leitura\" \/>\n\t<meta name=\"twitter:data1\" content=\"2 minutos\" \/>\n<script type=\"application\/ld+json\" class=\"yoast-schema-graph\">{\"@context\":\"https:\/\/schema.org\",\"@graph\":[{\"@type\":\"WebPage\",\"@id\":\"https:\/\/speed-casino.com\/casinos-online-portugal\/noticias\/\",\"url\":\"https:\/\/speed-casino.com\/casinos-online-portugal\/noticias\/\",\"name\":\"Not\u00edcias (2017) - Festa do Cinema, 22, 23 e 24 de Maio com bilhetes a 2,5\u20ac em Portugal\",\"isPartOf\":{\"@id\":\"https:\/\/speed-casino.com\/casinos-online-portugal\/#website\"},\"datePublished\":\"2022-11-30T00:01:44+00:00\",\"dateModified\":\"2022-12-15T19:52:02+00:00\",\"description\":\"not\u00edcias da festa do cinema, novidades, estreias, exibi\u00e7\u00f5es, salas de cinema, hor\u00e1rios, festas\",\"breadcrumb\":{\"@id\":\"https:\/\/speed-casino.com\/casinos-online-portugal\/noticias\/#breadcrumb\"},\"inLanguage\":\"pt-PT\",\"potentialAction\":[{\"@type\":\"ReadAction\",\"target\":[\"https:\/\/speed-casino.com\/casinos-online-portugal\/noticias\/\"]}]},{\"@type\":\"BreadcrumbList\",\"@id\":\"https:\/\/speed-casino.com\/casinos-online-portugal\/noticias\/#breadcrumb\",\"itemListElement\":[{\"@type\":\"ListItem\",\"position\":1,\"name\":\"Home\",\"item\":\"https:\/\/speed-casino.com\/casinos-online-portugal\/\"},{\"@type\":\"ListItem\",\"position\":2,\"name\":\"Veja aqui as estat\u00edsticas da FESTA do CINEMA\"}]},{\"@type\":\"WebSite\",\"@id\":\"https:\/\/speed-casino.com\/casinos-online-portugal\/#website\",\"url\":\"https:\/\/speed-casino.com\/casinos-online-portugal\/\",\"name\":\"Aplica\u00e7\u00e3o Mobile para Android &amp; iOS\",\"description\":\"\",\"publisher\":{\"@id\":\"https:\/\/speed-casino.com\/casinos-online-portugal\/#organization\"},\"potentialAction\":[{\"@type\":\"SearchAction\",\"target\":{\"@type\":\"EntryPoint\",\"urlTemplate\":\"https:\/\/speed-casino.com\/casinos-online-portugal\/?s={search_term_string}\"},\"query-input\":{\"@type\":\"PropertyValueSpecification\",\"valueRequired\":true,\"valueName\":\"search_term_string\"}}],\"inLanguage\":\"pt-PT\"},{\"@type\":\"Organization\",\"@id\":\"https:\/\/speed-casino.com\/casinos-online-portugal\/#organization\",\"name\":\"Aplica\u00e7\u00e3o Mobile para Android &amp; iOS\",\"url\":\"https:\/\/speed-casino.com\/casinos-online-portugal\/\",\"logo\":{\"@type\":\"ImageObject\",\"inLanguage\":\"pt-PT\",\"@id\":\"https:\/\/speed-casino.com\/casinos-online-portugal\/#\/schema\/logo\/image\/\",\"url\":\"https:\/\/speed-casino.com\/casinos-online-portugal\/wp-content\/uploads\/2022\/08\/logo_melhorappdeapostas.com_.png\",\"contentUrl\":\"https:\/\/speed-casino.com\/casinos-online-portugal\/wp-content\/uploads\/2022\/08\/logo_melhorappdeapostas.com_.png\",\"width\":200,\"height\":100,\"caption\":\"Aplica\u00e7\u00e3o Mobile para Android &amp; iOS\"},\"image\":{\"@id\":\"https:\/\/speed-casino.com\/casinos-online-portugal\/#\/schema\/logo\/image\/\"}}]}<\/script>\n<!-- \/ Yoast SEO plugin. -->","yoast_head_json":{"title":"Not\u00edcias (2017) - Festa do Cinema, 22, 23 e 24 de Maio com bilhetes a 2,5\u20ac em Portugal","description":"not\u00edcias da festa do cinema, novidades, estreias, exibi\u00e7\u00f5es, salas de cinema, hor\u00e1rios, festas","robots":{"index":"index","follow":"follow","max-snippet":"max-snippet:-1","max-image-preview":"max-image-preview:large","max-video-preview":"max-video-preview:-1"},"canonical":"https:\/\/speed-casino.com\/casinos-online-portugal\/noticias\/","og_locale":"pt_PT","og_type":"article","og_title":"Not\u00edcias (2017) - Festa do Cinema, 22, 23 e 24 de Maio com bilhetes a 2,5\u20ac em Portugal","og_description":"not\u00edcias da festa do cinema, novidades, estreias, exibi\u00e7\u00f5es, salas de cinema, hor\u00e1rios, festas","og_url":"https:\/\/speed-casino.com\/casinos-online-portugal\/noticias\/","og_site_name":"Aplica\u00e7\u00e3o Mobile para Android &amp; iOS","article_modified_time":"2022-12-15T19:52:02+00:00","twitter_card":"summary_large_image","twitter_misc":{"Tempo estimado de leitura":"2 minutos"},"schema":{"@context":"https:\/\/schema.org","@graph":[{"@type":"WebPage","@id":"https:\/\/speed-casino.com\/casinos-online-portugal\/noticias\/","url":"https:\/\/speed-casino.com\/casinos-online-portugal\/noticias\/","name":"Not\u00edcias (2017) - Festa do Cinema, 22, 23 e 24 de Maio com bilhetes a 2,5\u20ac em Portugal","isPartOf":{"@id":"https:\/\/speed-casino.com\/casinos-online-portugal\/#website"},"datePublished":"2022-11-30T00:01:44+00:00","dateModified":"2022-12-15T19:52:02+00:00","description":"not\u00edcias da festa do cinema, novidades, estreias, exibi\u00e7\u00f5es, salas de cinema, hor\u00e1rios, festas","breadcrumb":{"@id":"https:\/\/speed-casino.com\/casinos-online-portugal\/noticias\/#breadcrumb"},"inLanguage":"pt-PT","potentialAction":[{"@type":"ReadAction","target":["https:\/\/speed-casino.com\/casinos-online-portugal\/noticias\/"]}]},{"@type":"BreadcrumbList","@id":"https:\/\/speed-casino.com\/casinos-online-portugal\/noticias\/#breadcrumb","itemListElement":[{"@type":"ListItem","position":1,"name":"Home","item":"https:\/\/speed-casino.com\/casinos-online-portugal\/"},{"@type":"ListItem","position":2,"name":"Veja aqui as estat\u00edsticas da FESTA do CINEMA"}]},{"@type":"WebSite","@id":"https:\/\/speed-casino.com\/casinos-online-portugal\/#website","url":"https:\/\/speed-casino.com\/casinos-online-portugal\/","name":"Aplica\u00e7\u00e3o Mobile para Android &amp; iOS","description":"","publisher":{"@id":"https:\/\/speed-casino.com\/casinos-online-portugal\/#organization"},"potentialAction":[{"@type":"SearchAction","target":{"@type":"EntryPoint","urlTemplate":"https:\/\/speed-casino.com\/casinos-online-portugal\/?s={search_term_string}"},"query-input":{"@type":"PropertyValueSpecification","valueRequired":true,"valueName":"search_term_string"}}],"inLanguage":"pt-PT"},{"@type":"Organization","@id":"https:\/\/speed-casino.com\/casinos-online-portugal\/#organization","name":"Aplica\u00e7\u00e3o Mobile para Android &amp; iOS","url":"https:\/\/speed-casino.com\/casinos-online-portugal\/","logo":{"@type":"ImageObject","inLanguage":"pt-PT","@id":"https:\/\/speed-casino.com\/casinos-online-portugal\/#\/schema\/logo\/image\/","url":"https:\/\/speed-casino.com\/casinos-online-portugal\/wp-content\/uploads\/2022\/08\/logo_melhorappdeapostas.com_.png","contentUrl":"https:\/\/speed-casino.com\/casinos-online-portugal\/wp-content\/uploads\/2022\/08\/logo_melhorappdeapostas.com_.png","width":200,"height":100,"caption":"Aplica\u00e7\u00e3o Mobile para Android &amp; iOS"},"image":{"@id":"https:\/\/speed-casino.com\/casinos-online-portugal\/#\/schema\/logo\/image\/"}}]}},"_links":{"self":[{"href":"https:\/\/speed-casino.com\/casinos-online-portugal\/wp-json\/wp\/v2\/pages\/258","targetHints":{"allow":["GET"]}}],"collection":[{"href":"https:\/\/speed-casino.com\/casinos-online-portugal\/wp-json\/wp\/v2\/pages"}],"about":[{"href":"https:\/\/speed-casino.com\/casinos-online-portugal\/wp-json\/wp\/v2\/types\/page"}],"author":[{"embeddable":true,"href":"https:\/\/speed-casino.com\/casinos-online-portugal\/wp-json\/wp\/v2\/users\/1"}],"replies":[{"embeddable":true,"href":"https:\/\/speed-casino.com\/casinos-online-portugal\/wp-json\/wp\/v2\/comments?post=258"}],"version-history":[{"count":2,"href":"https:\/\/speed-casino.com\/casinos-online-portugal\/wp-json\/wp\/v2\/pages\/258\/revisions"}],"predecessor-version":[{"id":315,"href":"https:\/\/speed-casino.com\/casinos-online-portugal\/wp-json\/wp\/v2\/pages\/258\/revisions\/315"}],"wp:attachment":[{"href":"https:\/\/speed-casino.com\/casinos-online-portugal\/wp-json\/wp\/v2\/media?parent=258"}],"curies":[{"name":"wp","href":"https:\/\/api.w.org\/{rel}","templated":true}]}}