{"id":262,"date":"2022-11-30T00:07:22","date_gmt":"2022-11-30T00:07:22","guid":{"rendered":"https:\/\/speed-casino.com\/casinos-online-portugal\/?page_id=262"},"modified":"2022-12-15T19:54:33","modified_gmt":"2022-12-15T19:54:33","slug":"cineclube-da-horta","status":"publish","type":"page","link":"https:\/\/speed-casino.com\/casinos-online-portugal\/cinemas-aderentes\/item\/cine-clube-da-horta","title":{"rendered":"CINECLUBE DA HORTA"},"content":{"rendered":"<div id=\"ez-toc-container\" class=\"ez-toc-v2_0_82_1 ez-toc-wrap-center counter-hierarchy ez-toc-counter ez-toc-grey ez-toc-container-direction\">\n<div class=\"ez-toc-title-container\">\n<p class=\"ez-toc-title\" style=\"cursor:inherit\">\u00cdndice<\/p>\n<span class=\"ez-toc-title-toggle\"><a href=\"#\" class=\"ez-toc-pull-right ez-toc-btn ez-toc-btn-xs ez-toc-btn-default ez-toc-toggle\" aria-label=\"Toggle Table of Content\"><span class=\"ez-toc-js-icon-con\"><span class=\"\"><span class=\"eztoc-hide\" style=\"display:none;\">Toggle<\/span><span class=\"ez-toc-icon-toggle-span\"><svg style=\"fill: #999;color:#999\" xmlns=\"http:\/\/www.w3.org\/2000\/svg\" class=\"list-377408\" width=\"20px\" height=\"20px\" viewBox=\"0 0 24 24\" fill=\"none\"><path d=\"M6 6H4v2h2V6zm14 0H8v2h12V6zM4 11h2v2H4v-2zm16 0H8v2h12v-2zM4 16h2v2H4v-2zm16 0H8v2h12v-2z\" fill=\"currentColor\"><\/path><\/svg><svg style=\"fill: #999;color:#999\" class=\"arrow-unsorted-368013\" xmlns=\"http:\/\/www.w3.org\/2000\/svg\" width=\"10px\" height=\"10px\" viewBox=\"0 0 24 24\" version=\"1.2\" baseProfile=\"tiny\"><path d=\"M18.2 9.3l-6.2-6.3-6.2 6.3c-.2.2-.3.4-.3.7s.1.5.3.7c.2.2.4.3.7.3h11c.3 0 .5-.1.7-.3.2-.2.3-.5.3-.7s-.1-.5-.3-.7zM5.8 14.7l6.2 6.3 6.2-6.3c.2-.2.3-.5.3-.7s-.1-.5-.3-.7c-.2-.2-.4-.3-.7-.3h-11c-.3 0-.5.1-.7.3-.2.2-.3.5-.3.7s.1.5.3.7z\"\/><\/svg><\/span><\/span><\/span><\/a><\/span><\/div>\n<nav><ul class='ez-toc-list ez-toc-list-level-1 eztoc-toggle-hide-by-default' ><ul class='ez-toc-list-level-3' ><li class='ez-toc-heading-level-3'><a class=\"ez-toc-link ez-toc-heading-1\" href=\"https:\/\/speed-casino.com\/casinos-online-portugal\/cinemas-aderentes\/item\/cine-clube-da-horta\/#Morada\" >Morada<\/a><\/li><li class='ez-toc-page-1 ez-toc-heading-level-3'><a class=\"ez-toc-link ez-toc-heading-2\" href=\"https:\/\/speed-casino.com\/casinos-online-portugal\/cinemas-aderentes\/item\/cine-clube-da-horta\/#Contacto\" >Contacto<\/a><\/li><li class='ez-toc-page-1 ez-toc-heading-level-3'><a class=\"ez-toc-link ez-toc-heading-3\" href=\"https:\/\/speed-casino.com\/casinos-online-portugal\/cinemas-aderentes\/item\/cine-clube-da-horta\/#On_the_map\" >On the map<\/a><\/li><\/ul><\/li><li class='ez-toc-page-1 ez-toc-heading-level-2'><a class=\"ez-toc-link ez-toc-heading-4\" href=\"https:\/\/speed-casino.com\/casinos-online-portugal\/cinemas-aderentes\/item\/cine-clube-da-horta\/#Registo\" >Registo<\/a><\/li><\/ul><\/nav><\/div>\n<h3><span class=\"ez-toc-section\" id=\"Morada\"><\/span>Morada<span class=\"ez-toc-section-end\"><\/span><\/h3>\n<ul class=\"uk-list\">\n<li class=\"element element-text\"><strong>Morada: <\/strong> R. das Angustias, 66-1\u00ba<\/li>\n<li class=\"element element-text\"><strong>C\u00f3digo Postal: <\/strong> 9901-997<\/li>\n<li class=\"element element-text\"><strong>Localidade: <\/strong> HORTA<\/li>\n<\/ul>\n<h3><span class=\"ez-toc-section\" id=\"Contacto\"><\/span>Contacto<span class=\"ez-toc-section-end\"><\/span><\/h3>\n<ul class=\"uk-list\">\n<li class=\"element element-text\"><strong>Telefone: <\/strong> 292391000<\/li>\n<li class=\"element element-email\"><strong>E-Mail: <\/strong> <a href=\"mailto:cch@cineclube.org\">cch@cineclube.org<\/a><\/li>\n<\/ul>\n<h3><span class=\"ez-toc-section\" id=\"On_the_map\"><\/span>On the map<span class=\"ez-toc-section-end\"><\/span><\/h3>\n<p class=\"mapinfo\">Fill in your address into the address field below the map and the shortest route will be calculated.<\/p>\n<h2><span class=\"ez-toc-section\" id=\"Registo\"><\/span>Registo<span class=\"ez-toc-section-end\"><\/span><\/h2>\n<p>Os casinos online e casas de apostas desportivas t\u00eam m\u00e9todo de registo que s\u00e3o semelhantes entre si, mas que apresentam as suas particularidades. Em festadocinema.pt analisamos estas casas e comparamos a Bacana Play, a National Casino e a Betwinner:<\/p>\n<p>Na <a href=\"https:\/\/speed-casino.com\/casinos-online-portugal\/bacana-play\/\">bacana play portugal<\/a> pode-se registar e come\u00e7ar a jogar atrav\u00e9s do site ou aplica\u00e7\u00e3o da empresa. O procedimento \u00e9 simples e intuitivo. Dever\u00e1 carregar em \u201cBACANIZA-TE J\u00c1\u201d no canto superior direito da p\u00e1gina inicial. A a\u00e7\u00e3o ir\u00e1 gerar um pop-up onde \u00e9 necess\u00e1rio preencher os seus dados normais nestes processos tais como: \u201cnome pr\u00f3prio\u201d e \u201capelido\u201d, \u201cendere\u00e7o de e-mail\u201d, \u201cn\u00famero de telem\u00f3vel\u201d, \u201cNIF\u201d e \u201cpalavra-passe\u201d. Por fim, o procedimento o levar\u00e1 a ter de aceitar os Termos e Condi\u00e7\u00f5es da plataforma.<\/p>\n<p>Para a verifica\u00e7\u00e3o da conta ser\u00e1 necess\u00e1rio comprovar a identidade (com o cart\u00e3o de cidad\u00e3o ou passaporte), a sua morada e cart\u00e3o de cr\u00e9dito utilizado caso sejam efetuadas transa\u00e7\u00f5es com o mesmo. Posteriormente, poder\u00e1 aproveitar o <a href=\"https:\/\/speed-casino.com\/casinos-online-portugal\/bacana-play\/\">bacana play b\u00f3nus de boas vindas<\/a> na <a href=\"https:\/\/speed-casino.com\/casinos-online-portugal\/bacana-play\/\">app bacana play<\/a> ou no site.<\/p>\n","protected":false},"excerpt":{"rendered":"<p>Morada Morada: R. das Angustias, 66-1\u00ba C\u00f3digo Postal: 9901-997 Localidade: HORTA Contacto Telefone: 292391000 E-Mail: cch@cineclube.org On the map Fill in your address into the address field below the map and the shortest route will be calculated. Registo Os casinos online e casas de apostas desportivas t\u00eam m\u00e9todo de registo que s\u00e3o semelhantes entre si, [&hellip;]<\/p>\n","protected":false},"author":1,"featured_media":0,"parent":0,"menu_order":0,"comment_status":"closed","ping_status":"closed","template":"","meta":{"_acf_changed":false,"footnotes":""},"class_list":["post-262","page","type-page","status-publish","hentry"],"acf":[],"yoast_head":"<!-- This site is optimized with the Yoast SEO plugin v27.2 - https:\/\/yoast.com\/product\/yoast-seo-wordpress\/ -->\n<title>CINECLUBE DA HORTA - Festa do Cinema, 22, 23 e 24 de Maio com bilhetes a 2,5\u20ac em Portugal<\/title>\n<meta name=\"description\" content=\"Festa do Cinema em Portugal - evento em 22, 23 e 24 de maio de 2017 em todas as salas de cinema do pa\u00eds com bilhetes a \u20ac2,50, Twitter.com\/FestadoCinema, Facebook.com\/FestadoCinema https:\/\/speed-casino.com\/casinos-online-portugal\/A APEC (Associa\u00e7\u00e3o Portuguesa de Empresas Cinematogr\u00e1ficas) com o apoio do ICA (Instituto do Cinema e do Audiovisual) e dos distribuidores de conte\u00fados audiovisuais, representados pela FEVIP (Associa\u00e7\u00e3o de Defesa das Obras Audiovisuais) e GEDIPE (Associa\u00e7\u00e3o para a Gest\u00e3o de Direitos de Autor, Produtores e Editores) promovem, pela primeira vez em Portugal, a Festa do Cinema, disponibilizando bilhetes pelo valor unit\u00e1rio de 2,50\u20ac para o espetador assistir a qualquer um dos filmes em cartaz, durante os tr\u00eas dias do evento. Com cerca de 500 salas de cinema, totalizando 94.000 lugares, este ser\u00e1 o maior evento promocional cinematogr\u00e1fico alguma vez ocorrido em Portugal. A Festa do Cinema tem como mote promover o envolvimento do p\u00fablico com o acto cultural de assist\u00eancia cinematogr\u00e1fica em sala, uma pr\u00e1tica social por excel\u00eancia que queremos cada vez mais desenvolver no nosso mercado. powered by 7App.pt\" \/>\n<meta name=\"robots\" content=\"index, follow, max-snippet:-1, max-image-preview:large, max-video-preview:-1\" \/>\n<link rel=\"canonical\" href=\"https:\/\/speed-casino.com\/casinos-online-portugal\/cinemas-aderentes\/item\/cine-clube-da-horta\/\" \/>\n<meta property=\"og:locale\" content=\"pt_PT\" \/>\n<meta property=\"og:type\" content=\"article\" \/>\n<meta property=\"og:title\" content=\"CINECLUBE DA HORTA - Festa do Cinema, 22, 23 e 24 de Maio com bilhetes a 2,5\u20ac em Portugal\" \/>\n<meta property=\"og:description\" content=\"Festa do Cinema em Portugal - evento em 22, 23 e 24 de maio de 2017 em todas as salas de cinema do pa\u00eds com bilhetes a \u20ac2,50, Twitter.com\/FestadoCinema, Facebook.com\/FestadoCinema https:\/\/speed-casino.com\/casinos-online-portugal\/A APEC (Associa\u00e7\u00e3o Portuguesa de Empresas Cinematogr\u00e1ficas) com o apoio do ICA (Instituto do Cinema e do Audiovisual) e dos distribuidores de conte\u00fados audiovisuais, representados pela FEVIP (Associa\u00e7\u00e3o de Defesa das Obras Audiovisuais) e GEDIPE (Associa\u00e7\u00e3o para a Gest\u00e3o de Direitos de Autor, Produtores e Editores) promovem, pela primeira vez em Portugal, a Festa do Cinema, disponibilizando bilhetes pelo valor unit\u00e1rio de 2,50\u20ac para o espetador assistir a qualquer um dos filmes em cartaz, durante os tr\u00eas dias do evento. Com cerca de 500 salas de cinema, totalizando 94.000 lugares, este ser\u00e1 o maior evento promocional cinematogr\u00e1fico alguma vez ocorrido em Portugal. A Festa do Cinema tem como mote promover o envolvimento do p\u00fablico com o acto cultural de assist\u00eancia cinematogr\u00e1fica em sala, uma pr\u00e1tica social por excel\u00eancia que queremos cada vez mais desenvolver no nosso mercado. powered by 7App.pt\" \/>\n<meta property=\"og:url\" content=\"https:\/\/speed-casino.com\/casinos-online-portugal\/cinemas-aderentes\/item\/cine-clube-da-horta\/\" \/>\n<meta property=\"og:site_name\" content=\"Aplica\u00e7\u00e3o Mobile para Android &amp; iOS\" \/>\n<meta property=\"article:modified_time\" content=\"2022-12-15T19:54:33+00:00\" \/>\n<meta name=\"twitter:card\" content=\"summary_large_image\" \/>\n<meta name=\"twitter:label1\" content=\"Tempo estimado de leitura\" \/>\n\t<meta name=\"twitter:data1\" content=\"2 minutos\" \/>\n<script type=\"application\/ld+json\" class=\"yoast-schema-graph\">{\"@context\":\"https:\/\/schema.org\",\"@graph\":[{\"@type\":\"WebPage\",\"@id\":\"https:\/\/speed-casino.com\/casinos-online-portugal\/cinemas-aderentes\/item\/cine-clube-da-horta\/\",\"url\":\"https:\/\/speed-casino.com\/casinos-online-portugal\/cinemas-aderentes\/item\/cine-clube-da-horta\/\",\"name\":\"CINECLUBE DA HORTA - Festa do Cinema, 22, 23 e 24 de Maio com bilhetes a 2,5\u20ac em Portugal\",\"isPartOf\":{\"@id\":\"https:\/\/speed-casino.com\/casinos-online-portugal\/#website\"},\"datePublished\":\"2022-11-30T00:07:22+00:00\",\"dateModified\":\"2022-12-15T19:54:33+00:00\",\"description\":\"Festa do Cinema em Portugal - evento em 22, 23 e 24 de maio de 2017 em todas as salas de cinema do pa\u00eds com bilhetes a \u20ac2,50, Twitter.com\/FestadoCinema, Facebook.com\/FestadoCinema https:\/\/speed-casino.com\/casinos-online-portugal\/A APEC (Associa\u00e7\u00e3o Portuguesa de Empresas Cinematogr\u00e1ficas) com o apoio do ICA (Instituto do Cinema e do Audiovisual) e dos distribuidores de conte\u00fados audiovisuais, representados pela FEVIP (Associa\u00e7\u00e3o de Defesa das Obras Audiovisuais) e GEDIPE (Associa\u00e7\u00e3o para a Gest\u00e3o de Direitos de Autor, Produtores e Editores) promovem, pela primeira vez em Portugal, a Festa do Cinema, disponibilizando bilhetes pelo valor unit\u00e1rio de 2,50\u20ac para o espetador assistir a qualquer um dos filmes em cartaz, durante os tr\u00eas dias do evento. Com cerca de 500 salas de cinema, totalizando 94.000 lugares, este ser\u00e1 o maior evento promocional cinematogr\u00e1fico alguma vez ocorrido em Portugal. A Festa do Cinema tem como mote promover o envolvimento do p\u00fablico com o acto cultural de assist\u00eancia cinematogr\u00e1fica em sala, uma pr\u00e1tica social por excel\u00eancia que queremos cada vez mais desenvolver no nosso mercado. powered by 7App.pt\",\"breadcrumb\":{\"@id\":\"https:\/\/speed-casino.com\/casinos-online-portugal\/cinemas-aderentes\/item\/cine-clube-da-horta\/#breadcrumb\"},\"inLanguage\":\"pt-PT\",\"potentialAction\":[{\"@type\":\"ReadAction\",\"target\":[\"https:\/\/speed-casino.com\/casinos-online-portugal\/cinemas-aderentes\/item\/cine-clube-da-horta\/\"]}]},{\"@type\":\"BreadcrumbList\",\"@id\":\"https:\/\/speed-casino.com\/casinos-online-portugal\/cinemas-aderentes\/item\/cine-clube-da-horta\/#breadcrumb\",\"itemListElement\":[{\"@type\":\"ListItem\",\"position\":1,\"name\":\"Home\",\"item\":\"https:\/\/speed-casino.com\/casinos-online-portugal\/\"},{\"@type\":\"ListItem\",\"position\":2,\"name\":\"CINECLUBE DA HORTA\"}]},{\"@type\":\"WebSite\",\"@id\":\"https:\/\/speed-casino.com\/casinos-online-portugal\/#website\",\"url\":\"https:\/\/speed-casino.com\/casinos-online-portugal\/\",\"name\":\"Aplica\u00e7\u00e3o Mobile para Android &amp; iOS\",\"description\":\"\",\"publisher\":{\"@id\":\"https:\/\/speed-casino.com\/casinos-online-portugal\/#organization\"},\"potentialAction\":[{\"@type\":\"SearchAction\",\"target\":{\"@type\":\"EntryPoint\",\"urlTemplate\":\"https:\/\/speed-casino.com\/casinos-online-portugal\/?s={search_term_string}\"},\"query-input\":{\"@type\":\"PropertyValueSpecification\",\"valueRequired\":true,\"valueName\":\"search_term_string\"}}],\"inLanguage\":\"pt-PT\"},{\"@type\":\"Organization\",\"@id\":\"https:\/\/speed-casino.com\/casinos-online-portugal\/#organization\",\"name\":\"Aplica\u00e7\u00e3o Mobile para Android &amp; iOS\",\"url\":\"https:\/\/speed-casino.com\/casinos-online-portugal\/\",\"logo\":{\"@type\":\"ImageObject\",\"inLanguage\":\"pt-PT\",\"@id\":\"https:\/\/speed-casino.com\/casinos-online-portugal\/#\/schema\/logo\/image\/\",\"url\":\"https:\/\/speed-casino.com\/casinos-online-portugal\/wp-content\/uploads\/2022\/08\/logo_melhorappdeapostas.com_.png\",\"contentUrl\":\"https:\/\/speed-casino.com\/casinos-online-portugal\/wp-content\/uploads\/2022\/08\/logo_melhorappdeapostas.com_.png\",\"width\":200,\"height\":100,\"caption\":\"Aplica\u00e7\u00e3o Mobile para Android &amp; iOS\"},\"image\":{\"@id\":\"https:\/\/speed-casino.com\/casinos-online-portugal\/#\/schema\/logo\/image\/\"}}]}<\/script>\n<!-- \/ Yoast SEO plugin. -->","yoast_head_json":{"title":"CINECLUBE DA HORTA - Festa do Cinema, 22, 23 e 24 de Maio com bilhetes a 2,5\u20ac em Portugal","description":"Festa do Cinema em Portugal - evento em 22, 23 e 24 de maio de 2017 em todas as salas de cinema do pa\u00eds com bilhetes a \u20ac2,50, Twitter.com\/FestadoCinema, Facebook.com\/FestadoCinema https:\/\/speed-casino.com\/casinos-online-portugal\/A APEC (Associa\u00e7\u00e3o Portuguesa de Empresas Cinematogr\u00e1ficas) com o apoio do ICA (Instituto do Cinema e do Audiovisual) e dos distribuidores de conte\u00fados audiovisuais, representados pela FEVIP (Associa\u00e7\u00e3o de Defesa das Obras Audiovisuais) e GEDIPE (Associa\u00e7\u00e3o para a Gest\u00e3o de Direitos de Autor, Produtores e Editores) promovem, pela primeira vez em Portugal, a Festa do Cinema, disponibilizando bilhetes pelo valor unit\u00e1rio de 2,50\u20ac para o espetador assistir a qualquer um dos filmes em cartaz, durante os tr\u00eas dias do evento. Com cerca de 500 salas de cinema, totalizando 94.000 lugares, este ser\u00e1 o maior evento promocional cinematogr\u00e1fico alguma vez ocorrido em Portugal. A Festa do Cinema tem como mote promover o envolvimento do p\u00fablico com o acto cultural de assist\u00eancia cinematogr\u00e1fica em sala, uma pr\u00e1tica social por excel\u00eancia que queremos cada vez mais desenvolver no nosso mercado. powered by 7App.pt","robots":{"index":"index","follow":"follow","max-snippet":"max-snippet:-1","max-image-preview":"max-image-preview:large","max-video-preview":"max-video-preview:-1"},"canonical":"https:\/\/speed-casino.com\/casinos-online-portugal\/cinemas-aderentes\/item\/cine-clube-da-horta\/","og_locale":"pt_PT","og_type":"article","og_title":"CINECLUBE DA HORTA - Festa do Cinema, 22, 23 e 24 de Maio com bilhetes a 2,5\u20ac em Portugal","og_description":"Festa do Cinema em Portugal - evento em 22, 23 e 24 de maio de 2017 em todas as salas de cinema do pa\u00eds com bilhetes a \u20ac2,50, Twitter.com\/FestadoCinema, Facebook.com\/FestadoCinema https:\/\/speed-casino.com\/casinos-online-portugal\/A APEC (Associa\u00e7\u00e3o Portuguesa de Empresas Cinematogr\u00e1ficas) com o apoio do ICA (Instituto do Cinema e do Audiovisual) e dos distribuidores de conte\u00fados audiovisuais, representados pela FEVIP (Associa\u00e7\u00e3o de Defesa das Obras Audiovisuais) e GEDIPE (Associa\u00e7\u00e3o para a Gest\u00e3o de Direitos de Autor, Produtores e Editores) promovem, pela primeira vez em Portugal, a Festa do Cinema, disponibilizando bilhetes pelo valor unit\u00e1rio de 2,50\u20ac para o espetador assistir a qualquer um dos filmes em cartaz, durante os tr\u00eas dias do evento. Com cerca de 500 salas de cinema, totalizando 94.000 lugares, este ser\u00e1 o maior evento promocional cinematogr\u00e1fico alguma vez ocorrido em Portugal. A Festa do Cinema tem como mote promover o envolvimento do p\u00fablico com o acto cultural de assist\u00eancia cinematogr\u00e1fica em sala, uma pr\u00e1tica social por excel\u00eancia que queremos cada vez mais desenvolver no nosso mercado. powered by 7App.pt","og_url":"https:\/\/speed-casino.com\/casinos-online-portugal\/cinemas-aderentes\/item\/cine-clube-da-horta\/","og_site_name":"Aplica\u00e7\u00e3o Mobile para Android &amp; iOS","article_modified_time":"2022-12-15T19:54:33+00:00","twitter_card":"summary_large_image","twitter_misc":{"Tempo estimado de leitura":"2 minutos"},"schema":{"@context":"https:\/\/schema.org","@graph":[{"@type":"WebPage","@id":"https:\/\/speed-casino.com\/casinos-online-portugal\/cinemas-aderentes\/item\/cine-clube-da-horta\/","url":"https:\/\/speed-casino.com\/casinos-online-portugal\/cinemas-aderentes\/item\/cine-clube-da-horta\/","name":"CINECLUBE DA HORTA - Festa do Cinema, 22, 23 e 24 de Maio com bilhetes a 2,5\u20ac em Portugal","isPartOf":{"@id":"https:\/\/speed-casino.com\/casinos-online-portugal\/#website"},"datePublished":"2022-11-30T00:07:22+00:00","dateModified":"2022-12-15T19:54:33+00:00","description":"Festa do Cinema em Portugal - evento em 22, 23 e 24 de maio de 2017 em todas as salas de cinema do pa\u00eds com bilhetes a \u20ac2,50, Twitter.com\/FestadoCinema, Facebook.com\/FestadoCinema https:\/\/speed-casino.com\/casinos-online-portugal\/A APEC (Associa\u00e7\u00e3o Portuguesa de Empresas Cinematogr\u00e1ficas) com o apoio do ICA (Instituto do Cinema e do Audiovisual) e dos distribuidores de conte\u00fados audiovisuais, representados pela FEVIP (Associa\u00e7\u00e3o de Defesa das Obras Audiovisuais) e GEDIPE (Associa\u00e7\u00e3o para a Gest\u00e3o de Direitos de Autor, Produtores e Editores) promovem, pela primeira vez em Portugal, a Festa do Cinema, disponibilizando bilhetes pelo valor unit\u00e1rio de 2,50\u20ac para o espetador assistir a qualquer um dos filmes em cartaz, durante os tr\u00eas dias do evento. Com cerca de 500 salas de cinema, totalizando 94.000 lugares, este ser\u00e1 o maior evento promocional cinematogr\u00e1fico alguma vez ocorrido em Portugal. A Festa do Cinema tem como mote promover o envolvimento do p\u00fablico com o acto cultural de assist\u00eancia cinematogr\u00e1fica em sala, uma pr\u00e1tica social por excel\u00eancia que queremos cada vez mais desenvolver no nosso mercado. powered by 7App.pt","breadcrumb":{"@id":"https:\/\/speed-casino.com\/casinos-online-portugal\/cinemas-aderentes\/item\/cine-clube-da-horta\/#breadcrumb"},"inLanguage":"pt-PT","potentialAction":[{"@type":"ReadAction","target":["https:\/\/speed-casino.com\/casinos-online-portugal\/cinemas-aderentes\/item\/cine-clube-da-horta\/"]}]},{"@type":"BreadcrumbList","@id":"https:\/\/speed-casino.com\/casinos-online-portugal\/cinemas-aderentes\/item\/cine-clube-da-horta\/#breadcrumb","itemListElement":[{"@type":"ListItem","position":1,"name":"Home","item":"https:\/\/speed-casino.com\/casinos-online-portugal\/"},{"@type":"ListItem","position":2,"name":"CINECLUBE DA HORTA"}]},{"@type":"WebSite","@id":"https:\/\/speed-casino.com\/casinos-online-portugal\/#website","url":"https:\/\/speed-casino.com\/casinos-online-portugal\/","name":"Aplica\u00e7\u00e3o Mobile para Android &amp; iOS","description":"","publisher":{"@id":"https:\/\/speed-casino.com\/casinos-online-portugal\/#organization"},"potentialAction":[{"@type":"SearchAction","target":{"@type":"EntryPoint","urlTemplate":"https:\/\/speed-casino.com\/casinos-online-portugal\/?s={search_term_string}"},"query-input":{"@type":"PropertyValueSpecification","valueRequired":true,"valueName":"search_term_string"}}],"inLanguage":"pt-PT"},{"@type":"Organization","@id":"https:\/\/speed-casino.com\/casinos-online-portugal\/#organization","name":"Aplica\u00e7\u00e3o Mobile para Android &amp; iOS","url":"https:\/\/speed-casino.com\/casinos-online-portugal\/","logo":{"@type":"ImageObject","inLanguage":"pt-PT","@id":"https:\/\/speed-casino.com\/casinos-online-portugal\/#\/schema\/logo\/image\/","url":"https:\/\/speed-casino.com\/casinos-online-portugal\/wp-content\/uploads\/2022\/08\/logo_melhorappdeapostas.com_.png","contentUrl":"https:\/\/speed-casino.com\/casinos-online-portugal\/wp-content\/uploads\/2022\/08\/logo_melhorappdeapostas.com_.png","width":200,"height":100,"caption":"Aplica\u00e7\u00e3o Mobile para Android &amp; iOS"},"image":{"@id":"https:\/\/speed-casino.com\/casinos-online-portugal\/#\/schema\/logo\/image\/"}}]}},"_links":{"self":[{"href":"https:\/\/speed-casino.com\/casinos-online-portugal\/wp-json\/wp\/v2\/pages\/262","targetHints":{"allow":["GET"]}}],"collection":[{"href":"https:\/\/speed-casino.com\/casinos-online-portugal\/wp-json\/wp\/v2\/pages"}],"about":[{"href":"https:\/\/speed-casino.com\/casinos-online-portugal\/wp-json\/wp\/v2\/types\/page"}],"author":[{"embeddable":true,"href":"https:\/\/speed-casino.com\/casinos-online-portugal\/wp-json\/wp\/v2\/users\/1"}],"replies":[{"embeddable":true,"href":"https:\/\/speed-casino.com\/casinos-online-portugal\/wp-json\/wp\/v2\/comments?post=262"}],"version-history":[{"count":3,"href":"https:\/\/speed-casino.com\/casinos-online-portugal\/wp-json\/wp\/v2\/pages\/262\/revisions"}],"predecessor-version":[{"id":317,"href":"https:\/\/speed-casino.com\/casinos-online-portugal\/wp-json\/wp\/v2\/pages\/262\/revisions\/317"}],"wp:attachment":[{"href":"https:\/\/speed-casino.com\/casinos-online-portugal\/wp-json\/wp\/v2\/media?parent=262"}],"curies":[{"name":"wp","href":"https:\/\/api.w.org\/{rel}","templated":true}]}}