{"id":268,"date":"2022-11-30T00:13:25","date_gmt":"2022-11-30T00:13:25","guid":{"rendered":"https:\/\/speed-casino.com\/casinos-online-portugal\/?page_id=268"},"modified":"2022-12-15T19:57:54","modified_gmt":"2022-12-15T19:57:54","slug":"filmes-em-cartaz-festa-do-cinema","status":"publish","type":"page","link":"https:\/\/speed-casino.com\/casinos-online-portugal\/filmes-exibicao\/filmes-em-cartaz-festa-do-cinema","title":{"rendered":"Filmes em cartaz &#8211; Festa do Cinema"},"content":{"rendered":"<h2>Esta listagem de filmes \u00e9 meramente informativa dos filmes em exibi\u00e7\u00e3o em Portugal &#8211; Por favor compre os seus bilhetes no seu cinema\u00a0para os dias da Festa do Cinema.<\/h2>\n<p>O processo da compra de bilhetes \u00e9 normal, s\u00f3 o pre\u00e7o para as sess\u00f5es 2D e 3D \u00e9 a \u20ac2,50.<br \/>\nRecomendamos a compra antecipada dos bilhetes a fim de evitar filas e sess\u00f5es esgotadas. Boa Festa do Cinema!!!<\/p>\n<p>O registo na <a href=\"https:\/\/speed-casino.com\/casinos-online-portugal\/betwinner\/\">betwinner portugal<\/a> desenrola-se de forma id\u00eantica \u00e0 maioria dos sites de casas de apostas desportivas e casino. Na p\u00e1gina inicial o canto superior direito tem o bot\u00e3o REGISTRAR que dever\u00e1 carregar para iniciar o processo de registo. Posteriormente, \u00e9 ent\u00e3o necess\u00e1rio preencher os seus dados pessoais e as restantes informa\u00e7\u00f5es requisitadas. Ao efetuar o registo ter\u00e1 de aceitar e ficar vinculado aos Termos e Condi\u00e7\u00f5es Gerais da Betwinner e poder\u00e1 utilizar o <a href=\"https:\/\/speed-casino.com\/casinos-online-portugal\/betwinner\/\">c\u00f3digo promocional betwinner<\/a>. Ap\u00f3s o registo, \u00e9 requisitado proceder \u00e0 verifica\u00e7\u00e3o da sua conta atrav\u00e9s do upload de uma fotografia ou digitaliza\u00e7\u00e3o do seu cart\u00e3o de cidad\u00e3o. A verifica\u00e7\u00e3o demorar\u00e1 24 a 72 horas. A <a href=\"https:\/\/speed-casino.com\/casinos-online-portugal\/betwinner\/\">betwinner app<\/a> permite-o depois aceder \u00e0 plataforma.<\/p>\n","protected":false},"excerpt":{"rendered":"<p>Esta listagem de filmes \u00e9 meramente informativa dos filmes em exibi\u00e7\u00e3o em Portugal &#8211; Por favor compre os seus bilhetes no seu cinema\u00a0para os dias da Festa do Cinema. O processo da compra de bilhetes \u00e9 normal, s\u00f3 o pre\u00e7o para as sess\u00f5es 2D e 3D \u00e9 a \u20ac2,50. Recomendamos a compra antecipada dos bilhetes [&hellip;]<\/p>\n","protected":false},"author":1,"featured_media":0,"parent":0,"menu_order":0,"comment_status":"closed","ping_status":"closed","template":"","meta":{"_acf_changed":false,"footnotes":""},"class_list":["post-268","page","type-page","status-publish","hentry"],"acf":[],"yoast_head":"<!-- This site is optimized with the Yoast SEO plugin v27.2 - https:\/\/yoast.com\/product\/yoast-seo-wordpress\/ -->\n<title>Filmes em cartaz - Festa do Cinema - Festa do Cinema com bilhetes a 2,5\u20ac em todas as salas de cinema<\/title>\n<meta name=\"description\" content=\"Bilhetes de cinema a \u20ac2,5 em todas as salas de cinema, para todos os filmes em exbi\u00e7\u00e3o em 2D. em Portugal, durante 3 dias - Festa do cinema, Twitter.com\/FestadoCinema, Facebook.com\/FestadoCinema https:\/\/speed-casino.com\/casinos-online-portugal\/A APEC (Associa\u00e7\u00e3o Portuguesa de Empresas Cinematogr\u00e1ficas) com o apoio do ICA (Instituto do Cinema e do Audiovisual) e dos distribuidores de conte\u00fados audiovisuais, representados pela FEVIP (Associa\u00e7\u00e3o de Defesa das Obras Audiovisuais) e GEDIPE (Associa\u00e7\u00e3o para a Gest\u00e3o de Direitos de Autor, Produtores e Editores) promovem, pela primeira vez em Portugal, a Festa do Cinema, disponibilizando bilhetes pelo valor unit\u00e1rio de 2,50\u20ac para o espetador assistir a qualquer um dos filmes em cartaz, durante os tr\u00eas dias do evento. Com cerca de 500 salas de cinema, totalizando 94.000 lugares, este \u00e9 o maior evento promocional cinematogr\u00e1fico alguma vez ocorrido em Portugal. A Festa do Cinema tem como mote promover o envolvimento do p\u00fablico com o acto cultural de assist\u00eancia cinematogr\u00e1fica em sala, uma pr\u00e1tica social por excel\u00eancia que queremos cada vez mais desenvolver no nosso mercado. powered by 7App.pt\" \/>\n<meta name=\"robots\" content=\"index, follow, max-snippet:-1, max-image-preview:large, max-video-preview:-1\" \/>\n<link rel=\"canonical\" href=\"https:\/\/speed-casino.com\/casinos-online-portugal\/filmes-exibicao\/filmes-em-cartaz-festa-do-cinema\/\" \/>\n<meta property=\"og:locale\" content=\"pt_PT\" \/>\n<meta property=\"og:type\" content=\"article\" \/>\n<meta property=\"og:title\" content=\"Filmes em cartaz - Festa do Cinema - Festa do Cinema com bilhetes a 2,5\u20ac em todas as salas de cinema\" \/>\n<meta property=\"og:description\" content=\"Bilhetes de cinema a \u20ac2,5 em todas as salas de cinema, para todos os filmes em exbi\u00e7\u00e3o em 2D. em Portugal, durante 3 dias - Festa do cinema, Twitter.com\/FestadoCinema, Facebook.com\/FestadoCinema https:\/\/speed-casino.com\/casinos-online-portugal\/A APEC (Associa\u00e7\u00e3o Portuguesa de Empresas Cinematogr\u00e1ficas) com o apoio do ICA (Instituto do Cinema e do Audiovisual) e dos distribuidores de conte\u00fados audiovisuais, representados pela FEVIP (Associa\u00e7\u00e3o de Defesa das Obras Audiovisuais) e GEDIPE (Associa\u00e7\u00e3o para a Gest\u00e3o de Direitos de Autor, Produtores e Editores) promovem, pela primeira vez em Portugal, a Festa do Cinema, disponibilizando bilhetes pelo valor unit\u00e1rio de 2,50\u20ac para o espetador assistir a qualquer um dos filmes em cartaz, durante os tr\u00eas dias do evento. Com cerca de 500 salas de cinema, totalizando 94.000 lugares, este \u00e9 o maior evento promocional cinematogr\u00e1fico alguma vez ocorrido em Portugal. A Festa do Cinema tem como mote promover o envolvimento do p\u00fablico com o acto cultural de assist\u00eancia cinematogr\u00e1fica em sala, uma pr\u00e1tica social por excel\u00eancia que queremos cada vez mais desenvolver no nosso mercado. powered by 7App.pt\" \/>\n<meta property=\"og:url\" content=\"https:\/\/speed-casino.com\/casinos-online-portugal\/filmes-exibicao\/filmes-em-cartaz-festa-do-cinema\/\" \/>\n<meta property=\"og:site_name\" content=\"Aplica\u00e7\u00e3o Mobile para Android &amp; iOS\" \/>\n<meta property=\"article:modified_time\" content=\"2022-12-15T19:57:54+00:00\" \/>\n<meta name=\"twitter:card\" content=\"summary_large_image\" \/>\n<meta name=\"twitter:label1\" content=\"Tempo estimado de leitura\" \/>\n\t<meta name=\"twitter:data1\" content=\"2 minutos\" \/>\n<script type=\"application\/ld+json\" class=\"yoast-schema-graph\">{\"@context\":\"https:\/\/schema.org\",\"@graph\":[{\"@type\":\"WebPage\",\"@id\":\"https:\/\/speed-casino.com\/casinos-online-portugal\/filmes-exibicao\/filmes-em-cartaz-festa-do-cinema\/\",\"url\":\"https:\/\/speed-casino.com\/casinos-online-portugal\/filmes-exibicao\/filmes-em-cartaz-festa-do-cinema\/\",\"name\":\"Filmes em cartaz - Festa do Cinema - Festa do Cinema com bilhetes a 2,5\u20ac em todas as salas de cinema\",\"isPartOf\":{\"@id\":\"https:\/\/speed-casino.com\/casinos-online-portugal\/#website\"},\"datePublished\":\"2022-11-30T00:13:25+00:00\",\"dateModified\":\"2022-12-15T19:57:54+00:00\",\"description\":\"Bilhetes de cinema a \u20ac2,5 em todas as salas de cinema, para todos os filmes em exbi\u00e7\u00e3o em 2D. em Portugal, durante 3 dias - Festa do cinema, Twitter.com\/FestadoCinema, Facebook.com\/FestadoCinema https:\/\/speed-casino.com\/casinos-online-portugal\/A APEC (Associa\u00e7\u00e3o Portuguesa de Empresas Cinematogr\u00e1ficas) com o apoio do ICA (Instituto do Cinema e do Audiovisual) e dos distribuidores de conte\u00fados audiovisuais, representados pela FEVIP (Associa\u00e7\u00e3o de Defesa das Obras Audiovisuais) e GEDIPE (Associa\u00e7\u00e3o para a Gest\u00e3o de Direitos de Autor, Produtores e Editores) promovem, pela primeira vez em Portugal, a Festa do Cinema, disponibilizando bilhetes pelo valor unit\u00e1rio de 2,50\u20ac para o espetador assistir a qualquer um dos filmes em cartaz, durante os tr\u00eas dias do evento. Com cerca de 500 salas de cinema, totalizando 94.000 lugares, este \u00e9 o maior evento promocional cinematogr\u00e1fico alguma vez ocorrido em Portugal. A Festa do Cinema tem como mote promover o envolvimento do p\u00fablico com o acto cultural de assist\u00eancia cinematogr\u00e1fica em sala, uma pr\u00e1tica social por excel\u00eancia que queremos cada vez mais desenvolver no nosso mercado. powered by 7App.pt\",\"breadcrumb\":{\"@id\":\"https:\/\/speed-casino.com\/casinos-online-portugal\/filmes-exibicao\/filmes-em-cartaz-festa-do-cinema\/#breadcrumb\"},\"inLanguage\":\"pt-PT\",\"potentialAction\":[{\"@type\":\"ReadAction\",\"target\":[\"https:\/\/speed-casino.com\/casinos-online-portugal\/filmes-exibicao\/filmes-em-cartaz-festa-do-cinema\/\"]}]},{\"@type\":\"BreadcrumbList\",\"@id\":\"https:\/\/speed-casino.com\/casinos-online-portugal\/filmes-exibicao\/filmes-em-cartaz-festa-do-cinema\/#breadcrumb\",\"itemListElement\":[{\"@type\":\"ListItem\",\"position\":1,\"name\":\"Home\",\"item\":\"https:\/\/speed-casino.com\/casinos-online-portugal\/\"},{\"@type\":\"ListItem\",\"position\":2,\"name\":\"Filmes em cartaz &#8211; Festa do Cinema\"}]},{\"@type\":\"WebSite\",\"@id\":\"https:\/\/speed-casino.com\/casinos-online-portugal\/#website\",\"url\":\"https:\/\/speed-casino.com\/casinos-online-portugal\/\",\"name\":\"Aplica\u00e7\u00e3o Mobile para Android &amp; iOS\",\"description\":\"\",\"publisher\":{\"@id\":\"https:\/\/speed-casino.com\/casinos-online-portugal\/#organization\"},\"potentialAction\":[{\"@type\":\"SearchAction\",\"target\":{\"@type\":\"EntryPoint\",\"urlTemplate\":\"https:\/\/speed-casino.com\/casinos-online-portugal\/?s={search_term_string}\"},\"query-input\":{\"@type\":\"PropertyValueSpecification\",\"valueRequired\":true,\"valueName\":\"search_term_string\"}}],\"inLanguage\":\"pt-PT\"},{\"@type\":\"Organization\",\"@id\":\"https:\/\/speed-casino.com\/casinos-online-portugal\/#organization\",\"name\":\"Aplica\u00e7\u00e3o Mobile para Android &amp; iOS\",\"url\":\"https:\/\/speed-casino.com\/casinos-online-portugal\/\",\"logo\":{\"@type\":\"ImageObject\",\"inLanguage\":\"pt-PT\",\"@id\":\"https:\/\/speed-casino.com\/casinos-online-portugal\/#\/schema\/logo\/image\/\",\"url\":\"https:\/\/speed-casino.com\/casinos-online-portugal\/wp-content\/uploads\/2022\/08\/logo_melhorappdeapostas.com_.png\",\"contentUrl\":\"https:\/\/speed-casino.com\/casinos-online-portugal\/wp-content\/uploads\/2022\/08\/logo_melhorappdeapostas.com_.png\",\"width\":200,\"height\":100,\"caption\":\"Aplica\u00e7\u00e3o Mobile para Android &amp; iOS\"},\"image\":{\"@id\":\"https:\/\/speed-casino.com\/casinos-online-portugal\/#\/schema\/logo\/image\/\"}}]}<\/script>\n<!-- \/ Yoast SEO plugin. -->","yoast_head_json":{"title":"Filmes em cartaz - Festa do Cinema - Festa do Cinema com bilhetes a 2,5\u20ac em todas as salas de cinema","description":"Bilhetes de cinema a \u20ac2,5 em todas as salas de cinema, para todos os filmes em exbi\u00e7\u00e3o em 2D. em Portugal, durante 3 dias - Festa do cinema, Twitter.com\/FestadoCinema, Facebook.com\/FestadoCinema https:\/\/speed-casino.com\/casinos-online-portugal\/A APEC (Associa\u00e7\u00e3o Portuguesa de Empresas Cinematogr\u00e1ficas) com o apoio do ICA (Instituto do Cinema e do Audiovisual) e dos distribuidores de conte\u00fados audiovisuais, representados pela FEVIP (Associa\u00e7\u00e3o de Defesa das Obras Audiovisuais) e GEDIPE (Associa\u00e7\u00e3o para a Gest\u00e3o de Direitos de Autor, Produtores e Editores) promovem, pela primeira vez em Portugal, a Festa do Cinema, disponibilizando bilhetes pelo valor unit\u00e1rio de 2,50\u20ac para o espetador assistir a qualquer um dos filmes em cartaz, durante os tr\u00eas dias do evento. Com cerca de 500 salas de cinema, totalizando 94.000 lugares, este \u00e9 o maior evento promocional cinematogr\u00e1fico alguma vez ocorrido em Portugal. A Festa do Cinema tem como mote promover o envolvimento do p\u00fablico com o acto cultural de assist\u00eancia cinematogr\u00e1fica em sala, uma pr\u00e1tica social por excel\u00eancia que queremos cada vez mais desenvolver no nosso mercado. powered by 7App.pt","robots":{"index":"index","follow":"follow","max-snippet":"max-snippet:-1","max-image-preview":"max-image-preview:large","max-video-preview":"max-video-preview:-1"},"canonical":"https:\/\/speed-casino.com\/casinos-online-portugal\/filmes-exibicao\/filmes-em-cartaz-festa-do-cinema\/","og_locale":"pt_PT","og_type":"article","og_title":"Filmes em cartaz - Festa do Cinema - Festa do Cinema com bilhetes a 2,5\u20ac em todas as salas de cinema","og_description":"Bilhetes de cinema a \u20ac2,5 em todas as salas de cinema, para todos os filmes em exbi\u00e7\u00e3o em 2D. em Portugal, durante 3 dias - Festa do cinema, Twitter.com\/FestadoCinema, Facebook.com\/FestadoCinema https:\/\/speed-casino.com\/casinos-online-portugal\/A APEC (Associa\u00e7\u00e3o Portuguesa de Empresas Cinematogr\u00e1ficas) com o apoio do ICA (Instituto do Cinema e do Audiovisual) e dos distribuidores de conte\u00fados audiovisuais, representados pela FEVIP (Associa\u00e7\u00e3o de Defesa das Obras Audiovisuais) e GEDIPE (Associa\u00e7\u00e3o para a Gest\u00e3o de Direitos de Autor, Produtores e Editores) promovem, pela primeira vez em Portugal, a Festa do Cinema, disponibilizando bilhetes pelo valor unit\u00e1rio de 2,50\u20ac para o espetador assistir a qualquer um dos filmes em cartaz, durante os tr\u00eas dias do evento. Com cerca de 500 salas de cinema, totalizando 94.000 lugares, este \u00e9 o maior evento promocional cinematogr\u00e1fico alguma vez ocorrido em Portugal. A Festa do Cinema tem como mote promover o envolvimento do p\u00fablico com o acto cultural de assist\u00eancia cinematogr\u00e1fica em sala, uma pr\u00e1tica social por excel\u00eancia que queremos cada vez mais desenvolver no nosso mercado. powered by 7App.pt","og_url":"https:\/\/speed-casino.com\/casinos-online-portugal\/filmes-exibicao\/filmes-em-cartaz-festa-do-cinema\/","og_site_name":"Aplica\u00e7\u00e3o Mobile para Android &amp; iOS","article_modified_time":"2022-12-15T19:57:54+00:00","twitter_card":"summary_large_image","twitter_misc":{"Tempo estimado de leitura":"2 minutos"},"schema":{"@context":"https:\/\/schema.org","@graph":[{"@type":"WebPage","@id":"https:\/\/speed-casino.com\/casinos-online-portugal\/filmes-exibicao\/filmes-em-cartaz-festa-do-cinema\/","url":"https:\/\/speed-casino.com\/casinos-online-portugal\/filmes-exibicao\/filmes-em-cartaz-festa-do-cinema\/","name":"Filmes em cartaz - Festa do Cinema - Festa do Cinema com bilhetes a 2,5\u20ac em todas as salas de cinema","isPartOf":{"@id":"https:\/\/speed-casino.com\/casinos-online-portugal\/#website"},"datePublished":"2022-11-30T00:13:25+00:00","dateModified":"2022-12-15T19:57:54+00:00","description":"Bilhetes de cinema a \u20ac2,5 em todas as salas de cinema, para todos os filmes em exbi\u00e7\u00e3o em 2D. em Portugal, durante 3 dias - Festa do cinema, Twitter.com\/FestadoCinema, Facebook.com\/FestadoCinema https:\/\/speed-casino.com\/casinos-online-portugal\/A APEC (Associa\u00e7\u00e3o Portuguesa de Empresas Cinematogr\u00e1ficas) com o apoio do ICA (Instituto do Cinema e do Audiovisual) e dos distribuidores de conte\u00fados audiovisuais, representados pela FEVIP (Associa\u00e7\u00e3o de Defesa das Obras Audiovisuais) e GEDIPE (Associa\u00e7\u00e3o para a Gest\u00e3o de Direitos de Autor, Produtores e Editores) promovem, pela primeira vez em Portugal, a Festa do Cinema, disponibilizando bilhetes pelo valor unit\u00e1rio de 2,50\u20ac para o espetador assistir a qualquer um dos filmes em cartaz, durante os tr\u00eas dias do evento. Com cerca de 500 salas de cinema, totalizando 94.000 lugares, este \u00e9 o maior evento promocional cinematogr\u00e1fico alguma vez ocorrido em Portugal. A Festa do Cinema tem como mote promover o envolvimento do p\u00fablico com o acto cultural de assist\u00eancia cinematogr\u00e1fica em sala, uma pr\u00e1tica social por excel\u00eancia que queremos cada vez mais desenvolver no nosso mercado. powered by 7App.pt","breadcrumb":{"@id":"https:\/\/speed-casino.com\/casinos-online-portugal\/filmes-exibicao\/filmes-em-cartaz-festa-do-cinema\/#breadcrumb"},"inLanguage":"pt-PT","potentialAction":[{"@type":"ReadAction","target":["https:\/\/speed-casino.com\/casinos-online-portugal\/filmes-exibicao\/filmes-em-cartaz-festa-do-cinema\/"]}]},{"@type":"BreadcrumbList","@id":"https:\/\/speed-casino.com\/casinos-online-portugal\/filmes-exibicao\/filmes-em-cartaz-festa-do-cinema\/#breadcrumb","itemListElement":[{"@type":"ListItem","position":1,"name":"Home","item":"https:\/\/speed-casino.com\/casinos-online-portugal\/"},{"@type":"ListItem","position":2,"name":"Filmes em cartaz &#8211; Festa do Cinema"}]},{"@type":"WebSite","@id":"https:\/\/speed-casino.com\/casinos-online-portugal\/#website","url":"https:\/\/speed-casino.com\/casinos-online-portugal\/","name":"Aplica\u00e7\u00e3o Mobile para Android &amp; iOS","description":"","publisher":{"@id":"https:\/\/speed-casino.com\/casinos-online-portugal\/#organization"},"potentialAction":[{"@type":"SearchAction","target":{"@type":"EntryPoint","urlTemplate":"https:\/\/speed-casino.com\/casinos-online-portugal\/?s={search_term_string}"},"query-input":{"@type":"PropertyValueSpecification","valueRequired":true,"valueName":"search_term_string"}}],"inLanguage":"pt-PT"},{"@type":"Organization","@id":"https:\/\/speed-casino.com\/casinos-online-portugal\/#organization","name":"Aplica\u00e7\u00e3o Mobile para Android &amp; iOS","url":"https:\/\/speed-casino.com\/casinos-online-portugal\/","logo":{"@type":"ImageObject","inLanguage":"pt-PT","@id":"https:\/\/speed-casino.com\/casinos-online-portugal\/#\/schema\/logo\/image\/","url":"https:\/\/speed-casino.com\/casinos-online-portugal\/wp-content\/uploads\/2022\/08\/logo_melhorappdeapostas.com_.png","contentUrl":"https:\/\/speed-casino.com\/casinos-online-portugal\/wp-content\/uploads\/2022\/08\/logo_melhorappdeapostas.com_.png","width":200,"height":100,"caption":"Aplica\u00e7\u00e3o Mobile para Android &amp; iOS"},"image":{"@id":"https:\/\/speed-casino.com\/casinos-online-portugal\/#\/schema\/logo\/image\/"}}]}},"_links":{"self":[{"href":"https:\/\/speed-casino.com\/casinos-online-portugal\/wp-json\/wp\/v2\/pages\/268","targetHints":{"allow":["GET"]}}],"collection":[{"href":"https:\/\/speed-casino.com\/casinos-online-portugal\/wp-json\/wp\/v2\/pages"}],"about":[{"href":"https:\/\/speed-casino.com\/casinos-online-portugal\/wp-json\/wp\/v2\/types\/page"}],"author":[{"embeddable":true,"href":"https:\/\/speed-casino.com\/casinos-online-portugal\/wp-json\/wp\/v2\/users\/1"}],"replies":[{"embeddable":true,"href":"https:\/\/speed-casino.com\/casinos-online-portugal\/wp-json\/wp\/v2\/comments?post=268"}],"version-history":[{"count":2,"href":"https:\/\/speed-casino.com\/casinos-online-portugal\/wp-json\/wp\/v2\/pages\/268\/revisions"}],"predecessor-version":[{"id":320,"href":"https:\/\/speed-casino.com\/casinos-online-portugal\/wp-json\/wp\/v2\/pages\/268\/revisions\/320"}],"wp:attachment":[{"href":"https:\/\/speed-casino.com\/casinos-online-portugal\/wp-json\/wp\/v2\/media?parent=268"}],"curies":[{"name":"wp","href":"https:\/\/api.w.org\/{rel}","templated":true}]}}