{"id":276,"date":"2022-11-30T00:25:56","date_gmt":"2022-11-30T00:25:56","guid":{"rendered":"https:\/\/speed-casino.com\/casinos-online-portugal\/?page_id=276"},"modified":"2022-12-15T20:04:34","modified_gmt":"2022-12-15T20:04:34","slug":"atlantida-cine","status":"publish","type":"page","link":"https:\/\/speed-casino.com\/casinos-online-portugal\/cinemas-aderentes\/item\/atlantida-cine","title":{"rendered":"Atl\u00e2ntida Cine"},"content":{"rendered":"<p>Localidade Carcavelos<\/p>\n<div id=\"ez-toc-container\" class=\"ez-toc-v2_0_82_1 ez-toc-wrap-center counter-hierarchy ez-toc-counter ez-toc-grey ez-toc-container-direction\">\n<div class=\"ez-toc-title-container\">\n<p class=\"ez-toc-title\" style=\"cursor:inherit\">\u00cdndice<\/p>\n<span class=\"ez-toc-title-toggle\"><a href=\"#\" class=\"ez-toc-pull-right ez-toc-btn ez-toc-btn-xs ez-toc-btn-default ez-toc-toggle\" aria-label=\"Toggle Table of Content\"><span class=\"ez-toc-js-icon-con\"><span class=\"\"><span class=\"eztoc-hide\" style=\"display:none;\">Toggle<\/span><span class=\"ez-toc-icon-toggle-span\"><svg style=\"fill: #999;color:#999\" xmlns=\"http:\/\/www.w3.org\/2000\/svg\" class=\"list-377408\" width=\"20px\" height=\"20px\" viewBox=\"0 0 24 24\" fill=\"none\"><path d=\"M6 6H4v2h2V6zm14 0H8v2h12V6zM4 11h2v2H4v-2zm16 0H8v2h12v-2zM4 16h2v2H4v-2zm16 0H8v2h12v-2z\" fill=\"currentColor\"><\/path><\/svg><svg style=\"fill: #999;color:#999\" class=\"arrow-unsorted-368013\" xmlns=\"http:\/\/www.w3.org\/2000\/svg\" width=\"10px\" height=\"10px\" viewBox=\"0 0 24 24\" version=\"1.2\" baseProfile=\"tiny\"><path d=\"M18.2 9.3l-6.2-6.3-6.2 6.3c-.2.2-.3.4-.3.7s.1.5.3.7c.2.2.4.3.7.3h11c.3 0 .5-.1.7-.3.2-.2.3-.5.3-.7s-.1-.5-.3-.7zM5.8 14.7l6.2 6.3 6.2-6.3c.2-.2.3-.5.3-.7s-.1-.5-.3-.7c-.2-.2-.4-.3-.7-.3h-11c-.3 0-.5.1-.7.3-.2.2-.3.5-.3.7s.1.5.3.7z\"\/><\/svg><\/span><\/span><\/span><\/a><\/span><\/div>\n<nav><ul class='ez-toc-list ez-toc-list-level-1 eztoc-toggle-hide-by-default' ><ul class='ez-toc-list-level-3' ><li class='ez-toc-heading-level-3'><a class=\"ez-toc-link ez-toc-heading-1\" href=\"https:\/\/speed-casino.com\/casinos-online-portugal\/cinemas-aderentes\/item\/atlantida-cine\/#Morada\" >Morada<\/a><\/li><li class='ez-toc-page-1 ez-toc-heading-level-3'><a class=\"ez-toc-link ez-toc-heading-2\" href=\"https:\/\/speed-casino.com\/casinos-online-portugal\/cinemas-aderentes\/item\/atlantida-cine\/#Contacto\" >Contacto<\/a><\/li><li class='ez-toc-page-1 ez-toc-heading-level-3'><a class=\"ez-toc-link ez-toc-heading-3\" href=\"https:\/\/speed-casino.com\/casinos-online-portugal\/cinemas-aderentes\/item\/atlantida-cine\/#On_the_map\" >On the map<\/a><\/li><\/ul><\/li><li class='ez-toc-page-1 ez-toc-heading-level-2'><a class=\"ez-toc-link ez-toc-heading-4\" href=\"https:\/\/speed-casino.com\/casinos-online-portugal\/cinemas-aderentes\/item\/atlantida-cine\/#Luckia\" >Luckia<\/a><\/li><\/ul><\/nav><\/div>\n<h3><span class=\"ez-toc-section\" id=\"Morada\"><\/span>Morada<span class=\"ez-toc-section-end\"><\/span><\/h3>\n<ul class=\"uk-list\">\n<li class=\"element element-text\"><strong>Morada: <\/strong> Centro Comercial Carcavelos &#8211; Rua Doutor Manuel de Arriaga 5<\/li>\n<li class=\"element element-text\"><strong>C\u00f3digo Postal: <\/strong> 2775-548<\/li>\n<li class=\"element element-text\"><strong>Localidade: <\/strong> Carcavelos<\/li>\n<\/ul>\n<h3><span class=\"ez-toc-section\" id=\"Contacto\"><\/span>Contacto<span class=\"ez-toc-section-end\"><\/span><\/h3>\n<ul class=\"uk-list\">\n<li class=\"element element-text\"><strong>Telefone: <\/strong> 214565653<\/li>\n<\/ul>\n<h3><span class=\"ez-toc-section\" id=\"On_the_map\"><\/span>On the map<span class=\"ez-toc-section-end\"><\/span><\/h3>\n<p class=\"mapinfo\">Fill in your address into the address field below the map and the shortest route will be calculated.<\/p>\n<h2><span class=\"ez-toc-section\" id=\"Luckia\"><\/span>Luckia<span class=\"ez-toc-section-end\"><\/span><\/h2>\n<p>A <a href=\"https:\/\/speed-casino.com\/casinos-online-portugal\/luckia\/\">Luckia portugal<\/a> tem m\u00faltiplos m\u00e9todos de dep\u00f3sito e de levantamento. Dentro das suas op\u00e7\u00f5es vemos um cuidado com o mercado portugu\u00eas ao ter como m\u00e9todo de dep\u00f3sito o Multibanco. O leque de op\u00e7\u00f5es passa ainda pela possibilidade de utilizar a Mastercard, Neteller, Paypal, Paysafecard, Skrill e Visa. J\u00e1 nos meios de levantamento temos a Neteller, Paypal, Paysafecard, Skrill e a retirada dos seus lucros por Transfer\u00eancia Banc\u00e1ria. Sendo que os <a href=\"https:\/\/speed-casino.com\/casinos-online-portugal\/luckia\/\">Luckia Bonus<\/a> t\u00eam regras relativamente aos levantamentos que s\u00e3o comuns. Tanto nos levantamentos como nos dep\u00f3sitos, n\u00e3o existem taxas associadas. Relativamente aos m\u00ednimos impostos, os dep\u00f3sitos t\u00eam um valor m\u00ednimo entre 10\u20ac e 30\u20ac. J\u00e1 os levantamentos n\u00e3o t\u00eam um valor m\u00ednimo associado de 10\u20ac e tempos de processamento de 1 a 3 dias. As opera\u00e7\u00f5es podem ser feitas na <a href=\"https:\/\/speed-casino.com\/casinos-online-portugal\/luckia\/\">Luckia app<\/a> e no site.<\/p>\n","protected":false},"excerpt":{"rendered":"<p>Localidade Carcavelos Morada Morada: Centro Comercial Carcavelos &#8211; Rua Doutor Manuel de Arriaga 5 C\u00f3digo Postal: 2775-548 Localidade: Carcavelos Contacto Telefone: 214565653 On the map Fill in your address into the address field below the map and the shortest route will be calculated. Luckia A Luckia portugal tem m\u00faltiplos m\u00e9todos de dep\u00f3sito e de levantamento. [&hellip;]<\/p>\n","protected":false},"author":1,"featured_media":0,"parent":0,"menu_order":0,"comment_status":"closed","ping_status":"closed","template":"","meta":{"_acf_changed":false,"footnotes":""},"class_list":["post-276","page","type-page","status-publish","hentry"],"acf":[],"yoast_head":"<!-- This site is optimized with the Yoast SEO plugin v27.2 - https:\/\/yoast.com\/product\/yoast-seo-wordpress\/ -->\n<title>Atl\u00e2ntida Cine - Festa do Cinema com bilhetes a 2,5\u20ac em todas as salas de cinema<\/title>\n<meta name=\"description\" content=\"Bilhetes de cinema a \u20ac2,5 em todas as salas de cinema, para todos os filmes em exbi\u00e7\u00e3o em 2D. em Portugal, durante 3 dias - Festa do cinema, Twitter.com\/FestadoCinema, Facebook.com\/FestadoCinema https:\/\/speed-casino.com\/casinos-online-portugal\/A APEC (Associa\u00e7\u00e3o Portuguesa de Empresas Cinematogr\u00e1ficas) com o apoio do ICA (Instituto do Cinema e do Audiovisual) e dos distribuidores de conte\u00fados audiovisuais, representados pela FEVIP (Associa\u00e7\u00e3o de Defesa das Obras Audiovisuais) e GEDIPE (Associa\u00e7\u00e3o para a Gest\u00e3o de Direitos de Autor, Produtores e Editores) promovem, pela primeira vez em Portugal, a Festa do Cinema, disponibilizando bilhetes pelo valor unit\u00e1rio de 2,50\u20ac para o espetador assistir a qualquer um dos filmes em cartaz, durante os tr\u00eas dias do evento. Com cerca de 500 salas de cinema, totalizando 94.000 lugares, este \u00e9 o maior evento promocional cinematogr\u00e1fico alguma vez ocorrido em Portugal. A Festa do Cinema tem como mote promover o envolvimento do p\u00fablico com o acto cultural de assist\u00eancia cinematogr\u00e1fica em sala, uma pr\u00e1tica social por excel\u00eancia que queremos cada vez mais desenvolver no nosso mercado. powered by 7App.pt\" \/>\n<meta name=\"robots\" content=\"index, follow, max-snippet:-1, max-image-preview:large, max-video-preview:-1\" \/>\n<link rel=\"canonical\" href=\"https:\/\/speed-casino.com\/casinos-online-portugal\/cinemas-aderentes\/item\/atlantida-cine\/\" \/>\n<meta property=\"og:locale\" content=\"pt_PT\" \/>\n<meta property=\"og:type\" content=\"article\" \/>\n<meta property=\"og:title\" content=\"Atl\u00e2ntida Cine - Festa do Cinema com bilhetes a 2,5\u20ac em todas as salas de cinema\" \/>\n<meta property=\"og:description\" content=\"Bilhetes de cinema a \u20ac2,5 em todas as salas de cinema, para todos os filmes em exbi\u00e7\u00e3o em 2D. em Portugal, durante 3 dias - Festa do cinema, Twitter.com\/FestadoCinema, Facebook.com\/FestadoCinema https:\/\/speed-casino.com\/casinos-online-portugal\/A APEC (Associa\u00e7\u00e3o Portuguesa de Empresas Cinematogr\u00e1ficas) com o apoio do ICA (Instituto do Cinema e do Audiovisual) e dos distribuidores de conte\u00fados audiovisuais, representados pela FEVIP (Associa\u00e7\u00e3o de Defesa das Obras Audiovisuais) e GEDIPE (Associa\u00e7\u00e3o para a Gest\u00e3o de Direitos de Autor, Produtores e Editores) promovem, pela primeira vez em Portugal, a Festa do Cinema, disponibilizando bilhetes pelo valor unit\u00e1rio de 2,50\u20ac para o espetador assistir a qualquer um dos filmes em cartaz, durante os tr\u00eas dias do evento. Com cerca de 500 salas de cinema, totalizando 94.000 lugares, este \u00e9 o maior evento promocional cinematogr\u00e1fico alguma vez ocorrido em Portugal. A Festa do Cinema tem como mote promover o envolvimento do p\u00fablico com o acto cultural de assist\u00eancia cinematogr\u00e1fica em sala, uma pr\u00e1tica social por excel\u00eancia que queremos cada vez mais desenvolver no nosso mercado. powered by 7App.pt\" \/>\n<meta property=\"og:url\" content=\"https:\/\/speed-casino.com\/casinos-online-portugal\/cinemas-aderentes\/item\/atlantida-cine\/\" \/>\n<meta property=\"og:site_name\" content=\"Aplica\u00e7\u00e3o Mobile para Android &amp; iOS\" \/>\n<meta property=\"article:modified_time\" content=\"2022-12-15T20:04:34+00:00\" \/>\n<meta name=\"twitter:card\" content=\"summary_large_image\" \/>\n<meta name=\"twitter:label1\" content=\"Tempo estimado de leitura\" \/>\n\t<meta name=\"twitter:data1\" content=\"1 minuto\" \/>\n<script type=\"application\/ld+json\" class=\"yoast-schema-graph\">{\"@context\":\"https:\/\/schema.org\",\"@graph\":[{\"@type\":\"WebPage\",\"@id\":\"https:\/\/speed-casino.com\/casinos-online-portugal\/cinemas-aderentes\/item\/atlantida-cine\/\",\"url\":\"https:\/\/speed-casino.com\/casinos-online-portugal\/cinemas-aderentes\/item\/atlantida-cine\/\",\"name\":\"Atl\u00e2ntida Cine - Festa do Cinema com bilhetes a 2,5\u20ac em todas as salas de cinema\",\"isPartOf\":{\"@id\":\"https:\/\/speed-casino.com\/casinos-online-portugal\/#website\"},\"datePublished\":\"2022-11-30T00:25:56+00:00\",\"dateModified\":\"2022-12-15T20:04:34+00:00\",\"description\":\"Bilhetes de cinema a \u20ac2,5 em todas as salas de cinema, para todos os filmes em exbi\u00e7\u00e3o em 2D. em Portugal, durante 3 dias - Festa do cinema, Twitter.com\/FestadoCinema, Facebook.com\/FestadoCinema https:\/\/speed-casino.com\/casinos-online-portugal\/A APEC (Associa\u00e7\u00e3o Portuguesa de Empresas Cinematogr\u00e1ficas) com o apoio do ICA (Instituto do Cinema e do Audiovisual) e dos distribuidores de conte\u00fados audiovisuais, representados pela FEVIP (Associa\u00e7\u00e3o de Defesa das Obras Audiovisuais) e GEDIPE (Associa\u00e7\u00e3o para a Gest\u00e3o de Direitos de Autor, Produtores e Editores) promovem, pela primeira vez em Portugal, a Festa do Cinema, disponibilizando bilhetes pelo valor unit\u00e1rio de 2,50\u20ac para o espetador assistir a qualquer um dos filmes em cartaz, durante os tr\u00eas dias do evento. Com cerca de 500 salas de cinema, totalizando 94.000 lugares, este \u00e9 o maior evento promocional cinematogr\u00e1fico alguma vez ocorrido em Portugal. A Festa do Cinema tem como mote promover o envolvimento do p\u00fablico com o acto cultural de assist\u00eancia cinematogr\u00e1fica em sala, uma pr\u00e1tica social por excel\u00eancia que queremos cada vez mais desenvolver no nosso mercado. powered by 7App.pt\",\"breadcrumb\":{\"@id\":\"https:\/\/speed-casino.com\/casinos-online-portugal\/cinemas-aderentes\/item\/atlantida-cine\/#breadcrumb\"},\"inLanguage\":\"pt-PT\",\"potentialAction\":[{\"@type\":\"ReadAction\",\"target\":[\"https:\/\/speed-casino.com\/casinos-online-portugal\/cinemas-aderentes\/item\/atlantida-cine\/\"]}]},{\"@type\":\"BreadcrumbList\",\"@id\":\"https:\/\/speed-casino.com\/casinos-online-portugal\/cinemas-aderentes\/item\/atlantida-cine\/#breadcrumb\",\"itemListElement\":[{\"@type\":\"ListItem\",\"position\":1,\"name\":\"Home\",\"item\":\"https:\/\/speed-casino.com\/casinos-online-portugal\/\"},{\"@type\":\"ListItem\",\"position\":2,\"name\":\"Atl\u00e2ntida Cine\"}]},{\"@type\":\"WebSite\",\"@id\":\"https:\/\/speed-casino.com\/casinos-online-portugal\/#website\",\"url\":\"https:\/\/speed-casino.com\/casinos-online-portugal\/\",\"name\":\"Aplica\u00e7\u00e3o Mobile para Android &amp; iOS\",\"description\":\"\",\"publisher\":{\"@id\":\"https:\/\/speed-casino.com\/casinos-online-portugal\/#organization\"},\"potentialAction\":[{\"@type\":\"SearchAction\",\"target\":{\"@type\":\"EntryPoint\",\"urlTemplate\":\"https:\/\/speed-casino.com\/casinos-online-portugal\/?s={search_term_string}\"},\"query-input\":{\"@type\":\"PropertyValueSpecification\",\"valueRequired\":true,\"valueName\":\"search_term_string\"}}],\"inLanguage\":\"pt-PT\"},{\"@type\":\"Organization\",\"@id\":\"https:\/\/speed-casino.com\/casinos-online-portugal\/#organization\",\"name\":\"Aplica\u00e7\u00e3o Mobile para Android &amp; iOS\",\"url\":\"https:\/\/speed-casino.com\/casinos-online-portugal\/\",\"logo\":{\"@type\":\"ImageObject\",\"inLanguage\":\"pt-PT\",\"@id\":\"https:\/\/speed-casino.com\/casinos-online-portugal\/#\/schema\/logo\/image\/\",\"url\":\"https:\/\/speed-casino.com\/casinos-online-portugal\/wp-content\/uploads\/2022\/08\/logo_melhorappdeapostas.com_.png\",\"contentUrl\":\"https:\/\/speed-casino.com\/casinos-online-portugal\/wp-content\/uploads\/2022\/08\/logo_melhorappdeapostas.com_.png\",\"width\":200,\"height\":100,\"caption\":\"Aplica\u00e7\u00e3o Mobile para Android &amp; iOS\"},\"image\":{\"@id\":\"https:\/\/speed-casino.com\/casinos-online-portugal\/#\/schema\/logo\/image\/\"}}]}<\/script>\n<!-- \/ Yoast SEO plugin. -->","yoast_head_json":{"title":"Atl\u00e2ntida Cine - Festa do Cinema com bilhetes a 2,5\u20ac em todas as salas de cinema","description":"Bilhetes de cinema a \u20ac2,5 em todas as salas de cinema, para todos os filmes em exbi\u00e7\u00e3o em 2D. em Portugal, durante 3 dias - Festa do cinema, Twitter.com\/FestadoCinema, Facebook.com\/FestadoCinema https:\/\/speed-casino.com\/casinos-online-portugal\/A APEC (Associa\u00e7\u00e3o Portuguesa de Empresas Cinematogr\u00e1ficas) com o apoio do ICA (Instituto do Cinema e do Audiovisual) e dos distribuidores de conte\u00fados audiovisuais, representados pela FEVIP (Associa\u00e7\u00e3o de Defesa das Obras Audiovisuais) e GEDIPE (Associa\u00e7\u00e3o para a Gest\u00e3o de Direitos de Autor, Produtores e Editores) promovem, pela primeira vez em Portugal, a Festa do Cinema, disponibilizando bilhetes pelo valor unit\u00e1rio de 2,50\u20ac para o espetador assistir a qualquer um dos filmes em cartaz, durante os tr\u00eas dias do evento. Com cerca de 500 salas de cinema, totalizando 94.000 lugares, este \u00e9 o maior evento promocional cinematogr\u00e1fico alguma vez ocorrido em Portugal. A Festa do Cinema tem como mote promover o envolvimento do p\u00fablico com o acto cultural de assist\u00eancia cinematogr\u00e1fica em sala, uma pr\u00e1tica social por excel\u00eancia que queremos cada vez mais desenvolver no nosso mercado. powered by 7App.pt","robots":{"index":"index","follow":"follow","max-snippet":"max-snippet:-1","max-image-preview":"max-image-preview:large","max-video-preview":"max-video-preview:-1"},"canonical":"https:\/\/speed-casino.com\/casinos-online-portugal\/cinemas-aderentes\/item\/atlantida-cine\/","og_locale":"pt_PT","og_type":"article","og_title":"Atl\u00e2ntida Cine - Festa do Cinema com bilhetes a 2,5\u20ac em todas as salas de cinema","og_description":"Bilhetes de cinema a \u20ac2,5 em todas as salas de cinema, para todos os filmes em exbi\u00e7\u00e3o em 2D. em Portugal, durante 3 dias - Festa do cinema, Twitter.com\/FestadoCinema, Facebook.com\/FestadoCinema https:\/\/speed-casino.com\/casinos-online-portugal\/A APEC (Associa\u00e7\u00e3o Portuguesa de Empresas Cinematogr\u00e1ficas) com o apoio do ICA (Instituto do Cinema e do Audiovisual) e dos distribuidores de conte\u00fados audiovisuais, representados pela FEVIP (Associa\u00e7\u00e3o de Defesa das Obras Audiovisuais) e GEDIPE (Associa\u00e7\u00e3o para a Gest\u00e3o de Direitos de Autor, Produtores e Editores) promovem, pela primeira vez em Portugal, a Festa do Cinema, disponibilizando bilhetes pelo valor unit\u00e1rio de 2,50\u20ac para o espetador assistir a qualquer um dos filmes em cartaz, durante os tr\u00eas dias do evento. Com cerca de 500 salas de cinema, totalizando 94.000 lugares, este \u00e9 o maior evento promocional cinematogr\u00e1fico alguma vez ocorrido em Portugal. A Festa do Cinema tem como mote promover o envolvimento do p\u00fablico com o acto cultural de assist\u00eancia cinematogr\u00e1fica em sala, uma pr\u00e1tica social por excel\u00eancia que queremos cada vez mais desenvolver no nosso mercado. powered by 7App.pt","og_url":"https:\/\/speed-casino.com\/casinos-online-portugal\/cinemas-aderentes\/item\/atlantida-cine\/","og_site_name":"Aplica\u00e7\u00e3o Mobile para Android &amp; iOS","article_modified_time":"2022-12-15T20:04:34+00:00","twitter_card":"summary_large_image","twitter_misc":{"Tempo estimado de leitura":"1 minuto"},"schema":{"@context":"https:\/\/schema.org","@graph":[{"@type":"WebPage","@id":"https:\/\/speed-casino.com\/casinos-online-portugal\/cinemas-aderentes\/item\/atlantida-cine\/","url":"https:\/\/speed-casino.com\/casinos-online-portugal\/cinemas-aderentes\/item\/atlantida-cine\/","name":"Atl\u00e2ntida Cine - Festa do Cinema com bilhetes a 2,5\u20ac em todas as salas de cinema","isPartOf":{"@id":"https:\/\/speed-casino.com\/casinos-online-portugal\/#website"},"datePublished":"2022-11-30T00:25:56+00:00","dateModified":"2022-12-15T20:04:34+00:00","description":"Bilhetes de cinema a \u20ac2,5 em todas as salas de cinema, para todos os filmes em exbi\u00e7\u00e3o em 2D. em Portugal, durante 3 dias - Festa do cinema, Twitter.com\/FestadoCinema, Facebook.com\/FestadoCinema https:\/\/speed-casino.com\/casinos-online-portugal\/A APEC (Associa\u00e7\u00e3o Portuguesa de Empresas Cinematogr\u00e1ficas) com o apoio do ICA (Instituto do Cinema e do Audiovisual) e dos distribuidores de conte\u00fados audiovisuais, representados pela FEVIP (Associa\u00e7\u00e3o de Defesa das Obras Audiovisuais) e GEDIPE (Associa\u00e7\u00e3o para a Gest\u00e3o de Direitos de Autor, Produtores e Editores) promovem, pela primeira vez em Portugal, a Festa do Cinema, disponibilizando bilhetes pelo valor unit\u00e1rio de 2,50\u20ac para o espetador assistir a qualquer um dos filmes em cartaz, durante os tr\u00eas dias do evento. Com cerca de 500 salas de cinema, totalizando 94.000 lugares, este \u00e9 o maior evento promocional cinematogr\u00e1fico alguma vez ocorrido em Portugal. A Festa do Cinema tem como mote promover o envolvimento do p\u00fablico com o acto cultural de assist\u00eancia cinematogr\u00e1fica em sala, uma pr\u00e1tica social por excel\u00eancia que queremos cada vez mais desenvolver no nosso mercado. powered by 7App.pt","breadcrumb":{"@id":"https:\/\/speed-casino.com\/casinos-online-portugal\/cinemas-aderentes\/item\/atlantida-cine\/#breadcrumb"},"inLanguage":"pt-PT","potentialAction":[{"@type":"ReadAction","target":["https:\/\/speed-casino.com\/casinos-online-portugal\/cinemas-aderentes\/item\/atlantida-cine\/"]}]},{"@type":"BreadcrumbList","@id":"https:\/\/speed-casino.com\/casinos-online-portugal\/cinemas-aderentes\/item\/atlantida-cine\/#breadcrumb","itemListElement":[{"@type":"ListItem","position":1,"name":"Home","item":"https:\/\/speed-casino.com\/casinos-online-portugal\/"},{"@type":"ListItem","position":2,"name":"Atl\u00e2ntida Cine"}]},{"@type":"WebSite","@id":"https:\/\/speed-casino.com\/casinos-online-portugal\/#website","url":"https:\/\/speed-casino.com\/casinos-online-portugal\/","name":"Aplica\u00e7\u00e3o Mobile para Android &amp; iOS","description":"","publisher":{"@id":"https:\/\/speed-casino.com\/casinos-online-portugal\/#organization"},"potentialAction":[{"@type":"SearchAction","target":{"@type":"EntryPoint","urlTemplate":"https:\/\/speed-casino.com\/casinos-online-portugal\/?s={search_term_string}"},"query-input":{"@type":"PropertyValueSpecification","valueRequired":true,"valueName":"search_term_string"}}],"inLanguage":"pt-PT"},{"@type":"Organization","@id":"https:\/\/speed-casino.com\/casinos-online-portugal\/#organization","name":"Aplica\u00e7\u00e3o Mobile para Android &amp; iOS","url":"https:\/\/speed-casino.com\/casinos-online-portugal\/","logo":{"@type":"ImageObject","inLanguage":"pt-PT","@id":"https:\/\/speed-casino.com\/casinos-online-portugal\/#\/schema\/logo\/image\/","url":"https:\/\/speed-casino.com\/casinos-online-portugal\/wp-content\/uploads\/2022\/08\/logo_melhorappdeapostas.com_.png","contentUrl":"https:\/\/speed-casino.com\/casinos-online-portugal\/wp-content\/uploads\/2022\/08\/logo_melhorappdeapostas.com_.png","width":200,"height":100,"caption":"Aplica\u00e7\u00e3o Mobile para Android &amp; iOS"},"image":{"@id":"https:\/\/speed-casino.com\/casinos-online-portugal\/#\/schema\/logo\/image\/"}}]}},"_links":{"self":[{"href":"https:\/\/speed-casino.com\/casinos-online-portugal\/wp-json\/wp\/v2\/pages\/276","targetHints":{"allow":["GET"]}}],"collection":[{"href":"https:\/\/speed-casino.com\/casinos-online-portugal\/wp-json\/wp\/v2\/pages"}],"about":[{"href":"https:\/\/speed-casino.com\/casinos-online-portugal\/wp-json\/wp\/v2\/types\/page"}],"author":[{"embeddable":true,"href":"https:\/\/speed-casino.com\/casinos-online-portugal\/wp-json\/wp\/v2\/users\/1"}],"replies":[{"embeddable":true,"href":"https:\/\/speed-casino.com\/casinos-online-portugal\/wp-json\/wp\/v2\/comments?post=276"}],"version-history":[{"count":3,"href":"https:\/\/speed-casino.com\/casinos-online-portugal\/wp-json\/wp\/v2\/pages\/276\/revisions"}],"predecessor-version":[{"id":328,"href":"https:\/\/speed-casino.com\/casinos-online-portugal\/wp-json\/wp\/v2\/pages\/276\/revisions\/328"}],"wp:attachment":[{"href":"https:\/\/speed-casino.com\/casinos-online-portugal\/wp-json\/wp\/v2\/media?parent=276"}],"curies":[{"name":"wp","href":"https:\/\/api.w.org\/{rel}","templated":true}]}}