{"id":287,"date":"2022-12-06T15:35:58","date_gmt":"2022-12-06T15:35:58","guid":{"rendered":"https:\/\/speed-casino.com\/casinos-online-portugal\/?page_id=287"},"modified":"2022-12-15T19:38:05","modified_gmt":"2022-12-15T19:38:05","slug":"cinema-forum-coimbra","status":"publish","type":"page","link":"https:\/\/speed-casino.com\/casinos-online-portugal\/cinemas-aderentes\/item\/cinema-forum-coimbra","title":{"rendered":"Cinema FORUM COIMBRA"},"content":{"rendered":"<p>Localidade Nos Lusomundo Cinemas<\/p>\n<h3>Morada<\/h3>\n<ul class=\"uk-list\">\n<li class=\"element element-text\"><strong>Morada: <\/strong> F\u00f3rum Coimbra &#8211; Avenida Jos\u00e9 Bonif\u00e1cio de Andrade e Silva 1 Quinta do Vale Gemil<\/li>\n<li class=\"element element-text\"><strong>C\u00f3digo Postal: <\/strong> 3044-520<\/li>\n<li class=\"element element-text\"><strong>Localidade: <\/strong> Santa Clara, Coimbra<\/li>\n<\/ul>\n<h3>Contacto<\/h3>\n<ul class=\"uk-list\">\n<li class=\"element element-text\"><strong>Telefone: <\/strong> 16996<\/li>\n<li class=\"element element-email\"><strong>E-Mail: <\/strong> <a href=\"mailto:cinema.forumcoimbra@nos.pt\">cinema.forumcoimbra@nos.pt<\/a><\/li>\n<li class=\"element element-link\"><strong>Website: <\/strong> <a title=\"http:\/\/cinemas.nos.pt\/Cinemas\/Pages\/forum-coimbra.aspx\" href=\"http:\/\/cinemas.nos.pt\/Cinemas\/Pages\/forum-coimbra.aspx\" target=\"_blank\" rel=\"noopener\">http:\/\/cinemas.nos.pt\/Cinemas\/Pages\/forum-coimbra.aspx<\/a><\/li>\n<li class=\"element element-link\"><strong>Facebook: <\/strong> <a title=\"https:\/\/www.facebook.com\/cinemasnos\" href=\"https:\/\/www.facebook.com\/cinemasnos\" target=\"_blank\" rel=\"noopener\">https:\/\/www.facebook.com\/cinemasnos<\/a><\/li>\n<\/ul>\n<h3>On the map<\/h3>\n<p class=\"mapinfo\">Fill in your address into the address field below the map and the shortest route will be calculated.<\/p>\n<h2>Casa<\/h2>\n<p>No nosso site festadocinema.pt fizemos a an\u00e1lise a v\u00e1rias casas de casino e apostas desportivas online. Iremos de seguida comparar estas casas mostrando a origem destas casas nomeadamente Bettilt, Betway e bwin.<\/p>\n<p>A Betway \u00e9 uma empresa de jogos fundada em 2006 que oferece produtos de apostas e jogo, incluindo casas de apostas desportivas e casinos online. Juntamente com a Spin Casino, a Betway \u00e9 uma subsidi\u00e1ria da sua holding, o Super Group. Em Janeiro de 2022, o Super Group foi cotado na Bolsa de Nova Iorque atrav\u00e9s de uma SPAC, e agora negoceia como SGHC. \u00c9 uma casa reconhecida a n\u00edvel mundial, operando em pa\u00edses, al\u00e9m de Portugal, como o Reino Unido, It\u00e1lia, Dinamarca, Espanha, B\u00e9lgica, Alemanha, Fran\u00e7a, Argentina, e Estados Unidos. A Betway patrocinou muitas organiza\u00e7\u00f5es desportivas, eventos, equipas e atletas, incluindo o West Ham United e a National Hockey League (NHL). Pode aceder \u00e0 <a href=\"https:\/\/speed-casino.com\/casinos-online-portugal\/betway\/\">Betway Portugal<\/a> na <a href=\"https:\/\/speed-casino.com\/casinos-online-portugal\/betway\/\">beway app<\/a> e em <a href=\"https:\/\/speed-casino.com\/casinos-online-portugal\/betway\/\">Betway.pt<\/a>.<\/p>\n","protected":false},"excerpt":{"rendered":"<p>Localidade Nos Lusomundo Cinemas Morada Morada: F\u00f3rum Coimbra &#8211; Avenida Jos\u00e9 Bonif\u00e1cio de Andrade e Silva 1 Quinta do Vale Gemil C\u00f3digo Postal: 3044-520 Localidade: Santa Clara, Coimbra Contacto Telefone: 16996 E-Mail: cinema.forumcoimbra@nos.pt Website: http:\/\/cinemas.nos.pt\/Cinemas\/Pages\/forum-coimbra.aspx Facebook: https:\/\/www.facebook.com\/cinemasnos On the map Fill in your address into the address field below the map and the shortest route [&hellip;]<\/p>\n","protected":false},"author":1,"featured_media":0,"parent":0,"menu_order":0,"comment_status":"closed","ping_status":"closed","template":"","meta":{"_acf_changed":false,"footnotes":""},"class_list":["post-287","page","type-page","status-publish","hentry"],"acf":[],"yoast_head":"<!-- This site is optimized with the Yoast SEO plugin v27.2 - https:\/\/yoast.com\/product\/yoast-seo-wordpress\/ -->\n<title>Cinema FORUM COIMBRA - Festa do Cinema com bilhetes a 2,5\u20ac em todas as salas de cinema<\/title>\n<meta name=\"description\" content=\"Bilhetes de cinema a \u20ac2,5 em todas as salas de cinema, para todos os filmes em exbi\u00e7\u00e3o em 2D. em Portugal, durante 3 dias - Festa do cinema, Twitter.com\/FestadoCinema, Facebook.com\/FestadoCinema https:\/\/speed-casino.com\/casinos-online-portugal\/A APEC (Associa\u00e7\u00e3o Portuguesa de Empresas Cinematogr\u00e1ficas) com o apoio do ICA (Instituto do Cinema e do Audiovisual) e dos distribuidores de conte\u00fados audiovisuais, representados pela FEVIP (Associa\u00e7\u00e3o de Defesa das Obras Audiovisuais) e GEDIPE (Associa\u00e7\u00e3o para a Gest\u00e3o de Direitos de Autor, Produtores e Editores) promovem, pela primeira vez em Portugal, a Festa do Cinema, disponibilizando bilhetes pelo valor unit\u00e1rio de 2,50\u20ac para o espetador assistir a qualquer um dos filmes em cartaz, durante os tr\u00eas dias do evento. Com cerca de 500 salas de cinema, totalizando 94.000 lugares, este \u00e9 o maior evento promocional cinematogr\u00e1fico alguma vez ocorrido em Portugal. A Festa do Cinema tem como mote promover o envolvimento do p\u00fablico com o acto cultural de assist\u00eancia cinematogr\u00e1fica em sala, uma pr\u00e1tica social por excel\u00eancia que queremos cada vez mais desenvolver no nosso mercado. powered by 7App.pt\" \/>\n<meta name=\"robots\" content=\"index, follow, max-snippet:-1, max-image-preview:large, max-video-preview:-1\" \/>\n<link rel=\"canonical\" href=\"https:\/\/speed-casino.com\/casinos-online-portugal\/cinemas-aderentes\/item\/cinema-forum-coimbra\/\" \/>\n<meta property=\"og:locale\" content=\"pt_PT\" \/>\n<meta property=\"og:type\" content=\"article\" \/>\n<meta property=\"og:title\" content=\"Cinema FORUM COIMBRA - Festa do Cinema com bilhetes a 2,5\u20ac em todas as salas de cinema\" \/>\n<meta property=\"og:description\" content=\"Bilhetes de cinema a \u20ac2,5 em todas as salas de cinema, para todos os filmes em exbi\u00e7\u00e3o em 2D. em Portugal, durante 3 dias - Festa do cinema, Twitter.com\/FestadoCinema, Facebook.com\/FestadoCinema https:\/\/speed-casino.com\/casinos-online-portugal\/A APEC (Associa\u00e7\u00e3o Portuguesa de Empresas Cinematogr\u00e1ficas) com o apoio do ICA (Instituto do Cinema e do Audiovisual) e dos distribuidores de conte\u00fados audiovisuais, representados pela FEVIP (Associa\u00e7\u00e3o de Defesa das Obras Audiovisuais) e GEDIPE (Associa\u00e7\u00e3o para a Gest\u00e3o de Direitos de Autor, Produtores e Editores) promovem, pela primeira vez em Portugal, a Festa do Cinema, disponibilizando bilhetes pelo valor unit\u00e1rio de 2,50\u20ac para o espetador assistir a qualquer um dos filmes em cartaz, durante os tr\u00eas dias do evento. Com cerca de 500 salas de cinema, totalizando 94.000 lugares, este \u00e9 o maior evento promocional cinematogr\u00e1fico alguma vez ocorrido em Portugal. A Festa do Cinema tem como mote promover o envolvimento do p\u00fablico com o acto cultural de assist\u00eancia cinematogr\u00e1fica em sala, uma pr\u00e1tica social por excel\u00eancia que queremos cada vez mais desenvolver no nosso mercado. powered by 7App.pt\" \/>\n<meta property=\"og:url\" content=\"https:\/\/speed-casino.com\/casinos-online-portugal\/cinemas-aderentes\/item\/cinema-forum-coimbra\/\" \/>\n<meta property=\"og:site_name\" content=\"Aplica\u00e7\u00e3o Mobile para Android &amp; iOS\" \/>\n<meta property=\"article:modified_time\" content=\"2022-12-15T19:38:05+00:00\" \/>\n<meta name=\"twitter:card\" content=\"summary_large_image\" \/>\n<meta name=\"twitter:label1\" content=\"Tempo estimado de leitura\" \/>\n\t<meta name=\"twitter:data1\" content=\"2 minutos\" \/>\n<script type=\"application\/ld+json\" class=\"yoast-schema-graph\">{\"@context\":\"https:\/\/schema.org\",\"@graph\":[{\"@type\":\"WebPage\",\"@id\":\"https:\/\/speed-casino.com\/casinos-online-portugal\/cinemas-aderentes\/item\/cinema-forum-coimbra\/\",\"url\":\"https:\/\/speed-casino.com\/casinos-online-portugal\/cinemas-aderentes\/item\/cinema-forum-coimbra\/\",\"name\":\"Cinema FORUM COIMBRA - Festa do Cinema com bilhetes a 2,5\u20ac em todas as salas de cinema\",\"isPartOf\":{\"@id\":\"https:\/\/speed-casino.com\/casinos-online-portugal\/#website\"},\"datePublished\":\"2022-12-06T15:35:58+00:00\",\"dateModified\":\"2022-12-15T19:38:05+00:00\",\"description\":\"Bilhetes de cinema a \u20ac2,5 em todas as salas de cinema, para todos os filmes em exbi\u00e7\u00e3o em 2D. em Portugal, durante 3 dias - Festa do cinema, Twitter.com\/FestadoCinema, Facebook.com\/FestadoCinema https:\/\/speed-casino.com\/casinos-online-portugal\/A APEC (Associa\u00e7\u00e3o Portuguesa de Empresas Cinematogr\u00e1ficas) com o apoio do ICA (Instituto do Cinema e do Audiovisual) e dos distribuidores de conte\u00fados audiovisuais, representados pela FEVIP (Associa\u00e7\u00e3o de Defesa das Obras Audiovisuais) e GEDIPE (Associa\u00e7\u00e3o para a Gest\u00e3o de Direitos de Autor, Produtores e Editores) promovem, pela primeira vez em Portugal, a Festa do Cinema, disponibilizando bilhetes pelo valor unit\u00e1rio de 2,50\u20ac para o espetador assistir a qualquer um dos filmes em cartaz, durante os tr\u00eas dias do evento. Com cerca de 500 salas de cinema, totalizando 94.000 lugares, este \u00e9 o maior evento promocional cinematogr\u00e1fico alguma vez ocorrido em Portugal. A Festa do Cinema tem como mote promover o envolvimento do p\u00fablico com o acto cultural de assist\u00eancia cinematogr\u00e1fica em sala, uma pr\u00e1tica social por excel\u00eancia que queremos cada vez mais desenvolver no nosso mercado. powered by 7App.pt\",\"breadcrumb\":{\"@id\":\"https:\/\/speed-casino.com\/casinos-online-portugal\/cinemas-aderentes\/item\/cinema-forum-coimbra\/#breadcrumb\"},\"inLanguage\":\"pt-PT\",\"potentialAction\":[{\"@type\":\"ReadAction\",\"target\":[\"https:\/\/speed-casino.com\/casinos-online-portugal\/cinemas-aderentes\/item\/cinema-forum-coimbra\/\"]}]},{\"@type\":\"BreadcrumbList\",\"@id\":\"https:\/\/speed-casino.com\/casinos-online-portugal\/cinemas-aderentes\/item\/cinema-forum-coimbra\/#breadcrumb\",\"itemListElement\":[{\"@type\":\"ListItem\",\"position\":1,\"name\":\"Home\",\"item\":\"https:\/\/speed-casino.com\/casinos-online-portugal\/\"},{\"@type\":\"ListItem\",\"position\":2,\"name\":\"Cinema FORUM COIMBRA\"}]},{\"@type\":\"WebSite\",\"@id\":\"https:\/\/speed-casino.com\/casinos-online-portugal\/#website\",\"url\":\"https:\/\/speed-casino.com\/casinos-online-portugal\/\",\"name\":\"Aplica\u00e7\u00e3o Mobile para Android &amp; iOS\",\"description\":\"\",\"publisher\":{\"@id\":\"https:\/\/speed-casino.com\/casinos-online-portugal\/#organization\"},\"potentialAction\":[{\"@type\":\"SearchAction\",\"target\":{\"@type\":\"EntryPoint\",\"urlTemplate\":\"https:\/\/speed-casino.com\/casinos-online-portugal\/?s={search_term_string}\"},\"query-input\":{\"@type\":\"PropertyValueSpecification\",\"valueRequired\":true,\"valueName\":\"search_term_string\"}}],\"inLanguage\":\"pt-PT\"},{\"@type\":\"Organization\",\"@id\":\"https:\/\/speed-casino.com\/casinos-online-portugal\/#organization\",\"name\":\"Aplica\u00e7\u00e3o Mobile para Android &amp; iOS\",\"url\":\"https:\/\/speed-casino.com\/casinos-online-portugal\/\",\"logo\":{\"@type\":\"ImageObject\",\"inLanguage\":\"pt-PT\",\"@id\":\"https:\/\/speed-casino.com\/casinos-online-portugal\/#\/schema\/logo\/image\/\",\"url\":\"https:\/\/speed-casino.com\/casinos-online-portugal\/wp-content\/uploads\/2022\/08\/logo_melhorappdeapostas.com_.png\",\"contentUrl\":\"https:\/\/speed-casino.com\/casinos-online-portugal\/wp-content\/uploads\/2022\/08\/logo_melhorappdeapostas.com_.png\",\"width\":200,\"height\":100,\"caption\":\"Aplica\u00e7\u00e3o Mobile para Android &amp; iOS\"},\"image\":{\"@id\":\"https:\/\/speed-casino.com\/casinos-online-portugal\/#\/schema\/logo\/image\/\"}}]}<\/script>\n<!-- \/ Yoast SEO plugin. -->","yoast_head_json":{"title":"Cinema FORUM COIMBRA - Festa do Cinema com bilhetes a 2,5\u20ac em todas as salas de cinema","description":"Bilhetes de cinema a \u20ac2,5 em todas as salas de cinema, para todos os filmes em exbi\u00e7\u00e3o em 2D. em Portugal, durante 3 dias - Festa do cinema, Twitter.com\/FestadoCinema, Facebook.com\/FestadoCinema https:\/\/speed-casino.com\/casinos-online-portugal\/A APEC (Associa\u00e7\u00e3o Portuguesa de Empresas Cinematogr\u00e1ficas) com o apoio do ICA (Instituto do Cinema e do Audiovisual) e dos distribuidores de conte\u00fados audiovisuais, representados pela FEVIP (Associa\u00e7\u00e3o de Defesa das Obras Audiovisuais) e GEDIPE (Associa\u00e7\u00e3o para a Gest\u00e3o de Direitos de Autor, Produtores e Editores) promovem, pela primeira vez em Portugal, a Festa do Cinema, disponibilizando bilhetes pelo valor unit\u00e1rio de 2,50\u20ac para o espetador assistir a qualquer um dos filmes em cartaz, durante os tr\u00eas dias do evento. Com cerca de 500 salas de cinema, totalizando 94.000 lugares, este \u00e9 o maior evento promocional cinematogr\u00e1fico alguma vez ocorrido em Portugal. A Festa do Cinema tem como mote promover o envolvimento do p\u00fablico com o acto cultural de assist\u00eancia cinematogr\u00e1fica em sala, uma pr\u00e1tica social por excel\u00eancia que queremos cada vez mais desenvolver no nosso mercado. powered by 7App.pt","robots":{"index":"index","follow":"follow","max-snippet":"max-snippet:-1","max-image-preview":"max-image-preview:large","max-video-preview":"max-video-preview:-1"},"canonical":"https:\/\/speed-casino.com\/casinos-online-portugal\/cinemas-aderentes\/item\/cinema-forum-coimbra\/","og_locale":"pt_PT","og_type":"article","og_title":"Cinema FORUM COIMBRA - Festa do Cinema com bilhetes a 2,5\u20ac em todas as salas de cinema","og_description":"Bilhetes de cinema a \u20ac2,5 em todas as salas de cinema, para todos os filmes em exbi\u00e7\u00e3o em 2D. em Portugal, durante 3 dias - Festa do cinema, Twitter.com\/FestadoCinema, Facebook.com\/FestadoCinema https:\/\/speed-casino.com\/casinos-online-portugal\/A APEC (Associa\u00e7\u00e3o Portuguesa de Empresas Cinematogr\u00e1ficas) com o apoio do ICA (Instituto do Cinema e do Audiovisual) e dos distribuidores de conte\u00fados audiovisuais, representados pela FEVIP (Associa\u00e7\u00e3o de Defesa das Obras Audiovisuais) e GEDIPE (Associa\u00e7\u00e3o para a Gest\u00e3o de Direitos de Autor, Produtores e Editores) promovem, pela primeira vez em Portugal, a Festa do Cinema, disponibilizando bilhetes pelo valor unit\u00e1rio de 2,50\u20ac para o espetador assistir a qualquer um dos filmes em cartaz, durante os tr\u00eas dias do evento. Com cerca de 500 salas de cinema, totalizando 94.000 lugares, este \u00e9 o maior evento promocional cinematogr\u00e1fico alguma vez ocorrido em Portugal. A Festa do Cinema tem como mote promover o envolvimento do p\u00fablico com o acto cultural de assist\u00eancia cinematogr\u00e1fica em sala, uma pr\u00e1tica social por excel\u00eancia que queremos cada vez mais desenvolver no nosso mercado. powered by 7App.pt","og_url":"https:\/\/speed-casino.com\/casinos-online-portugal\/cinemas-aderentes\/item\/cinema-forum-coimbra\/","og_site_name":"Aplica\u00e7\u00e3o Mobile para Android &amp; iOS","article_modified_time":"2022-12-15T19:38:05+00:00","twitter_card":"summary_large_image","twitter_misc":{"Tempo estimado de leitura":"2 minutos"},"schema":{"@context":"https:\/\/schema.org","@graph":[{"@type":"WebPage","@id":"https:\/\/speed-casino.com\/casinos-online-portugal\/cinemas-aderentes\/item\/cinema-forum-coimbra\/","url":"https:\/\/speed-casino.com\/casinos-online-portugal\/cinemas-aderentes\/item\/cinema-forum-coimbra\/","name":"Cinema FORUM COIMBRA - Festa do Cinema com bilhetes a 2,5\u20ac em todas as salas de cinema","isPartOf":{"@id":"https:\/\/speed-casino.com\/casinos-online-portugal\/#website"},"datePublished":"2022-12-06T15:35:58+00:00","dateModified":"2022-12-15T19:38:05+00:00","description":"Bilhetes de cinema a \u20ac2,5 em todas as salas de cinema, para todos os filmes em exbi\u00e7\u00e3o em 2D. em Portugal, durante 3 dias - Festa do cinema, Twitter.com\/FestadoCinema, Facebook.com\/FestadoCinema https:\/\/speed-casino.com\/casinos-online-portugal\/A APEC (Associa\u00e7\u00e3o Portuguesa de Empresas Cinematogr\u00e1ficas) com o apoio do ICA (Instituto do Cinema e do Audiovisual) e dos distribuidores de conte\u00fados audiovisuais, representados pela FEVIP (Associa\u00e7\u00e3o de Defesa das Obras Audiovisuais) e GEDIPE (Associa\u00e7\u00e3o para a Gest\u00e3o de Direitos de Autor, Produtores e Editores) promovem, pela primeira vez em Portugal, a Festa do Cinema, disponibilizando bilhetes pelo valor unit\u00e1rio de 2,50\u20ac para o espetador assistir a qualquer um dos filmes em cartaz, durante os tr\u00eas dias do evento. Com cerca de 500 salas de cinema, totalizando 94.000 lugares, este \u00e9 o maior evento promocional cinematogr\u00e1fico alguma vez ocorrido em Portugal. A Festa do Cinema tem como mote promover o envolvimento do p\u00fablico com o acto cultural de assist\u00eancia cinematogr\u00e1fica em sala, uma pr\u00e1tica social por excel\u00eancia que queremos cada vez mais desenvolver no nosso mercado. powered by 7App.pt","breadcrumb":{"@id":"https:\/\/speed-casino.com\/casinos-online-portugal\/cinemas-aderentes\/item\/cinema-forum-coimbra\/#breadcrumb"},"inLanguage":"pt-PT","potentialAction":[{"@type":"ReadAction","target":["https:\/\/speed-casino.com\/casinos-online-portugal\/cinemas-aderentes\/item\/cinema-forum-coimbra\/"]}]},{"@type":"BreadcrumbList","@id":"https:\/\/speed-casino.com\/casinos-online-portugal\/cinemas-aderentes\/item\/cinema-forum-coimbra\/#breadcrumb","itemListElement":[{"@type":"ListItem","position":1,"name":"Home","item":"https:\/\/speed-casino.com\/casinos-online-portugal\/"},{"@type":"ListItem","position":2,"name":"Cinema FORUM COIMBRA"}]},{"@type":"WebSite","@id":"https:\/\/speed-casino.com\/casinos-online-portugal\/#website","url":"https:\/\/speed-casino.com\/casinos-online-portugal\/","name":"Aplica\u00e7\u00e3o Mobile para Android &amp; iOS","description":"","publisher":{"@id":"https:\/\/speed-casino.com\/casinos-online-portugal\/#organization"},"potentialAction":[{"@type":"SearchAction","target":{"@type":"EntryPoint","urlTemplate":"https:\/\/speed-casino.com\/casinos-online-portugal\/?s={search_term_string}"},"query-input":{"@type":"PropertyValueSpecification","valueRequired":true,"valueName":"search_term_string"}}],"inLanguage":"pt-PT"},{"@type":"Organization","@id":"https:\/\/speed-casino.com\/casinos-online-portugal\/#organization","name":"Aplica\u00e7\u00e3o Mobile para Android &amp; iOS","url":"https:\/\/speed-casino.com\/casinos-online-portugal\/","logo":{"@type":"ImageObject","inLanguage":"pt-PT","@id":"https:\/\/speed-casino.com\/casinos-online-portugal\/#\/schema\/logo\/image\/","url":"https:\/\/speed-casino.com\/casinos-online-portugal\/wp-content\/uploads\/2022\/08\/logo_melhorappdeapostas.com_.png","contentUrl":"https:\/\/speed-casino.com\/casinos-online-portugal\/wp-content\/uploads\/2022\/08\/logo_melhorappdeapostas.com_.png","width":200,"height":100,"caption":"Aplica\u00e7\u00e3o Mobile para Android &amp; iOS"},"image":{"@id":"https:\/\/speed-casino.com\/casinos-online-portugal\/#\/schema\/logo\/image\/"}}]}},"_links":{"self":[{"href":"https:\/\/speed-casino.com\/casinos-online-portugal\/wp-json\/wp\/v2\/pages\/287","targetHints":{"allow":["GET"]}}],"collection":[{"href":"https:\/\/speed-casino.com\/casinos-online-portugal\/wp-json\/wp\/v2\/pages"}],"about":[{"href":"https:\/\/speed-casino.com\/casinos-online-portugal\/wp-json\/wp\/v2\/types\/page"}],"author":[{"embeddable":true,"href":"https:\/\/speed-casino.com\/casinos-online-portugal\/wp-json\/wp\/v2\/users\/1"}],"replies":[{"embeddable":true,"href":"https:\/\/speed-casino.com\/casinos-online-portugal\/wp-json\/wp\/v2\/comments?post=287"}],"version-history":[{"count":5,"href":"https:\/\/speed-casino.com\/casinos-online-portugal\/wp-json\/wp\/v2\/pages\/287\/revisions"}],"predecessor-version":[{"id":307,"href":"https:\/\/speed-casino.com\/casinos-online-portugal\/wp-json\/wp\/v2\/pages\/287\/revisions\/307"}],"wp:attachment":[{"href":"https:\/\/speed-casino.com\/casinos-online-portugal\/wp-json\/wp\/v2\/media?parent=287"}],"curies":[{"name":"wp","href":"https:\/\/api.w.org\/{rel}","templated":true}]}}