{"id":380,"date":"2023-01-11T00:35:37","date_gmt":"2023-01-11T00:35:37","guid":{"rendered":"https:\/\/speed-casino.com\/casinos-online-portugal\/?page_id=380"},"modified":"2023-01-11T00:36:06","modified_gmt":"2023-01-11T00:36:06","slug":"380-2","status":"publish","type":"page","link":"https:\/\/speed-casino.com\/casinos-online-portugal\/filmes-exibicao\/item\/o-caderno-negro","title":{"rendered":"O Caderno Negro"},"content":{"rendered":"<h2>T\u00edtulo Original: Le Cahier Noir<\/h2>\n<p><iframe loading=\"lazy\" src=\"https:\/\/player.vimeo.com\/video\/284950229?wmode=transparent\" width=\"640\" height=\"360\"><\/iframe><\/p>\n<ul class=\"uk-list\">\n<li class=\"element element-text\"><strong>Realiza\u00e7\u00e3o:: <\/strong> Valeria Sarmiento<\/li>\n<li class=\"element element-text\"><strong>Elenco:: <\/strong> Jenna Thiam, Lou de La\u00e2ge, Niels Schneider, Vict\u00f3ria Guerra, Stanislas Merhar, Joana Ribeiro, Gr\u00e9goire Leprince-Ringuet, Catarina Wallenstein, Miguel Monteiro, Daniela Melchior, Joaquim Leit\u00e3o, Filipe Vargas<\/li>\n<li class=\"element element-text\"><strong>Argumento:: <\/strong> Valeria Sarmiento, Camilo Castelo Branco, Carlos Saboga<\/li>\n<li class=\"element element-text\"><strong>Produ\u00e7\u00e3o:: <\/strong> Paulo Branco, Leopardo Filmes,Alfama Films,CB Partners<\/li>\n<li class=\"element element-text\"><strong>Distribuidor: <\/strong> Leopardo Filmes<\/li>\n<\/ul>\n","protected":false},"excerpt":{"rendered":"<p>T\u00edtulo Original: Le Cahier Noir Realiza\u00e7\u00e3o:: Valeria Sarmiento Elenco:: Jenna Thiam, Lou de La\u00e2ge, Niels Schneider, Vict\u00f3ria Guerra, Stanislas Merhar, Joana Ribeiro, Gr\u00e9goire Leprince-Ringuet, Catarina Wallenstein, Miguel Monteiro, Daniela Melchior, Joaquim Leit\u00e3o, Filipe Vargas Argumento:: Valeria Sarmiento, Camilo Castelo Branco, Carlos Saboga Produ\u00e7\u00e3o:: Paulo Branco, Leopardo Filmes,Alfama Films,CB Partners Distribuidor: Leopardo Filmes<\/p>\n","protected":false},"author":1,"featured_media":0,"parent":0,"menu_order":0,"comment_status":"closed","ping_status":"closed","template":"","meta":{"_acf_changed":false,"footnotes":""},"class_list":["post-380","page","type-page","status-publish","hentry"],"acf":[],"yoast_head":"<!-- This site is optimized with the Yoast SEO plugin v27.2 - https:\/\/yoast.com\/product\/yoast-seo-wordpress\/ -->\n<title>O Caderno Negro - Festa do Cinema com bilhetes a 2,5\u20ac em todas as salas de cinema<\/title>\n<meta name=\"description\" content=\"Bilhetes de cinema a \u20ac2,5 em todas as salas de cinema, para todos os filmes em exbi\u00e7\u00e3o em 2D. em Portugal, durante 3 dias - Festa do cinema, Twitter.com\/FestadoCinema, Facebook.com\/FestadoCinema https:\/\/speed-casino.com\/casinos-online-portugal\/A APEC (Associa\u00e7\u00e3o Portuguesa de Empresas Cinematogr\u00e1ficas) com o apoio do ICA (Instituto do Cinema e do Audiovisual) e dos distribuidores de conte\u00fados audiovisuais, representados pela FEVIP (Associa\u00e7\u00e3o de Defesa das Obras Audiovisuais) e GEDIPE (Associa\u00e7\u00e3o para a Gest\u00e3o de Direitos de Autor, Produtores e Editores) promovem, pela primeira vez em Portugal, a Festa do Cinema, disponibilizando bilhetes pelo valor unit\u00e1rio de 2,50\u20ac para o espetador assistir a qualquer um dos filmes em cartaz, durante os tr\u00eas dias do evento. Com cerca de 500 salas de cinema, totalizando 94.000 lugares, este \u00e9 o maior evento promocional cinematogr\u00e1fico alguma vez ocorrido em Portugal. A Festa do Cinema tem como mote promover o envolvimento do p\u00fablico com o acto cultural de assist\u00eancia cinematogr\u00e1fica em sala, uma pr\u00e1tica social por excel\u00eancia que queremos cada vez mais desenvolver no nosso mercado. powered by 7App.pt\" \/>\n<meta name=\"robots\" content=\"index, follow, max-snippet:-1, max-image-preview:large, max-video-preview:-1\" \/>\n<link rel=\"canonical\" href=\"https:\/\/speed-casino.com\/casinos-online-portugal\/filmes-exibicao\/item\/o-caderno-negro\/\" \/>\n<meta property=\"og:locale\" content=\"pt_PT\" \/>\n<meta property=\"og:type\" content=\"article\" \/>\n<meta property=\"og:title\" content=\"O Caderno Negro - Festa do Cinema com bilhetes a 2,5\u20ac em todas as salas de cinema\" \/>\n<meta property=\"og:description\" content=\"Bilhetes de cinema a \u20ac2,5 em todas as salas de cinema, para todos os filmes em exbi\u00e7\u00e3o em 2D. em Portugal, durante 3 dias - Festa do cinema, Twitter.com\/FestadoCinema, Facebook.com\/FestadoCinema https:\/\/speed-casino.com\/casinos-online-portugal\/A APEC (Associa\u00e7\u00e3o Portuguesa de Empresas Cinematogr\u00e1ficas) com o apoio do ICA (Instituto do Cinema e do Audiovisual) e dos distribuidores de conte\u00fados audiovisuais, representados pela FEVIP (Associa\u00e7\u00e3o de Defesa das Obras Audiovisuais) e GEDIPE (Associa\u00e7\u00e3o para a Gest\u00e3o de Direitos de Autor, Produtores e Editores) promovem, pela primeira vez em Portugal, a Festa do Cinema, disponibilizando bilhetes pelo valor unit\u00e1rio de 2,50\u20ac para o espetador assistir a qualquer um dos filmes em cartaz, durante os tr\u00eas dias do evento. Com cerca de 500 salas de cinema, totalizando 94.000 lugares, este \u00e9 o maior evento promocional cinematogr\u00e1fico alguma vez ocorrido em Portugal. A Festa do Cinema tem como mote promover o envolvimento do p\u00fablico com o acto cultural de assist\u00eancia cinematogr\u00e1fica em sala, uma pr\u00e1tica social por excel\u00eancia que queremos cada vez mais desenvolver no nosso mercado. powered by 7App.pt\" \/>\n<meta property=\"og:url\" content=\"https:\/\/speed-casino.com\/casinos-online-portugal\/filmes-exibicao\/item\/o-caderno-negro\/\" \/>\n<meta property=\"og:site_name\" content=\"Aplica\u00e7\u00e3o Mobile para Android &amp; iOS\" \/>\n<meta property=\"article:modified_time\" content=\"2023-01-11T00:36:06+00:00\" \/>\n<meta name=\"twitter:card\" content=\"summary_large_image\" \/>\n<meta name=\"twitter:label1\" content=\"Tempo estimado de leitura\" \/>\n\t<meta name=\"twitter:data1\" content=\"1 minuto\" \/>\n<script type=\"application\/ld+json\" class=\"yoast-schema-graph\">{\"@context\":\"https:\/\/schema.org\",\"@graph\":[{\"@type\":\"WebPage\",\"@id\":\"https:\/\/speed-casino.com\/casinos-online-portugal\/filmes-exibicao\/item\/o-caderno-negro\/\",\"url\":\"https:\/\/speed-casino.com\/casinos-online-portugal\/filmes-exibicao\/item\/o-caderno-negro\/\",\"name\":\"O Caderno Negro - Festa do Cinema com bilhetes a 2,5\u20ac em todas as salas de cinema\",\"isPartOf\":{\"@id\":\"https:\/\/speed-casino.com\/casinos-online-portugal\/#website\"},\"datePublished\":\"2023-01-11T00:35:37+00:00\",\"dateModified\":\"2023-01-11T00:36:06+00:00\",\"description\":\"Bilhetes de cinema a \u20ac2,5 em todas as salas de cinema, para todos os filmes em exbi\u00e7\u00e3o em 2D. em Portugal, durante 3 dias - Festa do cinema, Twitter.com\/FestadoCinema, Facebook.com\/FestadoCinema https:\/\/speed-casino.com\/casinos-online-portugal\/A APEC (Associa\u00e7\u00e3o Portuguesa de Empresas Cinematogr\u00e1ficas) com o apoio do ICA (Instituto do Cinema e do Audiovisual) e dos distribuidores de conte\u00fados audiovisuais, representados pela FEVIP (Associa\u00e7\u00e3o de Defesa das Obras Audiovisuais) e GEDIPE (Associa\u00e7\u00e3o para a Gest\u00e3o de Direitos de Autor, Produtores e Editores) promovem, pela primeira vez em Portugal, a Festa do Cinema, disponibilizando bilhetes pelo valor unit\u00e1rio de 2,50\u20ac para o espetador assistir a qualquer um dos filmes em cartaz, durante os tr\u00eas dias do evento. Com cerca de 500 salas de cinema, totalizando 94.000 lugares, este \u00e9 o maior evento promocional cinematogr\u00e1fico alguma vez ocorrido em Portugal. A Festa do Cinema tem como mote promover o envolvimento do p\u00fablico com o acto cultural de assist\u00eancia cinematogr\u00e1fica em sala, uma pr\u00e1tica social por excel\u00eancia que queremos cada vez mais desenvolver no nosso mercado. powered by 7App.pt\",\"breadcrumb\":{\"@id\":\"https:\/\/speed-casino.com\/casinos-online-portugal\/filmes-exibicao\/item\/o-caderno-negro\/#breadcrumb\"},\"inLanguage\":\"pt-PT\",\"potentialAction\":[{\"@type\":\"ReadAction\",\"target\":[\"https:\/\/speed-casino.com\/casinos-online-portugal\/filmes-exibicao\/item\/o-caderno-negro\/\"]}]},{\"@type\":\"BreadcrumbList\",\"@id\":\"https:\/\/speed-casino.com\/casinos-online-portugal\/filmes-exibicao\/item\/o-caderno-negro\/#breadcrumb\",\"itemListElement\":[{\"@type\":\"ListItem\",\"position\":1,\"name\":\"Home\",\"item\":\"https:\/\/speed-casino.com\/casinos-online-portugal\/\"},{\"@type\":\"ListItem\",\"position\":2,\"name\":\"O Caderno Negro\"}]},{\"@type\":\"WebSite\",\"@id\":\"https:\/\/speed-casino.com\/casinos-online-portugal\/#website\",\"url\":\"https:\/\/speed-casino.com\/casinos-online-portugal\/\",\"name\":\"Aplica\u00e7\u00e3o Mobile para Android &amp; iOS\",\"description\":\"\",\"publisher\":{\"@id\":\"https:\/\/speed-casino.com\/casinos-online-portugal\/#organization\"},\"potentialAction\":[{\"@type\":\"SearchAction\",\"target\":{\"@type\":\"EntryPoint\",\"urlTemplate\":\"https:\/\/speed-casino.com\/casinos-online-portugal\/?s={search_term_string}\"},\"query-input\":{\"@type\":\"PropertyValueSpecification\",\"valueRequired\":true,\"valueName\":\"search_term_string\"}}],\"inLanguage\":\"pt-PT\"},{\"@type\":\"Organization\",\"@id\":\"https:\/\/speed-casino.com\/casinos-online-portugal\/#organization\",\"name\":\"Aplica\u00e7\u00e3o Mobile para Android &amp; iOS\",\"url\":\"https:\/\/speed-casino.com\/casinos-online-portugal\/\",\"logo\":{\"@type\":\"ImageObject\",\"inLanguage\":\"pt-PT\",\"@id\":\"https:\/\/speed-casino.com\/casinos-online-portugal\/#\/schema\/logo\/image\/\",\"url\":\"https:\/\/speed-casino.com\/casinos-online-portugal\/wp-content\/uploads\/2022\/08\/logo_melhorappdeapostas.com_.png\",\"contentUrl\":\"https:\/\/speed-casino.com\/casinos-online-portugal\/wp-content\/uploads\/2022\/08\/logo_melhorappdeapostas.com_.png\",\"width\":200,\"height\":100,\"caption\":\"Aplica\u00e7\u00e3o Mobile para Android &amp; iOS\"},\"image\":{\"@id\":\"https:\/\/speed-casino.com\/casinos-online-portugal\/#\/schema\/logo\/image\/\"}}]}<\/script>\n<!-- \/ Yoast SEO plugin. -->","yoast_head_json":{"title":"O Caderno Negro - Festa do Cinema com bilhetes a 2,5\u20ac em todas as salas de cinema","description":"Bilhetes de cinema a \u20ac2,5 em todas as salas de cinema, para todos os filmes em exbi\u00e7\u00e3o em 2D. em Portugal, durante 3 dias - Festa do cinema, Twitter.com\/FestadoCinema, Facebook.com\/FestadoCinema https:\/\/speed-casino.com\/casinos-online-portugal\/A APEC (Associa\u00e7\u00e3o Portuguesa de Empresas Cinematogr\u00e1ficas) com o apoio do ICA (Instituto do Cinema e do Audiovisual) e dos distribuidores de conte\u00fados audiovisuais, representados pela FEVIP (Associa\u00e7\u00e3o de Defesa das Obras Audiovisuais) e GEDIPE (Associa\u00e7\u00e3o para a Gest\u00e3o de Direitos de Autor, Produtores e Editores) promovem, pela primeira vez em Portugal, a Festa do Cinema, disponibilizando bilhetes pelo valor unit\u00e1rio de 2,50\u20ac para o espetador assistir a qualquer um dos filmes em cartaz, durante os tr\u00eas dias do evento. Com cerca de 500 salas de cinema, totalizando 94.000 lugares, este \u00e9 o maior evento promocional cinematogr\u00e1fico alguma vez ocorrido em Portugal. A Festa do Cinema tem como mote promover o envolvimento do p\u00fablico com o acto cultural de assist\u00eancia cinematogr\u00e1fica em sala, uma pr\u00e1tica social por excel\u00eancia que queremos cada vez mais desenvolver no nosso mercado. powered by 7App.pt","robots":{"index":"index","follow":"follow","max-snippet":"max-snippet:-1","max-image-preview":"max-image-preview:large","max-video-preview":"max-video-preview:-1"},"canonical":"https:\/\/speed-casino.com\/casinos-online-portugal\/filmes-exibicao\/item\/o-caderno-negro\/","og_locale":"pt_PT","og_type":"article","og_title":"O Caderno Negro - Festa do Cinema com bilhetes a 2,5\u20ac em todas as salas de cinema","og_description":"Bilhetes de cinema a \u20ac2,5 em todas as salas de cinema, para todos os filmes em exbi\u00e7\u00e3o em 2D. em Portugal, durante 3 dias - Festa do cinema, Twitter.com\/FestadoCinema, Facebook.com\/FestadoCinema https:\/\/speed-casino.com\/casinos-online-portugal\/A APEC (Associa\u00e7\u00e3o Portuguesa de Empresas Cinematogr\u00e1ficas) com o apoio do ICA (Instituto do Cinema e do Audiovisual) e dos distribuidores de conte\u00fados audiovisuais, representados pela FEVIP (Associa\u00e7\u00e3o de Defesa das Obras Audiovisuais) e GEDIPE (Associa\u00e7\u00e3o para a Gest\u00e3o de Direitos de Autor, Produtores e Editores) promovem, pela primeira vez em Portugal, a Festa do Cinema, disponibilizando bilhetes pelo valor unit\u00e1rio de 2,50\u20ac para o espetador assistir a qualquer um dos filmes em cartaz, durante os tr\u00eas dias do evento. Com cerca de 500 salas de cinema, totalizando 94.000 lugares, este \u00e9 o maior evento promocional cinematogr\u00e1fico alguma vez ocorrido em Portugal. A Festa do Cinema tem como mote promover o envolvimento do p\u00fablico com o acto cultural de assist\u00eancia cinematogr\u00e1fica em sala, uma pr\u00e1tica social por excel\u00eancia que queremos cada vez mais desenvolver no nosso mercado. powered by 7App.pt","og_url":"https:\/\/speed-casino.com\/casinos-online-portugal\/filmes-exibicao\/item\/o-caderno-negro\/","og_site_name":"Aplica\u00e7\u00e3o Mobile para Android &amp; iOS","article_modified_time":"2023-01-11T00:36:06+00:00","twitter_card":"summary_large_image","twitter_misc":{"Tempo estimado de leitura":"1 minuto"},"schema":{"@context":"https:\/\/schema.org","@graph":[{"@type":"WebPage","@id":"https:\/\/speed-casino.com\/casinos-online-portugal\/filmes-exibicao\/item\/o-caderno-negro\/","url":"https:\/\/speed-casino.com\/casinos-online-portugal\/filmes-exibicao\/item\/o-caderno-negro\/","name":"O Caderno Negro - Festa do Cinema com bilhetes a 2,5\u20ac em todas as salas de cinema","isPartOf":{"@id":"https:\/\/speed-casino.com\/casinos-online-portugal\/#website"},"datePublished":"2023-01-11T00:35:37+00:00","dateModified":"2023-01-11T00:36:06+00:00","description":"Bilhetes de cinema a \u20ac2,5 em todas as salas de cinema, para todos os filmes em exbi\u00e7\u00e3o em 2D. em Portugal, durante 3 dias - Festa do cinema, Twitter.com\/FestadoCinema, Facebook.com\/FestadoCinema https:\/\/speed-casino.com\/casinos-online-portugal\/A APEC (Associa\u00e7\u00e3o Portuguesa de Empresas Cinematogr\u00e1ficas) com o apoio do ICA (Instituto do Cinema e do Audiovisual) e dos distribuidores de conte\u00fados audiovisuais, representados pela FEVIP (Associa\u00e7\u00e3o de Defesa das Obras Audiovisuais) e GEDIPE (Associa\u00e7\u00e3o para a Gest\u00e3o de Direitos de Autor, Produtores e Editores) promovem, pela primeira vez em Portugal, a Festa do Cinema, disponibilizando bilhetes pelo valor unit\u00e1rio de 2,50\u20ac para o espetador assistir a qualquer um dos filmes em cartaz, durante os tr\u00eas dias do evento. Com cerca de 500 salas de cinema, totalizando 94.000 lugares, este \u00e9 o maior evento promocional cinematogr\u00e1fico alguma vez ocorrido em Portugal. A Festa do Cinema tem como mote promover o envolvimento do p\u00fablico com o acto cultural de assist\u00eancia cinematogr\u00e1fica em sala, uma pr\u00e1tica social por excel\u00eancia que queremos cada vez mais desenvolver no nosso mercado. powered by 7App.pt","breadcrumb":{"@id":"https:\/\/speed-casino.com\/casinos-online-portugal\/filmes-exibicao\/item\/o-caderno-negro\/#breadcrumb"},"inLanguage":"pt-PT","potentialAction":[{"@type":"ReadAction","target":["https:\/\/speed-casino.com\/casinos-online-portugal\/filmes-exibicao\/item\/o-caderno-negro\/"]}]},{"@type":"BreadcrumbList","@id":"https:\/\/speed-casino.com\/casinos-online-portugal\/filmes-exibicao\/item\/o-caderno-negro\/#breadcrumb","itemListElement":[{"@type":"ListItem","position":1,"name":"Home","item":"https:\/\/speed-casino.com\/casinos-online-portugal\/"},{"@type":"ListItem","position":2,"name":"O Caderno Negro"}]},{"@type":"WebSite","@id":"https:\/\/speed-casino.com\/casinos-online-portugal\/#website","url":"https:\/\/speed-casino.com\/casinos-online-portugal\/","name":"Aplica\u00e7\u00e3o Mobile para Android &amp; iOS","description":"","publisher":{"@id":"https:\/\/speed-casino.com\/casinos-online-portugal\/#organization"},"potentialAction":[{"@type":"SearchAction","target":{"@type":"EntryPoint","urlTemplate":"https:\/\/speed-casino.com\/casinos-online-portugal\/?s={search_term_string}"},"query-input":{"@type":"PropertyValueSpecification","valueRequired":true,"valueName":"search_term_string"}}],"inLanguage":"pt-PT"},{"@type":"Organization","@id":"https:\/\/speed-casino.com\/casinos-online-portugal\/#organization","name":"Aplica\u00e7\u00e3o Mobile para Android &amp; iOS","url":"https:\/\/speed-casino.com\/casinos-online-portugal\/","logo":{"@type":"ImageObject","inLanguage":"pt-PT","@id":"https:\/\/speed-casino.com\/casinos-online-portugal\/#\/schema\/logo\/image\/","url":"https:\/\/speed-casino.com\/casinos-online-portugal\/wp-content\/uploads\/2022\/08\/logo_melhorappdeapostas.com_.png","contentUrl":"https:\/\/speed-casino.com\/casinos-online-portugal\/wp-content\/uploads\/2022\/08\/logo_melhorappdeapostas.com_.png","width":200,"height":100,"caption":"Aplica\u00e7\u00e3o Mobile para Android &amp; iOS"},"image":{"@id":"https:\/\/speed-casino.com\/casinos-online-portugal\/#\/schema\/logo\/image\/"}}]}},"_links":{"self":[{"href":"https:\/\/speed-casino.com\/casinos-online-portugal\/wp-json\/wp\/v2\/pages\/380","targetHints":{"allow":["GET"]}}],"collection":[{"href":"https:\/\/speed-casino.com\/casinos-online-portugal\/wp-json\/wp\/v2\/pages"}],"about":[{"href":"https:\/\/speed-casino.com\/casinos-online-portugal\/wp-json\/wp\/v2\/types\/page"}],"author":[{"embeddable":true,"href":"https:\/\/speed-casino.com\/casinos-online-portugal\/wp-json\/wp\/v2\/users\/1"}],"replies":[{"embeddable":true,"href":"https:\/\/speed-casino.com\/casinos-online-portugal\/wp-json\/wp\/v2\/comments?post=380"}],"version-history":[{"count":3,"href":"https:\/\/speed-casino.com\/casinos-online-portugal\/wp-json\/wp\/v2\/pages\/380\/revisions"}],"predecessor-version":[{"id":383,"href":"https:\/\/speed-casino.com\/casinos-online-portugal\/wp-json\/wp\/v2\/pages\/380\/revisions\/383"}],"wp:attachment":[{"href":"https:\/\/speed-casino.com\/casinos-online-portugal\/wp-json\/wp\/v2\/media?parent=380"}],"curies":[{"name":"wp","href":"https:\/\/api.w.org\/{rel}","templated":true}]}}