{"id":54,"date":"2022-08-26T12:51:25","date_gmt":"2022-08-26T12:51:25","guid":{"rendered":"https:\/\/speed-casino.com\/casinos-online-portugal\/?page_id=54"},"modified":"2022-08-26T12:51:25","modified_gmt":"2022-08-26T12:51:25","slug":"programa-de-afiliados","status":"publish","type":"page","link":"https:\/\/speed-casino.com\/casinos-online-portugal\/programa-de-afiliados\/","title":{"rendered":"Programa de afiliados"},"content":{"rendered":"<p>O programa de afiliados 22Bet \u00e9 a ferramenta atrav\u00e9s da qual a marca quer se divulgar e crescer em conjunto com seus parceiros! Precisamos de peritos e especialistas em tr\u00e1fego web que ajudem ao crescimento de nosso neg\u00f3cio e mostrem as vantagens de nossa plataforma de apostas esportivas. Juntando o talento e a compet\u00eancia de profissionais de marketing ao \u00f3bvio potencial de crescimento da plataforma 22Bet, se abre um interessante caminho de colabora\u00e7\u00e3o pela frente, com benef\u00edcios para todos! Saiba mais lendo esse artigo e n\u00e3o deixe de entrar em contato conosco para acessar toda a informa\u00e7\u00e3o que precisar.<\/p>\n<div id=\"ez-toc-container\" class=\"ez-toc-v2_0_82_1 ez-toc-wrap-center counter-hierarchy ez-toc-counter ez-toc-grey ez-toc-container-direction\">\n<div class=\"ez-toc-title-container\">\n<p class=\"ez-toc-title\" style=\"cursor:inherit\">\u00cdndice<\/p>\n<span class=\"ez-toc-title-toggle\"><a href=\"#\" class=\"ez-toc-pull-right ez-toc-btn ez-toc-btn-xs ez-toc-btn-default ez-toc-toggle\" aria-label=\"Toggle Table of Content\"><span class=\"ez-toc-js-icon-con\"><span class=\"\"><span class=\"eztoc-hide\" style=\"display:none;\">Toggle<\/span><span class=\"ez-toc-icon-toggle-span\"><svg style=\"fill: #999;color:#999\" xmlns=\"http:\/\/www.w3.org\/2000\/svg\" class=\"list-377408\" width=\"20px\" height=\"20px\" viewBox=\"0 0 24 24\" fill=\"none\"><path d=\"M6 6H4v2h2V6zm14 0H8v2h12V6zM4 11h2v2H4v-2zm16 0H8v2h12v-2zM4 16h2v2H4v-2zm16 0H8v2h12v-2z\" fill=\"currentColor\"><\/path><\/svg><svg style=\"fill: #999;color:#999\" class=\"arrow-unsorted-368013\" xmlns=\"http:\/\/www.w3.org\/2000\/svg\" width=\"10px\" height=\"10px\" viewBox=\"0 0 24 24\" version=\"1.2\" baseProfile=\"tiny\"><path d=\"M18.2 9.3l-6.2-6.3-6.2 6.3c-.2.2-.3.4-.3.7s.1.5.3.7c.2.2.4.3.7.3h11c.3 0 .5-.1.7-.3.2-.2.3-.5.3-.7s-.1-.5-.3-.7zM5.8 14.7l6.2 6.3 6.2-6.3c.2-.2.3-.5.3-.7s-.1-.5-.3-.7c-.2-.2-.4-.3-.7-.3h-11c-.3 0-.5.1-.7.3-.2.2-.3.5-.3.7s.1.5.3.7z\"\/><\/svg><\/span><\/span><\/span><\/a><\/span><\/div>\n<nav><ul class='ez-toc-list ez-toc-list-level-1 eztoc-toggle-hide-by-default' ><li class='ez-toc-page-1 ez-toc-heading-level-2'><a class=\"ez-toc-link ez-toc-heading-1\" href=\"https:\/\/speed-casino.com\/casinos-online-portugal\/programa-de-afiliados\/#Como_funciona\" >Como funciona<\/a><ul class='ez-toc-list-level-3' ><li class='ez-toc-heading-level-3'><a class=\"ez-toc-link ez-toc-heading-2\" href=\"https:\/\/speed-casino.com\/casinos-online-portugal\/programa-de-afiliados\/#O_que_sao_os_modelos_de_pagamento_CPA_RevenueShare_e_Hibrido\" >O que s\u00e3o os modelos de pagamento CPA, RevenueShare e H\u00edbrido?<\/a><ul class='ez-toc-list-level-4' ><li class='ez-toc-heading-level-4'><a class=\"ez-toc-link ez-toc-heading-3\" href=\"https:\/\/speed-casino.com\/casinos-online-portugal\/programa-de-afiliados\/#CPA\" >CPA<\/a><\/li><li class='ez-toc-page-1 ez-toc-heading-level-4'><a class=\"ez-toc-link ez-toc-heading-4\" href=\"https:\/\/speed-casino.com\/casinos-online-portugal\/programa-de-afiliados\/#RevenueShare\" >RevenueShare<\/a><\/li><li class='ez-toc-page-1 ez-toc-heading-level-4'><a class=\"ez-toc-link ez-toc-heading-5\" href=\"https:\/\/speed-casino.com\/casinos-online-portugal\/programa-de-afiliados\/#Hibrido\" >H\u00edbrido<\/a><\/li><\/ul><\/li><\/ul><\/li><li class='ez-toc-page-1 ez-toc-heading-level-2'><a class=\"ez-toc-link ez-toc-heading-6\" href=\"https:\/\/speed-casino.com\/casinos-online-portugal\/programa-de-afiliados\/#Beneficios_do_programa_de_afiliados_22Bet\" >Benef\u00edcios do programa de afiliados 22Bet<\/a><\/li><li class='ez-toc-page-1 ez-toc-heading-level-2'><a class=\"ez-toc-link ez-toc-heading-7\" href=\"https:\/\/speed-casino.com\/casinos-online-portugal\/programa-de-afiliados\/#Metodos_de_pagamento\" >M\u00e9todos de pagamento<\/a><\/li><li class='ez-toc-page-1 ez-toc-heading-level-2'><a class=\"ez-toc-link ez-toc-heading-8\" href=\"https:\/\/speed-casino.com\/casinos-online-portugal\/programa-de-afiliados\/#Perguntas_mais_Frequentes\" >Perguntas mais Frequentes<\/a><ul class='ez-toc-list-level-3' ><li class='ez-toc-heading-level-3'><a class=\"ez-toc-link ez-toc-heading-9\" href=\"https:\/\/speed-casino.com\/casinos-online-portugal\/programa-de-afiliados\/#O_que_e_um_programa_de_afiliados\" >O que \u00e9 um programa de afiliados?<\/a><\/li><li class='ez-toc-page-1 ez-toc-heading-level-3'><a class=\"ez-toc-link ez-toc-heading-10\" href=\"https:\/\/speed-casino.com\/casinos-online-portugal\/programa-de-afiliados\/#Como_posso_ganhar_dinheiro\" >Como posso ganhar dinheiro?<\/a><\/li><li class='ez-toc-page-1 ez-toc-heading-level-3'><a class=\"ez-toc-link ez-toc-heading-11\" href=\"https:\/\/speed-casino.com\/casinos-online-portugal\/programa-de-afiliados\/#Quanto_tempo_demora_ate_a_operacao_estar_no_ar\" >Quanto tempo demora at\u00e9 a opera\u00e7\u00e3o estar no ar?<\/a><\/li><li class='ez-toc-page-1 ez-toc-heading-level-3'><a class=\"ez-toc-link ez-toc-heading-12\" href=\"https:\/\/speed-casino.com\/casinos-online-portugal\/programa-de-afiliados\/#Os_meus_visitantes_podem_acessar_atraves_de_mobile\" >Os meus visitantes podem acessar atrav\u00e9s de mobile?<\/a><\/li><\/ul><\/li><\/ul><\/nav><\/div>\n\n<h2>Como funciona<\/h2>\n<p>Voc\u00ea \u00e9 profissional ou especialista em marketing online? Tem um blog ou um site com bons n\u00fameros de visitantes regulares? Acredita que seus visitantes, usu\u00e1rios ou clientes estar\u00e3o interessados em uma boa casa de apostas esportivas? Ent\u00e3o torne-se um afiliado da 22Bet. Fa\u00e7a publicidade \u00e0 marca 22Bet, encaminhe novos apostadores e usu\u00e1rios para a plataforma e ser\u00e1 financeiramente recompensado por isso! Contamos com a capacidade de empreendedorismo, iniciativa e saber-fazer de nossos afiliados, e estamos dispostos a pagar bem por essa compet\u00eancia. Quantos mais usu\u00e1rios voc\u00ea trouxer de novo para a plataforma de apostas 22Bet, mais dinheiro receber\u00e1.<\/p>\n<h3>O que s\u00e3o os modelos de pagamento CPA, RevenueShare e H\u00edbrido?<\/h3>\n<p>Esses termos t\u00e9cnicos representam diferentes modelos de recompensa ou pagamento atrav\u00e9s dos quais os afiliados \u2013 os membros de um programa desse g\u00eanero \u2013 podem ser pagos. Veja as diferen\u00e7as:<\/p>\n<h4>CPA<\/h4>\n<p>A sigla vem de \u201cCost Per Acquisition\u201d (Custo por Aquisi\u00e7\u00e3o) e significa, simplesmente, que voc\u00ea recebe um pagamento fixo por cada contato \u201cseu\u201d que se cadastrar na plataforma.<\/p>\n<h4>RevenueShare<\/h4>\n<p>Neste caso, o afiliado recebe uma porcentagem do dinheiro que seu contato der a ganhar, \u201cpara sempre\u201d \u2013 ou seja, enquanto esse usu\u00e1rio for cliente da plataforma. Quanto mais valioso ele se revelar no longo prazo, mais renda o afiliado recebe.<\/p>\n<h4>H\u00edbrido<\/h4>\n<p>Como o nome deixa prever, esse \u00e9 uma combina\u00e7\u00e3o dos dois anteriores; a porcentagem \u00e9 teoricamente mais baixa, mas o afiliado ganha de duas formas.<\/p>\n<h2>Benef\u00edcios do programa de afiliados 22Bet<\/h2>\n<p>Para al\u00e9m da fonte de renda que voc\u00ea obt\u00e9m do trabalho em cima de sua rede de clientes e usu\u00e1rios, existem diversos outros benef\u00edcios para quem trabalha com nosso programa:<\/p>\n<ul>\n<li>Estat\u00edsticas. Consulte estat\u00edsticas atualizadas e detalhadas fornecidas por nosso departamento de marketing para afinar e otimizar suas campanhas.<\/li>\n<li>Materiais promocionais. Voc\u00ea n\u00e3o tem de fazer nada nesse quesito \u2013 n\u00f3s fornecemos todos os materiais promocionais que voc\u00ea possa precisar para divulgar a marca 22Bet.<\/li>\n<li>Pagamentos r\u00e1pidos. N\u00e3o precisa ficar esperando prazos longos ou sem justifica\u00e7\u00e3o, receba o mais r\u00e1pido poss\u00edvel.<\/li>\n<li>Trabalho em equipe. Estamos sempre prontos a ouvir suas quest\u00f5es e suas contribui\u00e7\u00f5es!<\/li>\n<\/ul>\n<h2>M\u00e9todos de pagamento<\/h2>\n<p>A plataforma 22Bet compreende mais de 70 m\u00e9todos de pagamento diferentes, pelo que poder\u00e1 escolher de entre praticamente todas as op\u00e7\u00f5es poss\u00edveis! Alguns clientes gostam de receber de uma forma mais tradicional, atrav\u00e9s de transfer\u00eancia banc\u00e1ria, processando depois suas contas de um jeito muito regular. Outros escolhem receber atrav\u00e9s de e-wallets, como o Skrill, o Neteller ou o Vcreditos, fazendo por sua vez pagamentos diretamente atrav\u00e9s do respetivo servi\u00e7o de e-wallet. Tem at\u00e9 quem prefira receber em criptomoeda (Bitcoin ou outra), e\u00a0<a href=\"https:\/\/speed-casino.com\/casinos-online-portugal\/\">a 22Bet<\/a>\u00a0poder\u00e1 verificar as condi\u00e7\u00f5es para isso ser feito dessa forma tamb\u00e9m.<\/p>\n<h2>Perguntas mais Frequentes<\/h2>\n<p>Veja em seguida as perguntas mais frequentes feitas pelos potenciais interessados na ades\u00e3o ao programa de afiliados 22Bet.<\/p>\n\t\t\t\r\n\t\t\t<div class=\"accord-wrap\" id=\"crystal_wpsm_accordion_55\" itemscope itemtype=\"https:\/\/schema.org\/FAQPage\">\r\n\t\t\t\t\r\n\t\t\t\t\t<div class=\"accord-block\" itemscope itemprop=\"mainEntity\" itemtype=\"https:\/\/schema.org\/Question\">\r\n\t\t\t\t\t\t<h3 class=\"accord-block-header\" itemprop=\"name\">O que \u00e9 um programa de afiliados?<\/h3>\r\n\t\t\t\t\t\t<div class=\"accord-block-content\" itemscope itemprop=\"acceptedAnswer\" itemtype=\"https:\/\/schema.org\/Answer\">\r\n\t\t\t\t\t\t\t<div itemprop=\"text\">\r\n\t\t\t\t\t\t\t\t\u00c9 um programa de marketing em que blogs, sites e outras plataformas dinamizadas por especialistas em marketing digital encaminham tr\u00e1fego e usu\u00e1rios para uma outra parte, sendo pagos por esse tr\u00e1fego.\t\t\t\t\t\t\t<\/div>\r\n\t\t\t\t\t\t<\/div>\r\n\t\t\t\t\t<\/div>\r\n\r\n\t\t\t\t\r\n\t\t\t\t\t<div class=\"accord-block\" itemscope itemprop=\"mainEntity\" itemtype=\"https:\/\/schema.org\/Question\">\r\n\t\t\t\t\t\t<h3 class=\"accord-block-header\" itemprop=\"name\">Como posso ganhar dinheiro?<\/h3>\r\n\t\t\t\t\t\t<div class=\"accord-block-content\" itemscope itemprop=\"acceptedAnswer\" itemtype=\"https:\/\/schema.org\/Answer\">\r\n\t\t\t\t\t\t\t<div itemprop=\"text\">\r\n\t\t\t\t\t\t\t\tFa\u00e7a publicidade \u00e0 22Bet. Quanto mais usu\u00e1rios e clientes voc\u00ea trouxer \u00e0 22Bet, mais dinheiro poder\u00e1 ganhar.\t\t\t\t\t\t\t<\/div>\r\n\t\t\t\t\t\t<\/div>\r\n\t\t\t\t\t<\/div>\r\n\r\n\t\t\t\t\r\n\t\t\t\t\t<div class=\"accord-block\" itemscope itemprop=\"mainEntity\" itemtype=\"https:\/\/schema.org\/Question\">\r\n\t\t\t\t\t\t<h3 class=\"accord-block-header\" itemprop=\"name\">Quanto tempo demora at\u00e9 a opera\u00e7\u00e3o estar no ar?<\/h3>\r\n\t\t\t\t\t\t<div class=\"accord-block-content\" itemscope itemprop=\"acceptedAnswer\" itemtype=\"https:\/\/schema.org\/Answer\">\r\n\t\t\t\t\t\t\t<div itemprop=\"text\">\r\n\t\t\t\t\t\t\t\tEstamos falando em uma quest\u00e3o de poucos dias! A 22Bet tem urg\u00eancia em trazer tr\u00e1fego e n\u00e3o vai ficar perdendo tempo com burocracia, nem com procedimentos t\u00e9cnicos complicados. J\u00e1 temos os materiais promocionais e todas nossas ferramentas de marketing funcionando; na pr\u00e1tica, basta voc\u00ea pegar esse pacote j\u00e1 pronto e pode come\u00e7ar a rolar!\t\t\t\t\t\t\t<\/div>\r\n\t\t\t\t\t\t<\/div>\r\n\t\t\t\t\t<\/div>\r\n\r\n\t\t\t\t\r\n\t\t\t\t\t<div class=\"accord-block\" itemscope itemprop=\"mainEntity\" itemtype=\"https:\/\/schema.org\/Question\">\r\n\t\t\t\t\t\t<h3 class=\"accord-block-header\" itemprop=\"name\">Os meus visitantes podem acessar atrav\u00e9s de mobile?<\/h3>\r\n\t\t\t\t\t\t<div class=\"accord-block-content\" itemscope itemprop=\"acceptedAnswer\" itemtype=\"https:\/\/schema.org\/Answer\">\r\n\t\t\t\t\t\t\t<div itemprop=\"text\">\r\n\t\t\t\t\t\t\t\tSim, sempre! A 22Bet est\u00e1 totalmente otimizada para celulares (smartphones) e tablets.\t\t\t\t\t\t\t<\/div>\r\n\t\t\t\t\t\t<\/div>\r\n\t\t\t\t\t<\/div>\r\n\r\n\t\t\t\t\t\t\t<\/div>\r\n\t\t\n","protected":false},"excerpt":{"rendered":"<p>O programa de afiliados 22Bet \u00e9 a ferramenta atrav\u00e9s da qual a marca quer se divulgar e crescer em conjunto com seus parceiros! Precisamos de peritos e especialistas em tr\u00e1fego web que ajudem ao crescimento de nosso neg\u00f3cio e mostrem as vantagens de nossa plataforma de apostas esportivas. Juntando o talento e a compet\u00eancia de [&hellip;]<\/p>\n","protected":false},"author":1,"featured_media":0,"parent":0,"menu_order":0,"comment_status":"closed","ping_status":"closed","template":"","meta":{"_acf_changed":false,"footnotes":""},"class_list":["post-54","page","type-page","status-publish","hentry"],"acf":[],"yoast_head":"<!-- This site is optimized with the Yoast SEO plugin v27.2 - https:\/\/yoast.com\/product\/yoast-seo-wordpress\/ -->\n<title>Programa de afiliados 22BET | Como funciona<\/title>\n<meta name=\"robots\" content=\"index, follow, max-snippet:-1, max-image-preview:large, max-video-preview:-1\" \/>\n<link rel=\"canonical\" href=\"https:\/\/speed-casino.com\/casinos-online-portugal\/programa-de-afiliados\/\" \/>\n<meta property=\"og:locale\" content=\"pt_PT\" \/>\n<meta property=\"og:type\" content=\"article\" \/>\n<meta property=\"og:title\" content=\"Programa de afiliados 22BET | Como funciona\" \/>\n<meta property=\"og:description\" content=\"O programa de afiliados 22Bet \u00e9 a ferramenta atrav\u00e9s da qual a marca quer se divulgar e crescer em conjunto com seus parceiros! Precisamos de peritos e especialistas em tr\u00e1fego web que ajudem ao crescimento de nosso neg\u00f3cio e mostrem as vantagens de nossa plataforma de apostas esportivas. Juntando o talento e a compet\u00eancia de [&hellip;]\" \/>\n<meta property=\"og:url\" content=\"https:\/\/speed-casino.com\/casinos-online-portugal\/programa-de-afiliados\/\" \/>\n<meta property=\"og:site_name\" content=\"Aplica\u00e7\u00e3o Mobile para Android &amp; iOS\" \/>\n<meta name=\"twitter:card\" content=\"summary_large_image\" \/>\n<meta name=\"twitter:label1\" content=\"Tempo estimado de leitura\" \/>\n\t<meta name=\"twitter:data1\" content=\"3 minutos\" \/>\n<script type=\"application\/ld+json\" class=\"yoast-schema-graph\">{\"@context\":\"https:\/\/schema.org\",\"@graph\":[{\"@type\":\"WebPage\",\"@id\":\"https:\/\/speed-casino.com\/casinos-online-portugal\/programa-de-afiliados\/\",\"url\":\"https:\/\/speed-casino.com\/casinos-online-portugal\/programa-de-afiliados\/\",\"name\":\"Programa de afiliados 22BET | Como funciona\",\"isPartOf\":{\"@id\":\"https:\/\/speed-casino.com\/casinos-online-portugal\/#website\"},\"datePublished\":\"2022-08-26T12:51:25+00:00\",\"breadcrumb\":{\"@id\":\"https:\/\/speed-casino.com\/casinos-online-portugal\/programa-de-afiliados\/#breadcrumb\"},\"inLanguage\":\"pt-PT\",\"potentialAction\":[{\"@type\":\"ReadAction\",\"target\":[\"https:\/\/speed-casino.com\/casinos-online-portugal\/programa-de-afiliados\/\"]}]},{\"@type\":\"BreadcrumbList\",\"@id\":\"https:\/\/speed-casino.com\/casinos-online-portugal\/programa-de-afiliados\/#breadcrumb\",\"itemListElement\":[{\"@type\":\"ListItem\",\"position\":1,\"name\":\"Home\",\"item\":\"https:\/\/speed-casino.com\/casinos-online-portugal\/\"},{\"@type\":\"ListItem\",\"position\":2,\"name\":\"Programa de afiliados\"}]},{\"@type\":\"WebSite\",\"@id\":\"https:\/\/speed-casino.com\/casinos-online-portugal\/#website\",\"url\":\"https:\/\/speed-casino.com\/casinos-online-portugal\/\",\"name\":\"Aplica\u00e7\u00e3o Mobile para Android &amp; iOS\",\"description\":\"\",\"publisher\":{\"@id\":\"https:\/\/speed-casino.com\/casinos-online-portugal\/#organization\"},\"potentialAction\":[{\"@type\":\"SearchAction\",\"target\":{\"@type\":\"EntryPoint\",\"urlTemplate\":\"https:\/\/speed-casino.com\/casinos-online-portugal\/?s={search_term_string}\"},\"query-input\":{\"@type\":\"PropertyValueSpecification\",\"valueRequired\":true,\"valueName\":\"search_term_string\"}}],\"inLanguage\":\"pt-PT\"},{\"@type\":\"Organization\",\"@id\":\"https:\/\/speed-casino.com\/casinos-online-portugal\/#organization\",\"name\":\"Aplica\u00e7\u00e3o Mobile para Android &amp; iOS\",\"url\":\"https:\/\/speed-casino.com\/casinos-online-portugal\/\",\"logo\":{\"@type\":\"ImageObject\",\"inLanguage\":\"pt-PT\",\"@id\":\"https:\/\/speed-casino.com\/casinos-online-portugal\/#\/schema\/logo\/image\/\",\"url\":\"https:\/\/speed-casino.com\/casinos-online-portugal\/wp-content\/uploads\/2022\/08\/logo_melhorappdeapostas.com_.png\",\"contentUrl\":\"https:\/\/speed-casino.com\/casinos-online-portugal\/wp-content\/uploads\/2022\/08\/logo_melhorappdeapostas.com_.png\",\"width\":200,\"height\":100,\"caption\":\"Aplica\u00e7\u00e3o Mobile para Android &amp; iOS\"},\"image\":{\"@id\":\"https:\/\/speed-casino.com\/casinos-online-portugal\/#\/schema\/logo\/image\/\"}}]}<\/script>\n<!-- \/ Yoast SEO plugin. -->","yoast_head_json":{"title":"Programa de afiliados 22BET | Como funciona","robots":{"index":"index","follow":"follow","max-snippet":"max-snippet:-1","max-image-preview":"max-image-preview:large","max-video-preview":"max-video-preview:-1"},"canonical":"https:\/\/speed-casino.com\/casinos-online-portugal\/programa-de-afiliados\/","og_locale":"pt_PT","og_type":"article","og_title":"Programa de afiliados 22BET | Como funciona","og_description":"O programa de afiliados 22Bet \u00e9 a ferramenta atrav\u00e9s da qual a marca quer se divulgar e crescer em conjunto com seus parceiros! Precisamos de peritos e especialistas em tr\u00e1fego web que ajudem ao crescimento de nosso neg\u00f3cio e mostrem as vantagens de nossa plataforma de apostas esportivas. Juntando o talento e a compet\u00eancia de [&hellip;]","og_url":"https:\/\/speed-casino.com\/casinos-online-portugal\/programa-de-afiliados\/","og_site_name":"Aplica\u00e7\u00e3o Mobile para Android &amp; iOS","twitter_card":"summary_large_image","twitter_misc":{"Tempo estimado de leitura":"3 minutos"},"schema":{"@context":"https:\/\/schema.org","@graph":[{"@type":"WebPage","@id":"https:\/\/speed-casino.com\/casinos-online-portugal\/programa-de-afiliados\/","url":"https:\/\/speed-casino.com\/casinos-online-portugal\/programa-de-afiliados\/","name":"Programa de afiliados 22BET | Como funciona","isPartOf":{"@id":"https:\/\/speed-casino.com\/casinos-online-portugal\/#website"},"datePublished":"2022-08-26T12:51:25+00:00","breadcrumb":{"@id":"https:\/\/speed-casino.com\/casinos-online-portugal\/programa-de-afiliados\/#breadcrumb"},"inLanguage":"pt-PT","potentialAction":[{"@type":"ReadAction","target":["https:\/\/speed-casino.com\/casinos-online-portugal\/programa-de-afiliados\/"]}]},{"@type":"BreadcrumbList","@id":"https:\/\/speed-casino.com\/casinos-online-portugal\/programa-de-afiliados\/#breadcrumb","itemListElement":[{"@type":"ListItem","position":1,"name":"Home","item":"https:\/\/speed-casino.com\/casinos-online-portugal\/"},{"@type":"ListItem","position":2,"name":"Programa de afiliados"}]},{"@type":"WebSite","@id":"https:\/\/speed-casino.com\/casinos-online-portugal\/#website","url":"https:\/\/speed-casino.com\/casinos-online-portugal\/","name":"Aplica\u00e7\u00e3o Mobile para Android &amp; iOS","description":"","publisher":{"@id":"https:\/\/speed-casino.com\/casinos-online-portugal\/#organization"},"potentialAction":[{"@type":"SearchAction","target":{"@type":"EntryPoint","urlTemplate":"https:\/\/speed-casino.com\/casinos-online-portugal\/?s={search_term_string}"},"query-input":{"@type":"PropertyValueSpecification","valueRequired":true,"valueName":"search_term_string"}}],"inLanguage":"pt-PT"},{"@type":"Organization","@id":"https:\/\/speed-casino.com\/casinos-online-portugal\/#organization","name":"Aplica\u00e7\u00e3o Mobile para Android &amp; iOS","url":"https:\/\/speed-casino.com\/casinos-online-portugal\/","logo":{"@type":"ImageObject","inLanguage":"pt-PT","@id":"https:\/\/speed-casino.com\/casinos-online-portugal\/#\/schema\/logo\/image\/","url":"https:\/\/speed-casino.com\/casinos-online-portugal\/wp-content\/uploads\/2022\/08\/logo_melhorappdeapostas.com_.png","contentUrl":"https:\/\/speed-casino.com\/casinos-online-portugal\/wp-content\/uploads\/2022\/08\/logo_melhorappdeapostas.com_.png","width":200,"height":100,"caption":"Aplica\u00e7\u00e3o Mobile para Android &amp; iOS"},"image":{"@id":"https:\/\/speed-casino.com\/casinos-online-portugal\/#\/schema\/logo\/image\/"}}]}},"_links":{"self":[{"href":"https:\/\/speed-casino.com\/casinos-online-portugal\/wp-json\/wp\/v2\/pages\/54","targetHints":{"allow":["GET"]}}],"collection":[{"href":"https:\/\/speed-casino.com\/casinos-online-portugal\/wp-json\/wp\/v2\/pages"}],"about":[{"href":"https:\/\/speed-casino.com\/casinos-online-portugal\/wp-json\/wp\/v2\/types\/page"}],"author":[{"embeddable":true,"href":"https:\/\/speed-casino.com\/casinos-online-portugal\/wp-json\/wp\/v2\/users\/1"}],"replies":[{"embeddable":true,"href":"https:\/\/speed-casino.com\/casinos-online-portugal\/wp-json\/wp\/v2\/comments?post=54"}],"version-history":[{"count":1,"href":"https:\/\/speed-casino.com\/casinos-online-portugal\/wp-json\/wp\/v2\/pages\/54\/revisions"}],"predecessor-version":[{"id":56,"href":"https:\/\/speed-casino.com\/casinos-online-portugal\/wp-json\/wp\/v2\/pages\/54\/revisions\/56"}],"wp:attachment":[{"href":"https:\/\/speed-casino.com\/casinos-online-portugal\/wp-json\/wp\/v2\/media?parent=54"}],"curies":[{"name":"wp","href":"https:\/\/api.w.org\/{rel}","templated":true}]}}