{"id":57,"date":"2022-08-26T12:53:10","date_gmt":"2022-08-26T12:53:10","guid":{"rendered":"https:\/\/speed-casino.com\/casinos-online-portugal\/?page_id=57"},"modified":"2022-08-26T12:53:10","modified_gmt":"2022-08-26T12:53:10","slug":"sobre-nos","status":"publish","type":"page","link":"https:\/\/speed-casino.com\/casinos-online-portugal\/sobre-nos\/","title":{"rendered":"Sobre N\u00f3s"},"content":{"rendered":"<p>A 22Bet \u00e9 uma empresa de apostas esportivas criada por um coletivo de apaixonados por esporte em geral e por apostas em particular. Nos colocamos sempre na perspectiva do usu\u00e1rio e por isso sabemos como proporcionar a melhor experi\u00eancia de utiliza\u00e7\u00e3o. Nesta plataforma o usu\u00e1rio encontra tudo o que uma moderna plataforma eletr\u00f4nica de apostas deve oferecer: n\u00e3o s\u00f3 variedade de esportes e de mercados em cada esporte, mas tamb\u00e9m m\u00e9todos de dep\u00f3sito e saque em grande quantidade e qualidade, procedimentos de saque r\u00e1pido, programa de fidelidade, recompensa para clientes frequentes, e muito mais.<\/p>\n<div id=\"ez-toc-container\" class=\"ez-toc-v2_0_82_1 ez-toc-wrap-center counter-hierarchy ez-toc-counter ez-toc-grey ez-toc-container-direction\">\n<div class=\"ez-toc-title-container\">\n<p class=\"ez-toc-title\" style=\"cursor:inherit\">\u00cdndice<\/p>\n<span class=\"ez-toc-title-toggle\"><a href=\"#\" class=\"ez-toc-pull-right ez-toc-btn ez-toc-btn-xs ez-toc-btn-default ez-toc-toggle\" aria-label=\"Toggle Table of Content\"><span class=\"ez-toc-js-icon-con\"><span class=\"\"><span class=\"eztoc-hide\" style=\"display:none;\">Toggle<\/span><span class=\"ez-toc-icon-toggle-span\"><svg style=\"fill: #999;color:#999\" xmlns=\"http:\/\/www.w3.org\/2000\/svg\" class=\"list-377408\" width=\"20px\" height=\"20px\" viewBox=\"0 0 24 24\" fill=\"none\"><path d=\"M6 6H4v2h2V6zm14 0H8v2h12V6zM4 11h2v2H4v-2zm16 0H8v2h12v-2zM4 16h2v2H4v-2zm16 0H8v2h12v-2z\" fill=\"currentColor\"><\/path><\/svg><svg style=\"fill: #999;color:#999\" class=\"arrow-unsorted-368013\" xmlns=\"http:\/\/www.w3.org\/2000\/svg\" width=\"10px\" height=\"10px\" viewBox=\"0 0 24 24\" version=\"1.2\" baseProfile=\"tiny\"><path d=\"M18.2 9.3l-6.2-6.3-6.2 6.3c-.2.2-.3.4-.3.7s.1.5.3.7c.2.2.4.3.7.3h11c.3 0 .5-.1.7-.3.2-.2.3-.5.3-.7s-.1-.5-.3-.7zM5.8 14.7l6.2 6.3 6.2-6.3c.2-.2.3-.5.3-.7s-.1-.5-.3-.7c-.2-.2-.4-.3-.7-.3h-11c-.3 0-.5.1-.7.3-.2.2-.3.5-.3.7s.1.5.3.7z\"\/><\/svg><\/span><\/span><\/span><\/a><\/span><\/div>\n<nav><ul class='ez-toc-list ez-toc-list-level-1 eztoc-toggle-hide-by-default' ><li class='ez-toc-page-1 ez-toc-heading-level-2'><a class=\"ez-toc-link ez-toc-heading-1\" href=\"https:\/\/speed-casino.com\/casinos-online-portugal\/sobre-nos\/#Odds_altas\" >Odds altas<\/a><\/li><li class='ez-toc-page-1 ez-toc-heading-level-2'><a class=\"ez-toc-link ez-toc-heading-2\" href=\"https:\/\/speed-casino.com\/casinos-online-portugal\/sobre-nos\/#Imensa_variedade_de_eventos\" >Imensa variedade de eventos<\/a><\/li><li class='ez-toc-page-1 ez-toc-heading-level-2'><a class=\"ez-toc-link ez-toc-heading-3\" href=\"https:\/\/speed-casino.com\/casinos-online-portugal\/sobre-nos\/#Servico_de_Suporte_ao_Cliente\" >Servi\u00e7o de Suporte ao Cliente<\/a><\/li><li class='ez-toc-page-1 ez-toc-heading-level-2'><a class=\"ez-toc-link ez-toc-heading-4\" href=\"https:\/\/speed-casino.com\/casinos-online-portugal\/sobre-nos\/#Tipos_de_apostas\" >Tipos de apostas<\/a><\/li><li class='ez-toc-page-1 ez-toc-heading-level-2'><a class=\"ez-toc-link ez-toc-heading-5\" href=\"https:\/\/speed-casino.com\/casinos-online-portugal\/sobre-nos\/#Depositos_e_saques\" >Dep\u00f3sitos e saques<\/a><\/li><li class='ez-toc-page-1 ez-toc-heading-level-2'><a class=\"ez-toc-link ez-toc-heading-6\" href=\"https:\/\/speed-casino.com\/casinos-online-portugal\/sobre-nos\/#Profissionalismo\" >Profissionalismo<\/a><\/li><\/ul><\/nav><\/div>\n\n<h2><span class=\"ez-toc-section\" id=\"Odds_altas\"><\/span>Odds altas<span class=\"ez-toc-section-end\"><\/span><\/h2>\n<p>A odd \u00e9 a caracter\u00edstica mais importante que todo o apostador procura, pois \u00e9 nela que est\u00e1 o valor que ele pode conseguir com um progn\u00f3stico vitorioso. A\u00a022Bet cassino\u00a0se dedica a entregar odds o mais elevadas poss\u00edvel, gerando excelentes oportunidades para os usu\u00e1rios. N\u00e3o precisa se preocupar ou pensar que ter\u00e1 odds mais altas para algum jogo, torneio ou mercado em outra plataforma; a22Bet ser\u00e1 sempre sua \u201ccasa\u201d para odds altas.<\/p>\n<h2><span class=\"ez-toc-section\" id=\"Imensa_variedade_de_eventos\"><\/span>Imensa variedade de eventos<span class=\"ez-toc-section-end\"><\/span><\/h2>\n<p>A diversidade de escolha da 22Bet vai muito al\u00e9m do futebol. Em cada dia h\u00e1 mais de 1000 eventos a serem inclu\u00eddos nas bancas de apostas. Al\u00e9m do futebol \u00e9 poss\u00edvel apostar em t\u00eanis, basquete, ciclismo, snooker, F\u00f3rmula 1 e outros esportes motorizados, handebol e at\u00e9 e-sports. \u00c9 poss\u00edvel tamb\u00e9m apostar em eventos n\u00e3o esportivos, nas se\u00e7\u00f5es especiais para esse efeito, seja no resultado de elei\u00e7\u00f5es pol\u00edticas ou em eventos meteorol\u00f3gicos. Aqui voc\u00ea pode apostar praticamente em tudo o estiver para acontecer de importante, no esporte profissional e n\u00e3o s\u00f3!<\/p>\n<h2><span class=\"ez-toc-section\" id=\"Servico_de_Suporte_ao_Cliente\"><\/span>Servi\u00e7o de Suporte ao Cliente<span class=\"ez-toc-section-end\"><\/span><\/h2>\n<p>A equipe de suporte ao cliente 22Bet est\u00e1 sempre dispon\u00edvel para voc\u00ea: 24 horas por dia, 7 dias por semana. Apesar de a empresa ser multinacional, a equipe de atendentes \u00e9 bem brasileira e atender\u00e1 voc\u00ea em nosso idioma. \u00c9 poss\u00edvel contatar por chat ou por e-mail, sem problemas.<\/p>\n<h2><span class=\"ez-toc-section\" id=\"Tipos_de_apostas\"><\/span>Tipos de apostas<span class=\"ez-toc-section-end\"><\/span><\/h2>\n<p>Os tipos de apostas dispon\u00edveis na Plataforma 22Bet v\u00e3o muito al\u00e9m de apostas simples. Incluem apostas acumuladas, de sistema, em cadeia e muitas mais. Os mercados compreendem apostas com handicap, estat\u00edsticas individuais para cada jogador, apostas no n\u00famero de escanteios (futebol), resultados parciais em cada jogo ou set dentro da partida geral (t\u00eanis, basquete, snooker, etc.) e outros.<\/p>\n<h2><span class=\"ez-toc-section\" id=\"Depositos_e_saques\"><\/span>Dep\u00f3sitos e saques<span class=\"ez-toc-section-end\"><\/span><\/h2>\n<p>Temos dezenas e dezenas de m\u00e9todos de dep\u00f3sito e saque, individualmente considerados. Ainda que voc\u00ea possa considerar que estamos exagerando e que esse n\u00famero \u00e9 conseguido pela diversidade de criptomoedas, o mais importante \u00e9 que temos todos os m\u00e9todos que interessam ao usu\u00e1rio brasileiro: desde o boleto banc\u00e1rio aos dep\u00f3sitos por cart\u00e3o de cr\u00e9dito ou por cart\u00e3o pr\u00e9-pago, at\u00e9 aos modernos servi\u00e7os de e-wallet, excelentes para dep\u00f3sitos mas tamb\u00e9m para saques. Ainda que voc\u00ea veja servi\u00e7os de pagamento de que talvez nunca tenha ouvido falar, isso acontece por sermos uma multinacional competente; afinal, trabalhamos tamb\u00e9m com os servi\u00e7os mais pr\u00f3ximos da realidade brasileira, como o Vcreditos. Se sinta \u00e0 vontade conosco!<\/p>\n<h2><span class=\"ez-toc-section\" id=\"Profissionalismo\"><\/span>Profissionalismo<span class=\"ez-toc-section-end\"><\/span><\/h2>\n<p>Do momento do registro ao momento do saque de pr\u00eamios, a 22Bet trabalha de forma profissional para lhe garantir uma excelente experi\u00eancia de cliente!<\/p>\n","protected":false},"excerpt":{"rendered":"<p>A 22Bet \u00e9 uma empresa de apostas esportivas criada por um coletivo de apaixonados por esporte em geral e por apostas em particular. Nos colocamos sempre na perspectiva do usu\u00e1rio e por isso sabemos como proporcionar a melhor experi\u00eancia de utiliza\u00e7\u00e3o. Nesta plataforma o usu\u00e1rio encontra tudo o que uma moderna plataforma eletr\u00f4nica de apostas [&hellip;]<\/p>\n","protected":false},"author":1,"featured_media":0,"parent":0,"menu_order":0,"comment_status":"closed","ping_status":"closed","template":"","meta":{"_acf_changed":false,"footnotes":""},"class_list":["post-57","page","type-page","status-publish","hentry"],"acf":[],"yoast_head":"<!-- This site is optimized with the Yoast SEO plugin v27.2 - https:\/\/yoast.com\/product\/yoast-seo-wordpress\/ -->\n<title>Sobre N\u00f3s 22BET | Conhe\u00e7a nossa marca<\/title>\n<meta name=\"description\" content=\"Conhe\u00e7a a marca 22Bet e todos os servi\u00e7os que prestamos. Das bancas de apostas aos meios de pagamento, profissionalismo \u00e9 o que nos distingue.\" \/>\n<meta name=\"robots\" content=\"index, follow, max-snippet:-1, max-image-preview:large, max-video-preview:-1\" \/>\n<link rel=\"canonical\" href=\"https:\/\/speed-casino.com\/casinos-online-portugal\/sobre-nos\/\" \/>\n<meta property=\"og:locale\" content=\"pt_PT\" \/>\n<meta property=\"og:type\" content=\"article\" \/>\n<meta property=\"og:title\" content=\"Sobre N\u00f3s 22BET | Conhe\u00e7a nossa marca\" \/>\n<meta property=\"og:description\" content=\"Conhe\u00e7a a marca 22Bet e todos os servi\u00e7os que prestamos. Das bancas de apostas aos meios de pagamento, profissionalismo \u00e9 o que nos distingue.\" \/>\n<meta property=\"og:url\" content=\"https:\/\/speed-casino.com\/casinos-online-portugal\/sobre-nos\/\" \/>\n<meta property=\"og:site_name\" content=\"Aplica\u00e7\u00e3o Mobile para Android &amp; iOS\" \/>\n<meta name=\"twitter:card\" content=\"summary_large_image\" \/>\n<meta name=\"twitter:label1\" content=\"Tempo estimado de leitura\" \/>\n\t<meta name=\"twitter:data1\" content=\"3 minutos\" \/>\n<script type=\"application\/ld+json\" class=\"yoast-schema-graph\">{\"@context\":\"https:\/\/schema.org\",\"@graph\":[{\"@type\":\"WebPage\",\"@id\":\"https:\/\/speed-casino.com\/casinos-online-portugal\/sobre-nos\/\",\"url\":\"https:\/\/speed-casino.com\/casinos-online-portugal\/sobre-nos\/\",\"name\":\"Sobre N\u00f3s 22BET | Conhe\u00e7a nossa marca\",\"isPartOf\":{\"@id\":\"https:\/\/speed-casino.com\/casinos-online-portugal\/#website\"},\"datePublished\":\"2022-08-26T12:53:10+00:00\",\"description\":\"Conhe\u00e7a a marca 22Bet e todos os servi\u00e7os que prestamos. Das bancas de apostas aos meios de pagamento, profissionalismo \u00e9 o que nos distingue.\",\"breadcrumb\":{\"@id\":\"https:\/\/speed-casino.com\/casinos-online-portugal\/sobre-nos\/#breadcrumb\"},\"inLanguage\":\"pt-PT\",\"potentialAction\":[{\"@type\":\"ReadAction\",\"target\":[\"https:\/\/speed-casino.com\/casinos-online-portugal\/sobre-nos\/\"]}]},{\"@type\":\"BreadcrumbList\",\"@id\":\"https:\/\/speed-casino.com\/casinos-online-portugal\/sobre-nos\/#breadcrumb\",\"itemListElement\":[{\"@type\":\"ListItem\",\"position\":1,\"name\":\"Home\",\"item\":\"https:\/\/speed-casino.com\/casinos-online-portugal\/\"},{\"@type\":\"ListItem\",\"position\":2,\"name\":\"Sobre N\u00f3s\"}]},{\"@type\":\"WebSite\",\"@id\":\"https:\/\/speed-casino.com\/casinos-online-portugal\/#website\",\"url\":\"https:\/\/speed-casino.com\/casinos-online-portugal\/\",\"name\":\"Aplica\u00e7\u00e3o Mobile para Android &amp; iOS\",\"description\":\"\",\"publisher\":{\"@id\":\"https:\/\/speed-casino.com\/casinos-online-portugal\/#organization\"},\"potentialAction\":[{\"@type\":\"SearchAction\",\"target\":{\"@type\":\"EntryPoint\",\"urlTemplate\":\"https:\/\/speed-casino.com\/casinos-online-portugal\/?s={search_term_string}\"},\"query-input\":{\"@type\":\"PropertyValueSpecification\",\"valueRequired\":true,\"valueName\":\"search_term_string\"}}],\"inLanguage\":\"pt-PT\"},{\"@type\":\"Organization\",\"@id\":\"https:\/\/speed-casino.com\/casinos-online-portugal\/#organization\",\"name\":\"Aplica\u00e7\u00e3o Mobile para Android &amp; iOS\",\"url\":\"https:\/\/speed-casino.com\/casinos-online-portugal\/\",\"logo\":{\"@type\":\"ImageObject\",\"inLanguage\":\"pt-PT\",\"@id\":\"https:\/\/speed-casino.com\/casinos-online-portugal\/#\/schema\/logo\/image\/\",\"url\":\"https:\/\/speed-casino.com\/casinos-online-portugal\/wp-content\/uploads\/2022\/08\/logo_melhorappdeapostas.com_.png\",\"contentUrl\":\"https:\/\/speed-casino.com\/casinos-online-portugal\/wp-content\/uploads\/2022\/08\/logo_melhorappdeapostas.com_.png\",\"width\":200,\"height\":100,\"caption\":\"Aplica\u00e7\u00e3o Mobile para Android &amp; iOS\"},\"image\":{\"@id\":\"https:\/\/speed-casino.com\/casinos-online-portugal\/#\/schema\/logo\/image\/\"}}]}<\/script>\n<!-- \/ Yoast SEO plugin. -->","yoast_head_json":{"title":"Sobre N\u00f3s 22BET | Conhe\u00e7a nossa marca","description":"Conhe\u00e7a a marca 22Bet e todos os servi\u00e7os que prestamos. Das bancas de apostas aos meios de pagamento, profissionalismo \u00e9 o que nos distingue.","robots":{"index":"index","follow":"follow","max-snippet":"max-snippet:-1","max-image-preview":"max-image-preview:large","max-video-preview":"max-video-preview:-1"},"canonical":"https:\/\/speed-casino.com\/casinos-online-portugal\/sobre-nos\/","og_locale":"pt_PT","og_type":"article","og_title":"Sobre N\u00f3s 22BET | Conhe\u00e7a nossa marca","og_description":"Conhe\u00e7a a marca 22Bet e todos os servi\u00e7os que prestamos. Das bancas de apostas aos meios de pagamento, profissionalismo \u00e9 o que nos distingue.","og_url":"https:\/\/speed-casino.com\/casinos-online-portugal\/sobre-nos\/","og_site_name":"Aplica\u00e7\u00e3o Mobile para Android &amp; iOS","twitter_card":"summary_large_image","twitter_misc":{"Tempo estimado de leitura":"3 minutos"},"schema":{"@context":"https:\/\/schema.org","@graph":[{"@type":"WebPage","@id":"https:\/\/speed-casino.com\/casinos-online-portugal\/sobre-nos\/","url":"https:\/\/speed-casino.com\/casinos-online-portugal\/sobre-nos\/","name":"Sobre N\u00f3s 22BET | Conhe\u00e7a nossa marca","isPartOf":{"@id":"https:\/\/speed-casino.com\/casinos-online-portugal\/#website"},"datePublished":"2022-08-26T12:53:10+00:00","description":"Conhe\u00e7a a marca 22Bet e todos os servi\u00e7os que prestamos. Das bancas de apostas aos meios de pagamento, profissionalismo \u00e9 o que nos distingue.","breadcrumb":{"@id":"https:\/\/speed-casino.com\/casinos-online-portugal\/sobre-nos\/#breadcrumb"},"inLanguage":"pt-PT","potentialAction":[{"@type":"ReadAction","target":["https:\/\/speed-casino.com\/casinos-online-portugal\/sobre-nos\/"]}]},{"@type":"BreadcrumbList","@id":"https:\/\/speed-casino.com\/casinos-online-portugal\/sobre-nos\/#breadcrumb","itemListElement":[{"@type":"ListItem","position":1,"name":"Home","item":"https:\/\/speed-casino.com\/casinos-online-portugal\/"},{"@type":"ListItem","position":2,"name":"Sobre N\u00f3s"}]},{"@type":"WebSite","@id":"https:\/\/speed-casino.com\/casinos-online-portugal\/#website","url":"https:\/\/speed-casino.com\/casinos-online-portugal\/","name":"Aplica\u00e7\u00e3o Mobile para Android &amp; iOS","description":"","publisher":{"@id":"https:\/\/speed-casino.com\/casinos-online-portugal\/#organization"},"potentialAction":[{"@type":"SearchAction","target":{"@type":"EntryPoint","urlTemplate":"https:\/\/speed-casino.com\/casinos-online-portugal\/?s={search_term_string}"},"query-input":{"@type":"PropertyValueSpecification","valueRequired":true,"valueName":"search_term_string"}}],"inLanguage":"pt-PT"},{"@type":"Organization","@id":"https:\/\/speed-casino.com\/casinos-online-portugal\/#organization","name":"Aplica\u00e7\u00e3o Mobile para Android &amp; iOS","url":"https:\/\/speed-casino.com\/casinos-online-portugal\/","logo":{"@type":"ImageObject","inLanguage":"pt-PT","@id":"https:\/\/speed-casino.com\/casinos-online-portugal\/#\/schema\/logo\/image\/","url":"https:\/\/speed-casino.com\/casinos-online-portugal\/wp-content\/uploads\/2022\/08\/logo_melhorappdeapostas.com_.png","contentUrl":"https:\/\/speed-casino.com\/casinos-online-portugal\/wp-content\/uploads\/2022\/08\/logo_melhorappdeapostas.com_.png","width":200,"height":100,"caption":"Aplica\u00e7\u00e3o Mobile para Android &amp; iOS"},"image":{"@id":"https:\/\/speed-casino.com\/casinos-online-portugal\/#\/schema\/logo\/image\/"}}]}},"_links":{"self":[{"href":"https:\/\/speed-casino.com\/casinos-online-portugal\/wp-json\/wp\/v2\/pages\/57","targetHints":{"allow":["GET"]}}],"collection":[{"href":"https:\/\/speed-casino.com\/casinos-online-portugal\/wp-json\/wp\/v2\/pages"}],"about":[{"href":"https:\/\/speed-casino.com\/casinos-online-portugal\/wp-json\/wp\/v2\/types\/page"}],"author":[{"embeddable":true,"href":"https:\/\/speed-casino.com\/casinos-online-portugal\/wp-json\/wp\/v2\/users\/1"}],"replies":[{"embeddable":true,"href":"https:\/\/speed-casino.com\/casinos-online-portugal\/wp-json\/wp\/v2\/comments?post=57"}],"version-history":[{"count":1,"href":"https:\/\/speed-casino.com\/casinos-online-portugal\/wp-json\/wp\/v2\/pages\/57\/revisions"}],"predecessor-version":[{"id":58,"href":"https:\/\/speed-casino.com\/casinos-online-portugal\/wp-json\/wp\/v2\/pages\/57\/revisions\/58"}],"wp:attachment":[{"href":"https:\/\/speed-casino.com\/casinos-online-portugal\/wp-json\/wp\/v2\/media?parent=57"}],"curies":[{"name":"wp","href":"https:\/\/api.w.org\/{rel}","templated":true}]}}