{"id":59,"date":"2022-08-26T12:54:02","date_gmt":"2022-08-26T12:54:02","guid":{"rendered":"https:\/\/speed-casino.com\/casinos-online-portugal\/?page_id=59"},"modified":"2022-08-26T12:54:02","modified_gmt":"2022-08-26T12:54:02","slug":"termos-de-uso","status":"publish","type":"page","link":"https:\/\/speed-casino.com\/casinos-online-portugal\/termos-de-uso\/","title":{"rendered":"Termos de uso"},"content":{"rendered":"<p>Ao utilizar\u00a0<a href=\"https:\/\/speed-casino.com\/casinos-online-portugal\/\">a plataforma 22Bet<\/a>\u00a0(doravante referida como a \u201cPlataforma\u201d), o usu\u00e1rio reconhece e aceita os seguintes termos de uso.<\/p>\n<p>O usu\u00e1rio deve ter 18 ou mais anos de idade para poder acessar e usar a plataforma.<\/p>\n<ol>\n<li>Poder\u00e1 ser pedida ao usu\u00e1rio a seguinte lista de documentos de identifica\u00e7\u00e3o, para verifica\u00e7\u00e3o correta de identidade:\n<ol>\n<li>Foto de um documento de identidade;<\/li>\n<li>Foto do sistema de pagamento (ou captura de tela, em alternativa);<\/li>\n<li>Foto de documento confirmando o endere\u00e7o de resid\u00eancia atual, n\u00e3o superior a tr\u00eas meses (ou captura de tela, em alternativa).<\/li>\n<\/ol>\n<\/li>\n<li>Em alguns casos, inteiramente de acordo com a decis\u00e3o da Plataforma, poder\u00e1 ser solicitada prova adicional que comprove que os fundos pertencem efetivamente ao usu\u00e1rio, (pois n\u00e3o \u00e9 permitido usar dinheiro de terceiros).<\/li>\n<li>A decis\u00e3o de a\u00e7\u00e3o da Plataforma referenciada no ponto anterior ser\u00e1 especialmente prov\u00e1vel quando o jogador atinja determinada quantia de dep\u00f3sito e\/ou saque, ou quando exista alguma suspeita de que o usu\u00e1rio possa estar cometendo fraude.<\/li>\n<li>As apostas dos jogadores ser\u00e3o verificadas de forma sistem\u00e1tica para garantir que n\u00e3o existe fraude de esp\u00e9cie alguma. A Plataforma se reserva o direito de cancelar pr\u00eamios de vit\u00f3ria se detetar fraude no processo.<\/li>\n<li>Os seguintes elementos devem coincidir exatamente e sem qualquer erro entre os dados de cadastro do usu\u00e1rio e os elementos existentes no documento de identidade fornecido:\n<ol>\n<li>Nome;<\/li>\n<li>Data de nascimento;<\/li>\n<li>Fotografia;<\/li>\n<li>Nacionalidade.<\/li>\n<\/ol>\n<\/li>\n<li>A Plataforma se reserva o direito de verificar os documentos contra sinais ou provas de edi\u00e7\u00e3o fraudulenta de imagem. Poder\u00e1 ser solicitado o envio de uma fotografia do tipo \u201cselfie\u201d com ID para assegurar que o documento pertence exatamente \u00e0 pessoa que se cadastrou enquanto usu\u00e1ria da plataforma.<\/li>\n<li>A verifica\u00e7\u00e3o referenciada no n\u00famero anterior ser\u00e1 especialmente priorit\u00e1ria sempre que as transa\u00e7\u00f5es do jogador atingirem um montante equivalente a 2000 euros e se a conta do Usu\u00e1rio for, por qualquer motivo de acordo com o ju\u00edzo \u00fanico e soberano da Plataforma, considerada suspeita.<\/li>\n<li>As verifica\u00e7\u00f5es referenciadas nos n\u00fameros 2 e 7 poder\u00e3o exigir outros documentos considerados necess\u00e1rios pela Plataforma, nomeadamente, mas sem excluir quaisquer outros, um comprovante de riqueza ou de posse pr\u00f3pria de fundos.<\/li>\n<li>Confira os seguintes crit\u00e9rios para valida\u00e7\u00e3o dos documentos fornecidos:\n<ol>\n<li>Todos os dados do documento de identidade (nome, data de nascimento, nacionalidade, fotografia) devem coincidir totalmente e sem erros com os dados fornecidos na conta do usu\u00e1rio na plataforma.<\/li>\n<li>Documento de identidade, carteira de motorista e passaporte s\u00e3o, como regra, considerados v\u00e1lidos para esse efeito.<\/li>\n<li>Todos os dados do comprovante do sistema de pagamento (seja foto ou captura de tela) devem coincidir totalmente com os dados fornecidos pelos pr\u00f3prios sistemas de pagamentos. N\u00e3o s\u00e3o aceitas c\u00f3pias digitalizadas para esse efeito.<\/li>\n<li>Todos os dados do comprovante de resid\u00eancia (nome, endere\u00e7o e data de emiss\u00e3o) devem coincidir totalmente com os dados presentes nos detalhes da conta de cadastro do usu\u00e1rio. O usu\u00e1rio poder\u00e1 usar uma fatura de servi\u00e7os p\u00fablicos, um extrato banc\u00e1rio ou um comprovante de pagamento de servi\u00e7os m\u00f3veis. Se o usu\u00e1rio for nacional de um Estado membro da Comunidade de Estados Independentes (CEI), o passaporte ser\u00e1 aceit\u00e1vel para este feito. Em qualquer caso, o documento n\u00e3o deve ter mais de 90 dias.<\/li>\n<li>As fotos tipo \u201cselfie\u201d com ID devem, preferencialmente, ter as m\u00e3os do jogador vis\u00edveis, para que a Plataforma verifique situa\u00e7\u00f5es de edi\u00e7\u00e3o fraudulenta (uso de Photoshop ou outro programa de edi\u00e7\u00e3o eletr\u00f4nica de imagem). Em alternativa, a Plataforma poder\u00e1 solicitar uma \u201cselfie\u201d com um documento de identidade acrescendo uma folha de papel com o nome da Plataforma e a data atual.<\/li>\n<li>O documento comprovante de riqueza deve confirmar o bem-estar do jogador, isto \u00e9, que os fundos que ele utilizou para jogar n\u00e3o pertencem a terceira pessoa, individual ou coletiva.<\/li>\n<li>Ao usu\u00e1rio pode ser solicitado o envio de um comprovativo de fundos, isto \u00e9, um documento que confirme o envio de fundos por parte do sistema de pagamentos para a Plataforma, caso exista alguma diferen\u00e7a entre o saldo que o usu\u00e1rio alegue ter depositado e aquele que a Plataforma tenha efetivamente recebido em nome do usu\u00e1rio.<\/li>\n<\/ol>\n<\/li>\n<li>O usu\u00e1rio compreende que deve usar os servi\u00e7os da Plataforma por sua conta e risco, sempre observando princ\u00edpios de modera\u00e7\u00e3o e jogo respons\u00e1vel.<\/li>\n<\/ol>\n","protected":false},"excerpt":{"rendered":"<p>Ao utilizar\u00a0a plataforma 22Bet\u00a0(doravante referida como a \u201cPlataforma\u201d), o usu\u00e1rio reconhece e aceita os seguintes termos de uso. O usu\u00e1rio deve ter 18 ou mais anos de idade para poder acessar e usar a plataforma. Poder\u00e1 ser pedida ao usu\u00e1rio a seguinte lista de documentos de identifica\u00e7\u00e3o, para verifica\u00e7\u00e3o correta de identidade: Foto de um [&hellip;]<\/p>\n","protected":false},"author":1,"featured_media":0,"parent":0,"menu_order":0,"comment_status":"closed","ping_status":"closed","template":"","meta":{"_acf_changed":false,"footnotes":""},"class_list":["post-59","page","type-page","status-publish","hentry"],"acf":[],"yoast_head":"<!-- This site is optimized with the Yoast SEO plugin v27.2 - https:\/\/yoast.com\/product\/yoast-seo-wordpress\/ -->\n<title>Termos de Uso 22BET | Informe-se<\/title>\n<meta name=\"description\" content=\"Leia os Termos de Uso da plataforma 22Bet. Conhe\u00e7a seus direitos e compreenda nossas regras de funcionamento para seguran\u00e7a de todos.\" \/>\n<meta name=\"robots\" content=\"index, follow, max-snippet:-1, max-image-preview:large, max-video-preview:-1\" \/>\n<link rel=\"canonical\" href=\"https:\/\/speed-casino.com\/casinos-online-portugal\/termos-de-uso\/\" \/>\n<meta property=\"og:locale\" content=\"pt_PT\" \/>\n<meta property=\"og:type\" content=\"article\" \/>\n<meta property=\"og:title\" content=\"Termos de Uso 22BET | Informe-se\" \/>\n<meta property=\"og:description\" content=\"Leia os Termos de Uso da plataforma 22Bet. Conhe\u00e7a seus direitos e compreenda nossas regras de funcionamento para seguran\u00e7a de todos.\" \/>\n<meta property=\"og:url\" content=\"https:\/\/speed-casino.com\/casinos-online-portugal\/termos-de-uso\/\" \/>\n<meta property=\"og:site_name\" content=\"Aplica\u00e7\u00e3o Mobile para Android &amp; iOS\" \/>\n<meta name=\"twitter:card\" content=\"summary_large_image\" \/>\n<meta name=\"twitter:label1\" content=\"Tempo estimado de leitura\" \/>\n\t<meta name=\"twitter:data1\" content=\"4 minutos\" \/>\n<script type=\"application\/ld+json\" class=\"yoast-schema-graph\">{\"@context\":\"https:\/\/schema.org\",\"@graph\":[{\"@type\":\"WebPage\",\"@id\":\"https:\/\/speed-casino.com\/casinos-online-portugal\/termos-de-uso\/\",\"url\":\"https:\/\/speed-casino.com\/casinos-online-portugal\/termos-de-uso\/\",\"name\":\"Termos de Uso 22BET | Informe-se\",\"isPartOf\":{\"@id\":\"https:\/\/speed-casino.com\/casinos-online-portugal\/#website\"},\"datePublished\":\"2022-08-26T12:54:02+00:00\",\"description\":\"Leia os Termos de Uso da plataforma 22Bet. Conhe\u00e7a seus direitos e compreenda nossas regras de funcionamento para seguran\u00e7a de todos.\",\"breadcrumb\":{\"@id\":\"https:\/\/speed-casino.com\/casinos-online-portugal\/termos-de-uso\/#breadcrumb\"},\"inLanguage\":\"pt-PT\",\"potentialAction\":[{\"@type\":\"ReadAction\",\"target\":[\"https:\/\/speed-casino.com\/casinos-online-portugal\/termos-de-uso\/\"]}]},{\"@type\":\"BreadcrumbList\",\"@id\":\"https:\/\/speed-casino.com\/casinos-online-portugal\/termos-de-uso\/#breadcrumb\",\"itemListElement\":[{\"@type\":\"ListItem\",\"position\":1,\"name\":\"Home\",\"item\":\"https:\/\/speed-casino.com\/casinos-online-portugal\/\"},{\"@type\":\"ListItem\",\"position\":2,\"name\":\"Termos de uso\"}]},{\"@type\":\"WebSite\",\"@id\":\"https:\/\/speed-casino.com\/casinos-online-portugal\/#website\",\"url\":\"https:\/\/speed-casino.com\/casinos-online-portugal\/\",\"name\":\"Aplica\u00e7\u00e3o Mobile para Android &amp; iOS\",\"description\":\"\",\"publisher\":{\"@id\":\"https:\/\/speed-casino.com\/casinos-online-portugal\/#organization\"},\"potentialAction\":[{\"@type\":\"SearchAction\",\"target\":{\"@type\":\"EntryPoint\",\"urlTemplate\":\"https:\/\/speed-casino.com\/casinos-online-portugal\/?s={search_term_string}\"},\"query-input\":{\"@type\":\"PropertyValueSpecification\",\"valueRequired\":true,\"valueName\":\"search_term_string\"}}],\"inLanguage\":\"pt-PT\"},{\"@type\":\"Organization\",\"@id\":\"https:\/\/speed-casino.com\/casinos-online-portugal\/#organization\",\"name\":\"Aplica\u00e7\u00e3o Mobile para Android &amp; iOS\",\"url\":\"https:\/\/speed-casino.com\/casinos-online-portugal\/\",\"logo\":{\"@type\":\"ImageObject\",\"inLanguage\":\"pt-PT\",\"@id\":\"https:\/\/speed-casino.com\/casinos-online-portugal\/#\/schema\/logo\/image\/\",\"url\":\"https:\/\/speed-casino.com\/casinos-online-portugal\/wp-content\/uploads\/2022\/08\/logo_melhorappdeapostas.com_.png\",\"contentUrl\":\"https:\/\/speed-casino.com\/casinos-online-portugal\/wp-content\/uploads\/2022\/08\/logo_melhorappdeapostas.com_.png\",\"width\":200,\"height\":100,\"caption\":\"Aplica\u00e7\u00e3o Mobile para Android &amp; iOS\"},\"image\":{\"@id\":\"https:\/\/speed-casino.com\/casinos-online-portugal\/#\/schema\/logo\/image\/\"}}]}<\/script>\n<!-- \/ Yoast SEO plugin. -->","yoast_head_json":{"title":"Termos de Uso 22BET | Informe-se","description":"Leia os Termos de Uso da plataforma 22Bet. Conhe\u00e7a seus direitos e compreenda nossas regras de funcionamento para seguran\u00e7a de todos.","robots":{"index":"index","follow":"follow","max-snippet":"max-snippet:-1","max-image-preview":"max-image-preview:large","max-video-preview":"max-video-preview:-1"},"canonical":"https:\/\/speed-casino.com\/casinos-online-portugal\/termos-de-uso\/","og_locale":"pt_PT","og_type":"article","og_title":"Termos de Uso 22BET | Informe-se","og_description":"Leia os Termos de Uso da plataforma 22Bet. Conhe\u00e7a seus direitos e compreenda nossas regras de funcionamento para seguran\u00e7a de todos.","og_url":"https:\/\/speed-casino.com\/casinos-online-portugal\/termos-de-uso\/","og_site_name":"Aplica\u00e7\u00e3o Mobile para Android &amp; iOS","twitter_card":"summary_large_image","twitter_misc":{"Tempo estimado de leitura":"4 minutos"},"schema":{"@context":"https:\/\/schema.org","@graph":[{"@type":"WebPage","@id":"https:\/\/speed-casino.com\/casinos-online-portugal\/termos-de-uso\/","url":"https:\/\/speed-casino.com\/casinos-online-portugal\/termos-de-uso\/","name":"Termos de Uso 22BET | Informe-se","isPartOf":{"@id":"https:\/\/speed-casino.com\/casinos-online-portugal\/#website"},"datePublished":"2022-08-26T12:54:02+00:00","description":"Leia os Termos de Uso da plataforma 22Bet. Conhe\u00e7a seus direitos e compreenda nossas regras de funcionamento para seguran\u00e7a de todos.","breadcrumb":{"@id":"https:\/\/speed-casino.com\/casinos-online-portugal\/termos-de-uso\/#breadcrumb"},"inLanguage":"pt-PT","potentialAction":[{"@type":"ReadAction","target":["https:\/\/speed-casino.com\/casinos-online-portugal\/termos-de-uso\/"]}]},{"@type":"BreadcrumbList","@id":"https:\/\/speed-casino.com\/casinos-online-portugal\/termos-de-uso\/#breadcrumb","itemListElement":[{"@type":"ListItem","position":1,"name":"Home","item":"https:\/\/speed-casino.com\/casinos-online-portugal\/"},{"@type":"ListItem","position":2,"name":"Termos de uso"}]},{"@type":"WebSite","@id":"https:\/\/speed-casino.com\/casinos-online-portugal\/#website","url":"https:\/\/speed-casino.com\/casinos-online-portugal\/","name":"Aplica\u00e7\u00e3o Mobile para Android &amp; iOS","description":"","publisher":{"@id":"https:\/\/speed-casino.com\/casinos-online-portugal\/#organization"},"potentialAction":[{"@type":"SearchAction","target":{"@type":"EntryPoint","urlTemplate":"https:\/\/speed-casino.com\/casinos-online-portugal\/?s={search_term_string}"},"query-input":{"@type":"PropertyValueSpecification","valueRequired":true,"valueName":"search_term_string"}}],"inLanguage":"pt-PT"},{"@type":"Organization","@id":"https:\/\/speed-casino.com\/casinos-online-portugal\/#organization","name":"Aplica\u00e7\u00e3o Mobile para Android &amp; iOS","url":"https:\/\/speed-casino.com\/casinos-online-portugal\/","logo":{"@type":"ImageObject","inLanguage":"pt-PT","@id":"https:\/\/speed-casino.com\/casinos-online-portugal\/#\/schema\/logo\/image\/","url":"https:\/\/speed-casino.com\/casinos-online-portugal\/wp-content\/uploads\/2022\/08\/logo_melhorappdeapostas.com_.png","contentUrl":"https:\/\/speed-casino.com\/casinos-online-portugal\/wp-content\/uploads\/2022\/08\/logo_melhorappdeapostas.com_.png","width":200,"height":100,"caption":"Aplica\u00e7\u00e3o Mobile para Android &amp; iOS"},"image":{"@id":"https:\/\/speed-casino.com\/casinos-online-portugal\/#\/schema\/logo\/image\/"}}]}},"_links":{"self":[{"href":"https:\/\/speed-casino.com\/casinos-online-portugal\/wp-json\/wp\/v2\/pages\/59","targetHints":{"allow":["GET"]}}],"collection":[{"href":"https:\/\/speed-casino.com\/casinos-online-portugal\/wp-json\/wp\/v2\/pages"}],"about":[{"href":"https:\/\/speed-casino.com\/casinos-online-portugal\/wp-json\/wp\/v2\/types\/page"}],"author":[{"embeddable":true,"href":"https:\/\/speed-casino.com\/casinos-online-portugal\/wp-json\/wp\/v2\/users\/1"}],"replies":[{"embeddable":true,"href":"https:\/\/speed-casino.com\/casinos-online-portugal\/wp-json\/wp\/v2\/comments?post=59"}],"version-history":[{"count":1,"href":"https:\/\/speed-casino.com\/casinos-online-portugal\/wp-json\/wp\/v2\/pages\/59\/revisions"}],"predecessor-version":[{"id":60,"href":"https:\/\/speed-casino.com\/casinos-online-portugal\/wp-json\/wp\/v2\/pages\/59\/revisions\/60"}],"wp:attachment":[{"href":"https:\/\/speed-casino.com\/casinos-online-portugal\/wp-json\/wp\/v2\/media?parent=59"}],"curies":[{"name":"wp","href":"https:\/\/api.w.org\/{rel}","templated":true}]}}