{"id":61,"date":"2022-08-26T12:55:03","date_gmt":"2022-08-26T12:55:03","guid":{"rendered":"https:\/\/speed-casino.com\/casinos-online-portugal\/?page_id=61"},"modified":"2022-08-26T12:55:03","modified_gmt":"2022-08-26T12:55:03","slug":"cookies","status":"publish","type":"page","link":"https:\/\/speed-casino.com\/casinos-online-portugal\/cookies\/","title":{"rendered":"Cookies"},"content":{"rendered":"<p>A Plataforma\u00a0<a href=\"https:\/\/speed-casino.com\/casinos-online-portugal\/\">22Bet<\/a>\u00a0armazena informa\u00e7\u00e3o no equipamento inform\u00e1tico ou dispositivo do usu\u00e1rio (seja computador, smartphone ou tablet), sob a forma de cookies. A express\u00e3o \u201ccookies\u201d refere-se a pequenos ficheiros contendo n\u00fameros e letras de modo a que as prefer\u00eancias do usu\u00e1rio sejam registradas. Os cookies s\u00e3o automaticamente armazenados no dispositivo do usu\u00e1rio \u00e0 medida que ele utiliza os servi\u00e7os da plataforma.<\/p>\n<div id=\"ez-toc-container\" class=\"ez-toc-v2_0_82_1 ez-toc-wrap-center counter-hierarchy ez-toc-counter ez-toc-grey ez-toc-container-direction\">\n<div class=\"ez-toc-title-container\">\n<p class=\"ez-toc-title\" style=\"cursor:inherit\">\u00cdndice<\/p>\n<span class=\"ez-toc-title-toggle\"><a href=\"#\" class=\"ez-toc-pull-right ez-toc-btn ez-toc-btn-xs ez-toc-btn-default ez-toc-toggle\" aria-label=\"Toggle Table of Content\"><span class=\"ez-toc-js-icon-con\"><span class=\"\"><span class=\"eztoc-hide\" style=\"display:none;\">Toggle<\/span><span class=\"ez-toc-icon-toggle-span\"><svg style=\"fill: #999;color:#999\" xmlns=\"http:\/\/www.w3.org\/2000\/svg\" class=\"list-377408\" width=\"20px\" height=\"20px\" viewBox=\"0 0 24 24\" fill=\"none\"><path d=\"M6 6H4v2h2V6zm14 0H8v2h12V6zM4 11h2v2H4v-2zm16 0H8v2h12v-2zM4 16h2v2H4v-2zm16 0H8v2h12v-2z\" fill=\"currentColor\"><\/path><\/svg><svg style=\"fill: #999;color:#999\" class=\"arrow-unsorted-368013\" xmlns=\"http:\/\/www.w3.org\/2000\/svg\" width=\"10px\" height=\"10px\" viewBox=\"0 0 24 24\" version=\"1.2\" baseProfile=\"tiny\"><path d=\"M18.2 9.3l-6.2-6.3-6.2 6.3c-.2.2-.3.4-.3.7s.1.5.3.7c.2.2.4.3.7.3h11c.3 0 .5-.1.7-.3.2-.2.3-.5.3-.7s-.1-.5-.3-.7zM5.8 14.7l6.2 6.3 6.2-6.3c.2-.2.3-.5.3-.7s-.1-.5-.3-.7c-.2-.2-.4-.3-.7-.3h-11c-.3 0-.5.1-.7.3-.2.2-.3.5-.3.7s.1.5.3.7z\"\/><\/svg><\/span><\/span><\/span><\/a><\/span><\/div>\n<nav><ul class='ez-toc-list ez-toc-list-level-1 eztoc-toggle-hide-by-default' ><li class='ez-toc-page-1 ez-toc-heading-level-2'><a class=\"ez-toc-link ez-toc-heading-1\" href=\"https:\/\/speed-casino.com\/casinos-online-portugal\/cookies\/#Cookies_absolutamente_necessarios\" >Cookies absolutamente necess\u00e1rios<\/a><\/li><li class='ez-toc-page-1 ez-toc-heading-level-2'><a class=\"ez-toc-link ez-toc-heading-2\" href=\"https:\/\/speed-casino.com\/casinos-online-portugal\/cookies\/#Cadastro\" >Cadastro<\/a><\/li><li class='ez-toc-page-1 ez-toc-heading-level-2'><a class=\"ez-toc-link ez-toc-heading-3\" href=\"https:\/\/speed-casino.com\/casinos-online-portugal\/cookies\/#Tres_tipos_de_cookies\" >Tr\u00eas tipos de cookies<\/a><ul class='ez-toc-list-level-3' ><li class='ez-toc-heading-level-3'><a class=\"ez-toc-link ez-toc-heading-4\" href=\"https:\/\/speed-casino.com\/casinos-online-portugal\/cookies\/#Cookies_baseados_em_sessao\" >Cookies baseados em sess\u00e3o<\/a><\/li><li class='ez-toc-page-1 ez-toc-heading-level-3'><a class=\"ez-toc-link ez-toc-heading-5\" href=\"https:\/\/speed-casino.com\/casinos-online-portugal\/cookies\/#Cookies_persistentes\" >Cookies persistentes<\/a><\/li><li class='ez-toc-page-1 ez-toc-heading-level-3'><a class=\"ez-toc-link ez-toc-heading-6\" href=\"https:\/\/speed-casino.com\/casinos-online-portugal\/cookies\/#Cookies_analiticos\" >Cookies anal\u00edticos<\/a><\/li><\/ul><\/li><li class='ez-toc-page-1 ez-toc-heading-level-2'><a class=\"ez-toc-link ez-toc-heading-7\" href=\"https:\/\/speed-casino.com\/casinos-online-portugal\/cookies\/#Direito_de_decisao_do_usuario\" >Direito de decis\u00e3o do usu\u00e1rio<\/a><\/li><li class='ez-toc-page-1 ez-toc-heading-level-2'><a class=\"ez-toc-link ez-toc-heading-8\" href=\"https:\/\/speed-casino.com\/casinos-online-portugal\/cookies\/#Cookies_Flash_Player\" >Cookies Flash Player<\/a><\/li><\/ul><\/nav><\/div>\n\n<p>A Plataforma usa tamb\u00e9m \u201cflash cookies\u201d, semelhante a cookies de navegador, que permitem \u00e0 Plataforma criar um registro das visitas do usu\u00e1rio aos servi\u00e7os da Plataforma.<\/p>\n<p>Cookies e flash cookies n\u00e3o s\u00e3o nem ser\u00e3o utilizados para a Plataforma acessar o dispositivo do usu\u00e1rio ou para, de alguma forma, ter algum acesso a informa\u00e7\u00f5es pessoais do usu\u00e1rio e do aparelho. O uso de cookies e flash cookies, de acordo com as melhores pr\u00e1ticas da ind\u00fastria, serve unicamente para monitorar o relacionamento entre o usu\u00e1rio e a Plataforma e prestar um melhor servi\u00e7o. O registo de prefer\u00eancias ajuda a plataforma a melhorar os servi\u00e7os, facilitando ao usu\u00e1rio o acesso personalizado aos mesmos e permitindo \u00e0 Plataforma incrementar o interesse do usu\u00e1rio pelos servi\u00e7os. A exibi\u00e7\u00e3o de an\u00fancios altamente relevantes e direcionados \u00e0s prefer\u00eancias e interesses do usu\u00e1rio \u00e9 poss\u00edvel atrav\u00e9s do uso de cookies.<\/p>\n<h2><span class=\"ez-toc-section\" id=\"Cookies_absolutamente_necessarios\"><\/span>Cookies absolutamente necess\u00e1rios<span class=\"ez-toc-section-end\"><\/span><\/h2>\n<p>Os cookies armazenados no dispositivo do usu\u00e1rio s\u00e3o absolutamente necess\u00e1rios para que o usu\u00e1rio possa navegar no site e utilizar os servi\u00e7os da plataforma, nomeadamente, mas sem exclus\u00e3o de outros, o acesso a \u00e1reas seguras (privadas) do site e a concretiza\u00e7\u00e3o de movimentos financeiros (dep\u00f3sitos e saques). Sem autorizar o uso de cookies, o usu\u00e1rio n\u00e3o conseguir\u00e1 usar os servi\u00e7os da Plataforma de forma eficiente.<\/p>\n<h2><span class=\"ez-toc-section\" id=\"Cadastro\"><\/span>Cadastro<span class=\"ez-toc-section-end\"><\/span><\/h2>\n<p>Os cookies recolhem informa\u00e7\u00f5es a partir do momento do cadastro, isto \u00e9, da cria\u00e7\u00e3o de conta no servi\u00e7o por parte do usu\u00e1rio, ajudando a Plataforma a identificar o usu\u00e1rio como cliente e a lhe fornecer servi\u00e7os customizados. Estes elementos ser\u00e3o usados para, progressivamente e de forma cont\u00ednua, a Plataforma compreender os interesses e prefer\u00eancias do usu\u00e1rio e melhorar constantemente, no sentido de adaptar e customizar, o servi\u00e7o fornecido.<\/p>\n<h2><span class=\"ez-toc-section\" id=\"Tres_tipos_de_cookies\"><\/span>Tr\u00eas tipos de cookies<span class=\"ez-toc-section-end\"><\/span><\/h2>\n<p>A Plataforma armazena tr\u00eas tipos de cookies nos aparelhos dos usu\u00e1rios.<\/p>\n<h3><span class=\"ez-toc-section\" id=\"Cookies_baseados_em_sessao\"><\/span>Cookies baseados em sess\u00e3o<span class=\"ez-toc-section-end\"><\/span><\/h3>\n<p>Este cookie \u00e9 armazenado no seu dispositivo unicamente durante o acesso aos nossos servi\u00e7os, sendo autom\u00e1tica e imediatamente cancelado quando o usu\u00e1rio fechar o browser. Os cookies baseados em sess\u00e3o ajudam o usu\u00e1rio a navegar pelo site mais rapidamente e permitem \u00e0 Plataforma fornecer informa\u00e7\u00e3o altamente relevante se for associado a um cliente registrado e que tenha acessado sua conta de usu\u00e1rio.<\/p>\n<h3><span class=\"ez-toc-section\" id=\"Cookies_persistentes\"><\/span>Cookies persistentes<span class=\"ez-toc-section-end\"><\/span><\/h3>\n<p>Estes cookies permanecem no aparelho por um certo per\u00edodo de tempo, que pode ser diferente dependendo do tipo de cookies em quest\u00e3o. Os flash cookies acima mencionados s\u00e3o um exemplo de cookies persistentes.<\/p>\n<h3><span class=\"ez-toc-section\" id=\"Cookies_analiticos\"><\/span>Cookies anal\u00edticos<span class=\"ez-toc-section-end\"><\/span><\/h3>\n<p>Estes cookies permitem acompanhar e contabilizar o n\u00famero de visitantes e usu\u00e1rios na Plataforma e compreender como eles usam o conte\u00fado e servi\u00e7os. Esta informa\u00e7\u00e3o permite \u00e0 Plataforma otimizar o funcionamento do site, por exemplo facilitando ao usu\u00e1rio a possibilidade de fazer login e localizar mais facilmente o que est\u00e1 procurando.<\/p>\n<h2><span class=\"ez-toc-section\" id=\"Direito_de_decisao_do_usuario\"><\/span>Direito de decis\u00e3o do usu\u00e1rio<span class=\"ez-toc-section-end\"><\/span><\/h2>\n<p>O usu\u00e1rio decide e tem sempre a op\u00e7\u00e3o de aceitar ou recusar o armazenamento de cookies.<\/p>\n<p>A maioria dos browsers (navegadores) de internet aceita cookies automaticamente, mas o browser permite ao usu\u00e1rio alterar as configura\u00e7\u00f5es para gerenciar de forma customizada os cookies que s\u00e3o armazenados no aparelho (e que chegam ao aparelho atrav\u00e9s do pr\u00f3prio navegador).<\/p>\n<p>O usu\u00e1rio pode usar o navegador para, relativamente aos cookies:<\/p>\n<ul>\n<li>Apagar;<\/li>\n<li>Bloquear;<\/li>\n<li>Limpar os cookies armazenados em certo momento;<\/li>\n<li>Iniciar uma sess\u00e3o de navega\u00e7\u00e3o an\u00f4nima ou privada para navegar na internet sem armazenar dados;<\/li>\n<li>Instalar programas extra para aumentar as op\u00e7\u00f5es do navegador;<\/li>\n<li>Permitir todos os cookies.<\/li>\n<\/ul>\n<h2><span class=\"ez-toc-section\" id=\"Cookies_Flash_Player\"><\/span>Cookies Flash Player<span class=\"ez-toc-section-end\"><\/span><\/h2>\n<p>O usu\u00e1rio pode alterar as defini\u00e7\u00f5es do Flash Player para n\u00e3o permitir a utiliza\u00e7\u00e3o de Cookies Flash. Estas prefer\u00eancias est\u00e3o dispon\u00edveis no menu de defini\u00e7\u00f5es do Flash Player.<\/p>\n<p>Caso o usu\u00e1rio decida n\u00e3o autorizar os cookies no navegador, n\u00e3o ser\u00e1 capaz de utilizar alguns dos servi\u00e7os da Plataforma, que n\u00e3o funcionar\u00e3o de forma correta. A Plataforma n\u00e3o ser\u00e1 respons\u00e1vel por qualquer mau funcionamento do servi\u00e7o que seja devido ao n\u00e3o armazenamento de cookies caso o usu\u00e1rio tenha decido n\u00e3o autorizar este armazenamento.<\/p>\n","protected":false},"excerpt":{"rendered":"<p>A Plataforma\u00a022Bet\u00a0armazena informa\u00e7\u00e3o no equipamento inform\u00e1tico ou dispositivo do usu\u00e1rio (seja computador, smartphone ou tablet), sob a forma de cookies. A express\u00e3o \u201ccookies\u201d refere-se a pequenos ficheiros contendo n\u00fameros e letras de modo a que as prefer\u00eancias do usu\u00e1rio sejam registradas. Os cookies s\u00e3o automaticamente armazenados no dispositivo do usu\u00e1rio \u00e0 medida que ele utiliza [&hellip;]<\/p>\n","protected":false},"author":1,"featured_media":0,"parent":0,"menu_order":0,"comment_status":"closed","ping_status":"closed","template":"","meta":{"_acf_changed":false,"footnotes":""},"class_list":["post-61","page","type-page","status-publish","hentry"],"acf":[],"yoast_head":"<!-- This site is optimized with the Yoast SEO plugin v27.2 - https:\/\/yoast.com\/product\/yoast-seo-wordpress\/ -->\n<title>Cookies 22BET | Descri\u00e7\u00e3o do Funcionamento<\/title>\n<meta name=\"description\" content=\"Conhe\u00e7a a Pol\u00edtica de Utiliza\u00e7\u00e3o de Cookies 22Bet e compreenda quais os benef\u00edcios para o usu\u00e1rio de autorizar a sua utiliza\u00e7\u00e3o pela plataforma.\" \/>\n<meta name=\"robots\" content=\"index, follow, max-snippet:-1, max-image-preview:large, max-video-preview:-1\" \/>\n<link rel=\"canonical\" href=\"https:\/\/speed-casino.com\/casinos-online-portugal\/cookies\/\" \/>\n<meta property=\"og:locale\" content=\"pt_PT\" \/>\n<meta property=\"og:type\" content=\"article\" \/>\n<meta property=\"og:title\" content=\"Cookies 22BET | Descri\u00e7\u00e3o do Funcionamento\" \/>\n<meta property=\"og:description\" content=\"Conhe\u00e7a a Pol\u00edtica de Utiliza\u00e7\u00e3o de Cookies 22Bet e compreenda quais os benef\u00edcios para o usu\u00e1rio de autorizar a sua utiliza\u00e7\u00e3o pela plataforma.\" \/>\n<meta property=\"og:url\" content=\"https:\/\/speed-casino.com\/casinos-online-portugal\/cookies\/\" \/>\n<meta property=\"og:site_name\" content=\"Aplica\u00e7\u00e3o Mobile para Android &amp; iOS\" \/>\n<meta name=\"twitter:card\" content=\"summary_large_image\" \/>\n<meta name=\"twitter:label1\" content=\"Tempo estimado de leitura\" \/>\n\t<meta name=\"twitter:data1\" content=\"4 minutos\" \/>\n<script type=\"application\/ld+json\" class=\"yoast-schema-graph\">{\"@context\":\"https:\/\/schema.org\",\"@graph\":[{\"@type\":\"WebPage\",\"@id\":\"https:\/\/speed-casino.com\/casinos-online-portugal\/cookies\/\",\"url\":\"https:\/\/speed-casino.com\/casinos-online-portugal\/cookies\/\",\"name\":\"Cookies 22BET | Descri\u00e7\u00e3o do Funcionamento\",\"isPartOf\":{\"@id\":\"https:\/\/speed-casino.com\/casinos-online-portugal\/#website\"},\"datePublished\":\"2022-08-26T12:55:03+00:00\",\"description\":\"Conhe\u00e7a a Pol\u00edtica de Utiliza\u00e7\u00e3o de Cookies 22Bet e compreenda quais os benef\u00edcios para o usu\u00e1rio de autorizar a sua utiliza\u00e7\u00e3o pela plataforma.\",\"breadcrumb\":{\"@id\":\"https:\/\/speed-casino.com\/casinos-online-portugal\/cookies\/#breadcrumb\"},\"inLanguage\":\"pt-PT\",\"potentialAction\":[{\"@type\":\"ReadAction\",\"target\":[\"https:\/\/speed-casino.com\/casinos-online-portugal\/cookies\/\"]}]},{\"@type\":\"BreadcrumbList\",\"@id\":\"https:\/\/speed-casino.com\/casinos-online-portugal\/cookies\/#breadcrumb\",\"itemListElement\":[{\"@type\":\"ListItem\",\"position\":1,\"name\":\"Home\",\"item\":\"https:\/\/speed-casino.com\/casinos-online-portugal\/\"},{\"@type\":\"ListItem\",\"position\":2,\"name\":\"Cookies\"}]},{\"@type\":\"WebSite\",\"@id\":\"https:\/\/speed-casino.com\/casinos-online-portugal\/#website\",\"url\":\"https:\/\/speed-casino.com\/casinos-online-portugal\/\",\"name\":\"Aplica\u00e7\u00e3o Mobile para Android &amp; iOS\",\"description\":\"\",\"publisher\":{\"@id\":\"https:\/\/speed-casino.com\/casinos-online-portugal\/#organization\"},\"potentialAction\":[{\"@type\":\"SearchAction\",\"target\":{\"@type\":\"EntryPoint\",\"urlTemplate\":\"https:\/\/speed-casino.com\/casinos-online-portugal\/?s={search_term_string}\"},\"query-input\":{\"@type\":\"PropertyValueSpecification\",\"valueRequired\":true,\"valueName\":\"search_term_string\"}}],\"inLanguage\":\"pt-PT\"},{\"@type\":\"Organization\",\"@id\":\"https:\/\/speed-casino.com\/casinos-online-portugal\/#organization\",\"name\":\"Aplica\u00e7\u00e3o Mobile para Android &amp; iOS\",\"url\":\"https:\/\/speed-casino.com\/casinos-online-portugal\/\",\"logo\":{\"@type\":\"ImageObject\",\"inLanguage\":\"pt-PT\",\"@id\":\"https:\/\/speed-casino.com\/casinos-online-portugal\/#\/schema\/logo\/image\/\",\"url\":\"https:\/\/speed-casino.com\/casinos-online-portugal\/wp-content\/uploads\/2022\/08\/logo_melhorappdeapostas.com_.png\",\"contentUrl\":\"https:\/\/speed-casino.com\/casinos-online-portugal\/wp-content\/uploads\/2022\/08\/logo_melhorappdeapostas.com_.png\",\"width\":200,\"height\":100,\"caption\":\"Aplica\u00e7\u00e3o Mobile para Android &amp; iOS\"},\"image\":{\"@id\":\"https:\/\/speed-casino.com\/casinos-online-portugal\/#\/schema\/logo\/image\/\"}}]}<\/script>\n<!-- \/ Yoast SEO plugin. -->","yoast_head_json":{"title":"Cookies 22BET | Descri\u00e7\u00e3o do Funcionamento","description":"Conhe\u00e7a a Pol\u00edtica de Utiliza\u00e7\u00e3o de Cookies 22Bet e compreenda quais os benef\u00edcios para o usu\u00e1rio de autorizar a sua utiliza\u00e7\u00e3o pela plataforma.","robots":{"index":"index","follow":"follow","max-snippet":"max-snippet:-1","max-image-preview":"max-image-preview:large","max-video-preview":"max-video-preview:-1"},"canonical":"https:\/\/speed-casino.com\/casinos-online-portugal\/cookies\/","og_locale":"pt_PT","og_type":"article","og_title":"Cookies 22BET | Descri\u00e7\u00e3o do Funcionamento","og_description":"Conhe\u00e7a a Pol\u00edtica de Utiliza\u00e7\u00e3o de Cookies 22Bet e compreenda quais os benef\u00edcios para o usu\u00e1rio de autorizar a sua utiliza\u00e7\u00e3o pela plataforma.","og_url":"https:\/\/speed-casino.com\/casinos-online-portugal\/cookies\/","og_site_name":"Aplica\u00e7\u00e3o Mobile para Android &amp; iOS","twitter_card":"summary_large_image","twitter_misc":{"Tempo estimado de leitura":"4 minutos"},"schema":{"@context":"https:\/\/schema.org","@graph":[{"@type":"WebPage","@id":"https:\/\/speed-casino.com\/casinos-online-portugal\/cookies\/","url":"https:\/\/speed-casino.com\/casinos-online-portugal\/cookies\/","name":"Cookies 22BET | Descri\u00e7\u00e3o do Funcionamento","isPartOf":{"@id":"https:\/\/speed-casino.com\/casinos-online-portugal\/#website"},"datePublished":"2022-08-26T12:55:03+00:00","description":"Conhe\u00e7a a Pol\u00edtica de Utiliza\u00e7\u00e3o de Cookies 22Bet e compreenda quais os benef\u00edcios para o usu\u00e1rio de autorizar a sua utiliza\u00e7\u00e3o pela plataforma.","breadcrumb":{"@id":"https:\/\/speed-casino.com\/casinos-online-portugal\/cookies\/#breadcrumb"},"inLanguage":"pt-PT","potentialAction":[{"@type":"ReadAction","target":["https:\/\/speed-casino.com\/casinos-online-portugal\/cookies\/"]}]},{"@type":"BreadcrumbList","@id":"https:\/\/speed-casino.com\/casinos-online-portugal\/cookies\/#breadcrumb","itemListElement":[{"@type":"ListItem","position":1,"name":"Home","item":"https:\/\/speed-casino.com\/casinos-online-portugal\/"},{"@type":"ListItem","position":2,"name":"Cookies"}]},{"@type":"WebSite","@id":"https:\/\/speed-casino.com\/casinos-online-portugal\/#website","url":"https:\/\/speed-casino.com\/casinos-online-portugal\/","name":"Aplica\u00e7\u00e3o Mobile para Android &amp; iOS","description":"","publisher":{"@id":"https:\/\/speed-casino.com\/casinos-online-portugal\/#organization"},"potentialAction":[{"@type":"SearchAction","target":{"@type":"EntryPoint","urlTemplate":"https:\/\/speed-casino.com\/casinos-online-portugal\/?s={search_term_string}"},"query-input":{"@type":"PropertyValueSpecification","valueRequired":true,"valueName":"search_term_string"}}],"inLanguage":"pt-PT"},{"@type":"Organization","@id":"https:\/\/speed-casino.com\/casinos-online-portugal\/#organization","name":"Aplica\u00e7\u00e3o Mobile para Android &amp; iOS","url":"https:\/\/speed-casino.com\/casinos-online-portugal\/","logo":{"@type":"ImageObject","inLanguage":"pt-PT","@id":"https:\/\/speed-casino.com\/casinos-online-portugal\/#\/schema\/logo\/image\/","url":"https:\/\/speed-casino.com\/casinos-online-portugal\/wp-content\/uploads\/2022\/08\/logo_melhorappdeapostas.com_.png","contentUrl":"https:\/\/speed-casino.com\/casinos-online-portugal\/wp-content\/uploads\/2022\/08\/logo_melhorappdeapostas.com_.png","width":200,"height":100,"caption":"Aplica\u00e7\u00e3o Mobile para Android &amp; iOS"},"image":{"@id":"https:\/\/speed-casino.com\/casinos-online-portugal\/#\/schema\/logo\/image\/"}}]}},"_links":{"self":[{"href":"https:\/\/speed-casino.com\/casinos-online-portugal\/wp-json\/wp\/v2\/pages\/61","targetHints":{"allow":["GET"]}}],"collection":[{"href":"https:\/\/speed-casino.com\/casinos-online-portugal\/wp-json\/wp\/v2\/pages"}],"about":[{"href":"https:\/\/speed-casino.com\/casinos-online-portugal\/wp-json\/wp\/v2\/types\/page"}],"author":[{"embeddable":true,"href":"https:\/\/speed-casino.com\/casinos-online-portugal\/wp-json\/wp\/v2\/users\/1"}],"replies":[{"embeddable":true,"href":"https:\/\/speed-casino.com\/casinos-online-portugal\/wp-json\/wp\/v2\/comments?post=61"}],"version-history":[{"count":1,"href":"https:\/\/speed-casino.com\/casinos-online-portugal\/wp-json\/wp\/v2\/pages\/61\/revisions"}],"predecessor-version":[{"id":62,"href":"https:\/\/speed-casino.com\/casinos-online-portugal\/wp-json\/wp\/v2\/pages\/61\/revisions\/62"}],"wp:attachment":[{"href":"https:\/\/speed-casino.com\/casinos-online-portugal\/wp-json\/wp\/v2\/media?parent=61"}],"curies":[{"name":"wp","href":"https:\/\/api.w.org\/{rel}","templated":true}]}}