{"id":63,"date":"2022-08-26T12:55:54","date_gmt":"2022-08-26T12:55:54","guid":{"rendered":"https:\/\/speed-casino.com\/casinos-online-portugal\/?page_id=63"},"modified":"2022-08-26T12:55:54","modified_gmt":"2022-08-26T12:55:54","slug":"jogo-responsavel","status":"publish","type":"page","link":"https:\/\/speed-casino.com\/casinos-online-portugal\/jogo-responsavel\/","title":{"rendered":"Jogo Respons\u00e1vel"},"content":{"rendered":"<p>A equipe de profissionais 22Bet trabalha de forma cont\u00ednua, profissional e atenta para que a plataforma seja segura, com o objetivo de proporcionar a nossos clientes um ambiente de divers\u00e3o e entretenimento sempre confi\u00e1vel. Entretanto, utilizar plataformas de apostas esportivas pode, em certos cen\u00e1rios, em vez de trazer divers\u00e3o e alegria, virar uma experi\u00eancia desagrad\u00e1vel. Para evitar essas situa\u00e7\u00f5es e ajudar os nossos clientes e usu\u00e1rios a se afastarem de fen\u00f4menos de depend\u00eancia e dos problemas associados, queremos dedicar tempo e espa\u00e7o para lhe oferecer as melhores dicas e conselhos sobre este tema.<\/p>\n<div id=\"ez-toc-container\" class=\"ez-toc-v2_0_82_1 ez-toc-wrap-center counter-hierarchy ez-toc-counter ez-toc-grey ez-toc-container-direction\">\n<div class=\"ez-toc-title-container\">\n<p class=\"ez-toc-title\" style=\"cursor:inherit\">\u00cdndice<\/p>\n<span class=\"ez-toc-title-toggle\"><a href=\"#\" class=\"ez-toc-pull-right ez-toc-btn ez-toc-btn-xs ez-toc-btn-default ez-toc-toggle\" aria-label=\"Toggle Table of Content\"><span class=\"ez-toc-js-icon-con\"><span class=\"\"><span class=\"eztoc-hide\" style=\"display:none;\">Toggle<\/span><span class=\"ez-toc-icon-toggle-span\"><svg style=\"fill: #999;color:#999\" xmlns=\"http:\/\/www.w3.org\/2000\/svg\" class=\"list-377408\" width=\"20px\" height=\"20px\" viewBox=\"0 0 24 24\" fill=\"none\"><path d=\"M6 6H4v2h2V6zm14 0H8v2h12V6zM4 11h2v2H4v-2zm16 0H8v2h12v-2zM4 16h2v2H4v-2zm16 0H8v2h12v-2z\" fill=\"currentColor\"><\/path><\/svg><svg style=\"fill: #999;color:#999\" class=\"arrow-unsorted-368013\" xmlns=\"http:\/\/www.w3.org\/2000\/svg\" width=\"10px\" height=\"10px\" viewBox=\"0 0 24 24\" version=\"1.2\" baseProfile=\"tiny\"><path d=\"M18.2 9.3l-6.2-6.3-6.2 6.3c-.2.2-.3.4-.3.7s.1.5.3.7c.2.2.4.3.7.3h11c.3 0 .5-.1.7-.3.2-.2.3-.5.3-.7s-.1-.5-.3-.7zM5.8 14.7l6.2 6.3 6.2-6.3c.2-.2.3-.5.3-.7s-.1-.5-.3-.7c-.2-.2-.4-.3-.7-.3h-11c-.3 0-.5.1-.7.3-.2.2-.3.5-.3.7s.1.5.3.7z\"\/><\/svg><\/span><\/span><\/span><\/a><\/span><\/div>\n<nav><ul class='ez-toc-list ez-toc-list-level-1 eztoc-toggle-hide-by-default' ><li class='ez-toc-page-1 ez-toc-heading-level-2'><a class=\"ez-toc-link ez-toc-heading-1\" href=\"https:\/\/speed-casino.com\/casinos-online-portugal\/jogo-responsavel\/#Como_atuar_responsavelmente\" >Como atuar responsavelmente<\/a><ul class='ez-toc-list-level-3' ><li class='ez-toc-heading-level-3'><a class=\"ez-toc-link ez-toc-heading-2\" href=\"https:\/\/speed-casino.com\/casinos-online-portugal\/jogo-responsavel\/#Autoavaliacao\" >Autoavalia\u00e7\u00e3o<\/a><\/li><li class='ez-toc-page-1 ez-toc-heading-level-3'><a class=\"ez-toc-link ez-toc-heading-3\" href=\"https:\/\/speed-casino.com\/casinos-online-portugal\/jogo-responsavel\/#Autolimitacao\" >Autolimita\u00e7\u00e3o<\/a><\/li><li class='ez-toc-page-1 ez-toc-heading-level-3'><a class=\"ez-toc-link ez-toc-heading-4\" href=\"https:\/\/speed-casino.com\/casinos-online-portugal\/jogo-responsavel\/#Procurando_ajuda\" >Procurando ajuda<\/a><\/li><li class='ez-toc-page-1 ez-toc-heading-level-3'><a class=\"ez-toc-link ez-toc-heading-5\" href=\"https:\/\/speed-casino.com\/casinos-online-portugal\/jogo-responsavel\/#Protecao_de_menores\" >Prote\u00e7\u00e3o de menores<\/a><\/li><\/ul><\/li><\/ul><\/nav><\/div>\n<h2><span class=\"ez-toc-section\" id=\"Como_atuar_responsavelmente\"><\/span>Como atuar responsavelmente<span class=\"ez-toc-section-end\"><\/span><\/h2>\n<p>Se j\u00e1 sabe ou tem consci\u00eancia de que pode n\u00e3o conseguir enxergar o limite entre quanto deseja apostar e quando pode apostar efetivamente, dever\u00e1 ponderar excluir-se de apostar em nossa plataforma. Esta medida de preven\u00e7\u00e3o pode ser ativada atrav\u00e9s de nossa equipe de Suporte ao Cliente, contatando o bate-papo ao vivo na p\u00e1gina de Contatos. No mesmo sentido, se souber que uma pessoa pr\u00f3xima de si possa vir a perder o autocontrolo, contate nossa equipe de Suporte para que possamos intervir ativamente.<\/p>\n<p>\u00c9 importante monitorar a quantidade de tempo e de dinheiro que gasta em cada dia ou semana. Nunca deve excluir a possibilidade de precisar de ajuda profissional para enfrentar um problema causado por apostas em excesso.<\/p>\n<h3><span class=\"ez-toc-section\" id=\"Autoavaliacao\"><\/span>Autoavalia\u00e7\u00e3o<span class=\"ez-toc-section-end\"><\/span><\/h3>\n<p>Fa\u00e7a uma autoavalia\u00e7\u00e3o honesta:<\/p>\n<ol>\n<li>\u00c9 dif\u00edcil para voc\u00ea controlar suas despesas com apostas?<\/li>\n<li>Pediu dinheiro emprestado para apostar?<\/li>\n<li>Passa menos tempo com sua fam\u00edlia e amigos para estar mais tempo apostando?<\/li>\n<li>Sente-se deprimido por ter perdido dinheiro em apostas?<\/li>\n<li>J\u00e1 mentiu para algu\u00e9m sobre os valores perdidos em apostas?<\/li>\n<\/ol>\n<p>Tudo isso s\u00e3o sinais de que poder\u00e1 estar precisando de ajuda. A\u00a0<a href=\"https:\/\/speed-casino.com\/casinos-online-portugal\/\">22 Bet<\/a>\u00a0valoriza seus clientes e recusa facilitar a progress\u00e3o da depend\u00eancia. Tenha em muita aten\u00e7\u00e3o as seguintes notas:<\/p>\n<ol>\n<li>As apostas podem ser fonte de rendimentos para apostadores profissionais, mas voc\u00ea n\u00e3o pode ir \u00e0 fal\u00eancia por perdas sucessivas para tentar virar profissional. O profissional aposta sempre com o m\u00e1ximo autocontrolo \u2013 o contr\u00e1rio de quem sofre de depend\u00eancia.<\/li>\n<li>Defina limites de tempo e dinheiro.<\/li>\n<li>N\u00e3o tente recuperar perdas apostando em dobro.<\/li>\n<li>Nunca aposte sob influ\u00eancia de \u00e1lcool ou outras subst\u00e2ncias.<\/li>\n<li>Nunca aposte se sentir que est\u00e1 deprimido ou com o objetivo de resolver outros problemas em sua vida.<\/li>\n<\/ol>\n<p>A 22Bet ajuda-o a definir limites. Contate o nosso Suporte ao Cliente sempre que considerar necess\u00e1rio e pe\u00e7a a nossa equipe para estabelecer limites para voc\u00ea:<\/p>\n<ol>\n<li>Um valor m\u00e1ximo para apostar em certo per\u00edodo (por dia, por semana, por m\u00eas, etc.);<\/li>\n<li>Um valor m\u00e1ximo para o dinheiro que possa ser perdido em determinado per\u00edodo;<\/li>\n<li>Autoexcluir-se, n\u00e3o permitindo o acesso a sua conta por certo per\u00edodo ou indefinidamente.<\/li>\n<\/ol>\n<h3><span class=\"ez-toc-section\" id=\"Autolimitacao\"><\/span>Autolimita\u00e7\u00e3o<span class=\"ez-toc-section-end\"><\/span><\/h3>\n<p>A autolimita\u00e7\u00e3o ou autoexclus\u00e3o mencionada anteriormente \u00e9 monitorada continuamente por nossa equipe de Suporte ao Cliente. Ser\u00e3o tomadas medidas n\u00e3o apenas para que o usu\u00e1rio n\u00e3o possa acessar sua conta mas tamb\u00e9m para que n\u00e3o receba propaganda sobre nossa plataforma. Toda a comunica\u00e7\u00e3o promocional (telemarketing, mailings direcionados, etc.) ser\u00e1 cortada e impedida de chegar ao e-mail e ao n\u00famero de telefone associados pelo usu\u00e1rio a sua conta.<\/p>\n<p>A 22Bet far\u00e1 tamb\u00e9m o seu melhor para impedir o usu\u00e1rio autoexclu\u00eddo de criar novas contas de usu\u00e1rio. Ative esta op\u00e7\u00e3o, por favor, enviando um e-mail para block@22bet.com. A verifica\u00e7\u00e3o de documentos que consta de nossa pol\u00edtica de utiliza\u00e7\u00e3o faz parte desta pol\u00edtica de seguran\u00e7a. Durante o per\u00edodo de autolimita\u00e7\u00e3o, o usu\u00e1rio aceita que a Empresa n\u00e3o ser\u00e1 respons\u00e1vel se o jogador, de forma fraudulenta, criar uma conta sob um nome e\/ou endere\u00e7o diferentes e continuar incorrendo em despesa.<\/p>\n<h3><span class=\"ez-toc-section\" id=\"Procurando_ajuda\"><\/span>Procurando ajuda<span class=\"ez-toc-section-end\"><\/span><\/h3>\n<p>A 22Bet recomenda que visite os seguintes sites para ter acesso a informa\u00e7\u00e3o valiosa sobre depend\u00eancia de apostas e de jogo e sobre apoio a pessoas com problemas de depend\u00eancia:<\/p>\n<ul>\n<li>https:\/\/fma-curacao.com\/<\/li>\n<li>http:\/\/www.gamblersanonymous.org\/ga\/<\/li>\n<li>www.gamblingtherapy.org<\/li>\n<li>https:\/\/www.gamcare.org.uk\/<\/li>\n<li>https:\/\/www.begambleaware.org\/<\/li>\n<li>https:\/\/gamingcontrol.spin-cdn.com\/media\/pdf_files\/20191108_eng_self_exclusion_formulier_final_sep_2019.pdf<\/li>\n<\/ul>\n<h3><span class=\"ez-toc-section\" id=\"Protecao_de_menores\"><\/span>Prote\u00e7\u00e3o de menores<span class=\"ez-toc-section-end\"><\/span><\/h3>\n<p>A 22Bet s\u00f3 aceita usu\u00e1rios com idade igual ou superior a 18 anos. Todos os meios ser\u00e3o utilizados para impedir quaisquer tentativas por parte de menores para se cadastrarem e se tornarem clientes de nosso site. A 22Bet reserva-se o direito de pedir confirma\u00e7\u00e3o de identidade e de impedir o acesso \u00e0 plataforma caso o usu\u00e1rio recuse confirmar ou, caso confirme, se for menor de idade. A 22Bet reitera que nenhum de seus materiais promocionais \u00e9 destinado a atrair menores para o site.<\/p>\n","protected":false},"excerpt":{"rendered":"<p>A equipe de profissionais 22Bet trabalha de forma cont\u00ednua, profissional e atenta para que a plataforma seja segura, com o objetivo de proporcionar a nossos clientes um ambiente de divers\u00e3o e entretenimento sempre confi\u00e1vel. Entretanto, utilizar plataformas de apostas esportivas pode, em certos cen\u00e1rios, em vez de trazer divers\u00e3o e alegria, virar uma experi\u00eancia desagrad\u00e1vel. [&hellip;]<\/p>\n","protected":false},"author":1,"featured_media":0,"parent":0,"menu_order":0,"comment_status":"closed","ping_status":"closed","template":"","meta":{"_acf_changed":false,"footnotes":""},"class_list":["post-63","page","type-page","status-publish","hentry"],"acf":[],"yoast_head":"<!-- This site is optimized with the Yoast SEO plugin v27.2 - https:\/\/yoast.com\/product\/yoast-seo-wordpress\/ -->\n<title>Jogo Respons\u00e1vel 22BET | Aposte em seguran\u00e7a<\/title>\n<meta name=\"description\" content=\"Conhe\u00e7a as medidas de jogo respons\u00e1vel 22Bet. Aposte com responsabilidade e adote medidas de seguran\u00e7a, em colabora\u00e7\u00e3o com nossa marca.\" \/>\n<meta name=\"robots\" content=\"index, follow, max-snippet:-1, max-image-preview:large, max-video-preview:-1\" \/>\n<link rel=\"canonical\" href=\"https:\/\/speed-casino.com\/casinos-online-portugal\/jogo-responsavel\/\" \/>\n<meta property=\"og:locale\" content=\"pt_PT\" \/>\n<meta property=\"og:type\" content=\"article\" \/>\n<meta property=\"og:title\" content=\"Jogo Respons\u00e1vel 22BET | Aposte em seguran\u00e7a\" \/>\n<meta property=\"og:description\" content=\"Conhe\u00e7a as medidas de jogo respons\u00e1vel 22Bet. Aposte com responsabilidade e adote medidas de seguran\u00e7a, em colabora\u00e7\u00e3o com nossa marca.\" \/>\n<meta property=\"og:url\" content=\"https:\/\/speed-casino.com\/casinos-online-portugal\/jogo-responsavel\/\" \/>\n<meta property=\"og:site_name\" content=\"Aplica\u00e7\u00e3o Mobile para Android &amp; iOS\" \/>\n<meta name=\"twitter:card\" content=\"summary_large_image\" \/>\n<meta name=\"twitter:label1\" content=\"Tempo estimado de leitura\" \/>\n\t<meta name=\"twitter:data1\" content=\"4 minutos\" \/>\n<script type=\"application\/ld+json\" class=\"yoast-schema-graph\">{\"@context\":\"https:\/\/schema.org\",\"@graph\":[{\"@type\":\"WebPage\",\"@id\":\"https:\/\/speed-casino.com\/casinos-online-portugal\/jogo-responsavel\/\",\"url\":\"https:\/\/speed-casino.com\/casinos-online-portugal\/jogo-responsavel\/\",\"name\":\"Jogo Respons\u00e1vel 22BET | Aposte em seguran\u00e7a\",\"isPartOf\":{\"@id\":\"https:\/\/speed-casino.com\/casinos-online-portugal\/#website\"},\"datePublished\":\"2022-08-26T12:55:54+00:00\",\"description\":\"Conhe\u00e7a as medidas de jogo respons\u00e1vel 22Bet. Aposte com responsabilidade e adote medidas de seguran\u00e7a, em colabora\u00e7\u00e3o com nossa marca.\",\"breadcrumb\":{\"@id\":\"https:\/\/speed-casino.com\/casinos-online-portugal\/jogo-responsavel\/#breadcrumb\"},\"inLanguage\":\"pt-PT\",\"potentialAction\":[{\"@type\":\"ReadAction\",\"target\":[\"https:\/\/speed-casino.com\/casinos-online-portugal\/jogo-responsavel\/\"]}]},{\"@type\":\"BreadcrumbList\",\"@id\":\"https:\/\/speed-casino.com\/casinos-online-portugal\/jogo-responsavel\/#breadcrumb\",\"itemListElement\":[{\"@type\":\"ListItem\",\"position\":1,\"name\":\"Home\",\"item\":\"https:\/\/speed-casino.com\/casinos-online-portugal\/\"},{\"@type\":\"ListItem\",\"position\":2,\"name\":\"Jogo Respons\u00e1vel\"}]},{\"@type\":\"WebSite\",\"@id\":\"https:\/\/speed-casino.com\/casinos-online-portugal\/#website\",\"url\":\"https:\/\/speed-casino.com\/casinos-online-portugal\/\",\"name\":\"Aplica\u00e7\u00e3o Mobile para Android &amp; iOS\",\"description\":\"\",\"publisher\":{\"@id\":\"https:\/\/speed-casino.com\/casinos-online-portugal\/#organization\"},\"potentialAction\":[{\"@type\":\"SearchAction\",\"target\":{\"@type\":\"EntryPoint\",\"urlTemplate\":\"https:\/\/speed-casino.com\/casinos-online-portugal\/?s={search_term_string}\"},\"query-input\":{\"@type\":\"PropertyValueSpecification\",\"valueRequired\":true,\"valueName\":\"search_term_string\"}}],\"inLanguage\":\"pt-PT\"},{\"@type\":\"Organization\",\"@id\":\"https:\/\/speed-casino.com\/casinos-online-portugal\/#organization\",\"name\":\"Aplica\u00e7\u00e3o Mobile para Android &amp; iOS\",\"url\":\"https:\/\/speed-casino.com\/casinos-online-portugal\/\",\"logo\":{\"@type\":\"ImageObject\",\"inLanguage\":\"pt-PT\",\"@id\":\"https:\/\/speed-casino.com\/casinos-online-portugal\/#\/schema\/logo\/image\/\",\"url\":\"https:\/\/speed-casino.com\/casinos-online-portugal\/wp-content\/uploads\/2022\/08\/logo_melhorappdeapostas.com_.png\",\"contentUrl\":\"https:\/\/speed-casino.com\/casinos-online-portugal\/wp-content\/uploads\/2022\/08\/logo_melhorappdeapostas.com_.png\",\"width\":200,\"height\":100,\"caption\":\"Aplica\u00e7\u00e3o Mobile para Android &amp; iOS\"},\"image\":{\"@id\":\"https:\/\/speed-casino.com\/casinos-online-portugal\/#\/schema\/logo\/image\/\"}}]}<\/script>\n<!-- \/ Yoast SEO plugin. -->","yoast_head_json":{"title":"Jogo Respons\u00e1vel 22BET | Aposte em seguran\u00e7a","description":"Conhe\u00e7a as medidas de jogo respons\u00e1vel 22Bet. Aposte com responsabilidade e adote medidas de seguran\u00e7a, em colabora\u00e7\u00e3o com nossa marca.","robots":{"index":"index","follow":"follow","max-snippet":"max-snippet:-1","max-image-preview":"max-image-preview:large","max-video-preview":"max-video-preview:-1"},"canonical":"https:\/\/speed-casino.com\/casinos-online-portugal\/jogo-responsavel\/","og_locale":"pt_PT","og_type":"article","og_title":"Jogo Respons\u00e1vel 22BET | Aposte em seguran\u00e7a","og_description":"Conhe\u00e7a as medidas de jogo respons\u00e1vel 22Bet. Aposte com responsabilidade e adote medidas de seguran\u00e7a, em colabora\u00e7\u00e3o com nossa marca.","og_url":"https:\/\/speed-casino.com\/casinos-online-portugal\/jogo-responsavel\/","og_site_name":"Aplica\u00e7\u00e3o Mobile para Android &amp; iOS","twitter_card":"summary_large_image","twitter_misc":{"Tempo estimado de leitura":"4 minutos"},"schema":{"@context":"https:\/\/schema.org","@graph":[{"@type":"WebPage","@id":"https:\/\/speed-casino.com\/casinos-online-portugal\/jogo-responsavel\/","url":"https:\/\/speed-casino.com\/casinos-online-portugal\/jogo-responsavel\/","name":"Jogo Respons\u00e1vel 22BET | Aposte em seguran\u00e7a","isPartOf":{"@id":"https:\/\/speed-casino.com\/casinos-online-portugal\/#website"},"datePublished":"2022-08-26T12:55:54+00:00","description":"Conhe\u00e7a as medidas de jogo respons\u00e1vel 22Bet. Aposte com responsabilidade e adote medidas de seguran\u00e7a, em colabora\u00e7\u00e3o com nossa marca.","breadcrumb":{"@id":"https:\/\/speed-casino.com\/casinos-online-portugal\/jogo-responsavel\/#breadcrumb"},"inLanguage":"pt-PT","potentialAction":[{"@type":"ReadAction","target":["https:\/\/speed-casino.com\/casinos-online-portugal\/jogo-responsavel\/"]}]},{"@type":"BreadcrumbList","@id":"https:\/\/speed-casino.com\/casinos-online-portugal\/jogo-responsavel\/#breadcrumb","itemListElement":[{"@type":"ListItem","position":1,"name":"Home","item":"https:\/\/speed-casino.com\/casinos-online-portugal\/"},{"@type":"ListItem","position":2,"name":"Jogo Respons\u00e1vel"}]},{"@type":"WebSite","@id":"https:\/\/speed-casino.com\/casinos-online-portugal\/#website","url":"https:\/\/speed-casino.com\/casinos-online-portugal\/","name":"Aplica\u00e7\u00e3o Mobile para Android &amp; iOS","description":"","publisher":{"@id":"https:\/\/speed-casino.com\/casinos-online-portugal\/#organization"},"potentialAction":[{"@type":"SearchAction","target":{"@type":"EntryPoint","urlTemplate":"https:\/\/speed-casino.com\/casinos-online-portugal\/?s={search_term_string}"},"query-input":{"@type":"PropertyValueSpecification","valueRequired":true,"valueName":"search_term_string"}}],"inLanguage":"pt-PT"},{"@type":"Organization","@id":"https:\/\/speed-casino.com\/casinos-online-portugal\/#organization","name":"Aplica\u00e7\u00e3o Mobile para Android &amp; iOS","url":"https:\/\/speed-casino.com\/casinos-online-portugal\/","logo":{"@type":"ImageObject","inLanguage":"pt-PT","@id":"https:\/\/speed-casino.com\/casinos-online-portugal\/#\/schema\/logo\/image\/","url":"https:\/\/speed-casino.com\/casinos-online-portugal\/wp-content\/uploads\/2022\/08\/logo_melhorappdeapostas.com_.png","contentUrl":"https:\/\/speed-casino.com\/casinos-online-portugal\/wp-content\/uploads\/2022\/08\/logo_melhorappdeapostas.com_.png","width":200,"height":100,"caption":"Aplica\u00e7\u00e3o Mobile para Android &amp; iOS"},"image":{"@id":"https:\/\/speed-casino.com\/casinos-online-portugal\/#\/schema\/logo\/image\/"}}]}},"_links":{"self":[{"href":"https:\/\/speed-casino.com\/casinos-online-portugal\/wp-json\/wp\/v2\/pages\/63","targetHints":{"allow":["GET"]}}],"collection":[{"href":"https:\/\/speed-casino.com\/casinos-online-portugal\/wp-json\/wp\/v2\/pages"}],"about":[{"href":"https:\/\/speed-casino.com\/casinos-online-portugal\/wp-json\/wp\/v2\/types\/page"}],"author":[{"embeddable":true,"href":"https:\/\/speed-casino.com\/casinos-online-portugal\/wp-json\/wp\/v2\/users\/1"}],"replies":[{"embeddable":true,"href":"https:\/\/speed-casino.com\/casinos-online-portugal\/wp-json\/wp\/v2\/comments?post=63"}],"version-history":[{"count":1,"href":"https:\/\/speed-casino.com\/casinos-online-portugal\/wp-json\/wp\/v2\/pages\/63\/revisions"}],"predecessor-version":[{"id":64,"href":"https:\/\/speed-casino.com\/casinos-online-portugal\/wp-json\/wp\/v2\/pages\/63\/revisions\/64"}],"wp:attachment":[{"href":"https:\/\/speed-casino.com\/casinos-online-portugal\/wp-json\/wp\/v2\/media?parent=63"}],"curies":[{"name":"wp","href":"https:\/\/api.w.org\/{rel}","templated":true}]}}