{"id":151,"date":"2021-04-07T08:22:38","date_gmt":"2021-04-07T08:22:38","guid":{"rendered":"https:\/\/speed-casino.com\/online-casino-magyar\/?page_id=151"},"modified":"2021-04-07T13:12:58","modified_gmt":"2021-04-07T13:12:58","slug":"paypal","status":"publish","type":"page","link":"https:\/\/speed-casino.com\/online-casino-magyar\/paypal\/","title":{"rendered":"PayPal"},"content":{"rendered":"<h1>PayPal online kaszin\u00f3k a magyar j\u00e1t\u00e9kosoknak<\/h1>\n<p>\t\t<div class=\"casinos-list\">\r\n\t\t\t\t\t\t\t\t\t\t\t\t\t\t\t\t\t\t\t\t\t\t\t\t\t\t\t\t\t\t\t\t\t\t\t\t\t\t\t\t\t\t\t\t\t\t\t\t\t\t\t\t\t\t\t\t\t\t\t\t\t\t\t\t\t\t\t\t\t\t\t\t\t\t\t\t\t\t\t\t\t\t\t\t\t\t\t\t\t\t\t\t\t\t\t\t\t\t\t\t\t\t\t\t\t\t\t\t\t\t\t\t\t\t\t\t\t\t\t\t\t\t\t\t\t\t\t\t\t\t\t\t\t\t\t\t\t\t\t\t\t\t\t\t\t\t\t\t\t\t\t\t\t\t\t\t\t\t\t\t\t\t\t\t\t\t\t\t\t\t\t\t\t\t\t\t\t\t\t\t\t\t\t\t\t\t\t\t\t\t\t\t\t\t\t\t\t\t\t\t\t\t\t\t\t\t\t\t\t\t\t\t\t\t\t\t\t\t\t\t\t\t\t\t\t\t\t\t\t\t\t\t\t\t\t\t\t\t\t\t\t\t\t\t\t\t\t\t\t\t\t\t\t\t\t\t\t\t\t\t\t\t\t\t\t\t\t\t\t\t\t\t\t\t\t\t\t\t\t\t\t\t\t\t\t\t\t\t\t\t\t\t\t\t\t\t\t\t\t\t\t\t\t\t\t\t\t\t\t\t\t\t\t\t\t\t\t\t\t\t\t\t\t\t\t\t\t\t\t\t\t\t\t\t\t\t\t\t\t\t\t\t\t\t\t\t\t\t\t\t\t\t\t\t\t\t\t\t\t\t\t\t\t\t\t\t\t\t\t\t\t\t\t\t\t\t\t\t\t\t\t\t\t\t\t\t\t\t\t\t\t\t\t\t\t\t\t\t\t\t\t\t\t\t\t\t\t\t\t\t\t\t\t\t\t\t\t\t\t\t\t\t\t\t\t\t\t\t\t\t\t\t\t\t\t\t\t\t\t\t\t\t\t\t\t\t\t\t\t\t\t\t\t\t\t\t\t\t\t\t\t\t\t\t\t\t\t\t\t\t\t\t\t\t\t\t\t\t\t<\/div>\r\n\t\t\t<\/p>\n<div class=\"text-block\">\n<p><div id=\"ez-toc-container\" class=\"ez-toc-v2_0_82_2 counter-hierarchy ez-toc-counter ez-toc-grey ez-toc-container-direction\">\n<p class=\"ez-toc-title\" style=\"cursor:inherit\">Tartalomjegyz\u00e9k<\/p>\n<label for=\"ez-toc-cssicon-toggle-item-69fcfc6b5020d\" class=\"ez-toc-cssicon-toggle-label\"><span class=\"\"><span class=\"eztoc-hide\" style=\"display:none;\">Toggle<\/span><span class=\"ez-toc-icon-toggle-span\"><svg style=\"fill: #999;color:#999\" xmlns=\"http:\/\/www.w3.org\/2000\/svg\" class=\"list-377408\" width=\"20px\" height=\"20px\" viewBox=\"0 0 24 24\" fill=\"none\"><path d=\"M6 6H4v2h2V6zm14 0H8v2h12V6zM4 11h2v2H4v-2zm16 0H8v2h12v-2zM4 16h2v2H4v-2zm16 0H8v2h12v-2z\" fill=\"currentColor\"><\/path><\/svg><svg style=\"fill: #999;color:#999\" class=\"arrow-unsorted-368013\" xmlns=\"http:\/\/www.w3.org\/2000\/svg\" width=\"10px\" height=\"10px\" viewBox=\"0 0 24 24\" version=\"1.2\" baseProfile=\"tiny\"><path d=\"M18.2 9.3l-6.2-6.3-6.2 6.3c-.2.2-.3.4-.3.7s.1.5.3.7c.2.2.4.3.7.3h11c.3 0 .5-.1.7-.3.2-.2.3-.5.3-.7s-.1-.5-.3-.7zM5.8 14.7l6.2 6.3 6.2-6.3c.2-.2.3-.5.3-.7s-.1-.5-.3-.7c-.2-.2-.4-.3-.7-.3h-11c-.3 0-.5.1-.7.3-.2.2-.3.5-.3.7s.1.5.3.7z\"\/><\/svg><\/span><\/span><\/label><input type=\"checkbox\"  id=\"ez-toc-cssicon-toggle-item-69fcfc6b5020d\" checked aria-label=\"Toggle\" \/><nav><ul class='ez-toc-list ez-toc-list-level-1 ' ><li class='ez-toc-page-1 ez-toc-heading-level-1'><a class=\"ez-toc-link ez-toc-heading-1\" href=\"https:\/\/speed-casino.com\/online-casino-magyar\/paypal\/#PayPal_online_kaszinok_a_magyar_jatekosoknak\" >PayPal online kaszin\u00f3k a magyar j\u00e1t\u00e9kosoknak<\/a><ul class='ez-toc-list-level-2' ><li class='ez-toc-heading-level-2'><a class=\"ez-toc-link ez-toc-heading-2\" href=\"https:\/\/speed-casino.com\/online-casino-magyar\/paypal\/#Miert_ajanlhato_a_PayPal_online_kaszinok_hasznalata\" >Mi\u00e9rt aj\u00e1nlhat\u00f3 a PayPal online kaszin\u00f3k haszn\u00e1lata<\/a><\/li><li class='ez-toc-page-1 ez-toc-heading-level-2'><a class=\"ez-toc-link ez-toc-heading-3\" href=\"https:\/\/speed-casino.com\/online-casino-magyar\/paypal\/#A_harom_legjobb_online_magyar_kaszino_amelyek_elfogadjak_a_PayPalt\" >A h\u00e1rom legjobb online magyar kaszin\u00f3, amelyek elfogadj\u00e1k a PayPalt<\/a><\/li><li class='ez-toc-page-1 ez-toc-heading-level-2'><a class=\"ez-toc-link ez-toc-heading-4\" href=\"https:\/\/speed-casino.com\/online-casino-magyar\/paypal\/#Alternativ_be-_es_kifizetesi_modok_a_magyar_online_kaszinoknal\" >Alternat\u00edv be- \u00e9s kifizet\u00e9si m\u00f3dok a magyar online kaszin\u00f3kn\u00e1l<\/a><\/li><li class='ez-toc-page-1 ez-toc-heading-level-2'><a class=\"ez-toc-link ez-toc-heading-5\" href=\"https:\/\/speed-casino.com\/online-casino-magyar\/paypal\/#PayPal_online_kaszinok_%E2%80%93_nagyszeru_bonuszok_es_nagyszeru_slotok\" >PayPal online kaszin\u00f3k \u2013 nagyszer\u0171 b\u00f3nuszok \u00e9s nagyszer\u0171 slotok<\/a><\/li><li class='ez-toc-page-1 ez-toc-heading-level-2'><a class=\"ez-toc-link ez-toc-heading-6\" href=\"https:\/\/speed-casino.com\/online-casino-magyar\/paypal\/#Gyakran_ismetelt_kerdesek\" >Gyakran ism\u00e9telt k\u00e9rd\u00e9sek<\/a><ul class='ez-toc-list-level-3' ><li class='ez-toc-heading-level-3'><a class=\"ez-toc-link ez-toc-heading-7\" href=\"https:\/\/speed-casino.com\/online-casino-magyar\/paypal\/#Minden_kaszinoban_lehet_PayPalt_hasznalni\" >Minden kaszin\u00f3ban lehet PayPalt haszn\u00e1lni?<\/a><\/li><li class='ez-toc-page-1 ez-toc-heading-level-3'><a class=\"ez-toc-link ez-toc-heading-8\" href=\"https:\/\/speed-casino.com\/online-casino-magyar\/paypal\/#Elerheto_a_magyar_kaszinos_jatekosok_szamara\" >El\u00e9rhet\u0151 a magyar kaszin\u00f3s j\u00e1t\u00e9kosok sz\u00e1m\u00e1ra?<\/a><\/li><li class='ez-toc-page-1 ez-toc-heading-level-3'><a class=\"ez-toc-link ez-toc-heading-9\" href=\"https:\/\/speed-casino.com\/online-casino-magyar\/paypal\/#Vannak_dijak_PayPal_hasznalata_eseten\" >Vannak d\u00edjak PayPal haszn\u00e1lata eset\u00e9n?<\/a><\/li><\/ul><\/li><\/ul><\/li><\/ul><\/nav><\/div>\n<br \/>\nHa olyan online kaszin\u00f3t keres\u00fcnk, amelyn\u00e9l k\u00f6nnyen \u00e9s gyorsan tudunk befizet\u00e9s teljes\u00edteni \u00e9s kifizet\u00e9st ig\u00e9nyelni, de nem vagyunk m\u00e9g annyira j\u00e1ratosak a kriptovalut\u00e1k vil\u00e1g\u00e1ban, akkor mindenk\u00e9ppen egy olyat keress\u00fcnk, ahol elfogadj\u00e1k a PayPalt. <strong>A PayPal messze az egyik legismertebb e-p\u00e9nzt\u00e1rca megold\u00e1s<\/strong>, amely a t\u00f6bbi e-p\u00e9nzt\u00e1rc\u00e1hoz hasonl\u00f3an egy banksz\u00e1ml\u00e1hoz rendelhet\u0151 hozz\u00e1 \u00e9s onnan t\u00f6lthet\u0151 fel r\u00e1 egyenleg. N\u00e9pszer\u0171s\u00e9g\u00e9nek k\u00f6sz\u00f6nhet\u0151en egy\u00e9bk\u00e9nt szinte minden mag\u00e1ra valamit is ad\u00f3 online kaszin\u00f3 elfogadja m\u00e1r fizet\u00e9si m\u00f3dk\u00e9nt, ak\u00e1r befizet\u00e9sr\u0151l, ak\u00e1r kiutal\u00e1sr\u00f3l legyen sz\u00f3. A k\u00f6vetkez\u0151kben megn\u00e9zz\u00fck r\u00f6viden, hogyan kell befizet\u00e9st teljes\u00edteni \u00e9s kifizet\u00e9st ind\u00edtani PayPal seg\u00edts\u00e9g\u00e9vel!<\/p>\n<h2>Mi\u00e9rt aj\u00e1nlhat\u00f3 a PayPal online kaszin\u00f3k haszn\u00e1lata<\/h2>\n<p>B\u00e1r specifikusan PayPal fizet\u00e9si m\u00f3dra vonatkoz\u00f3 b\u00f3nusz nincs az online kaszin\u00f3kn\u00e1l, van j\u00f3 p\u00e1r olyan \u00e9rv, ami\u00e9rt \u00e9rdemes PayPalt elfogad\u00f3 online kaszin\u00f3n\u00e1l regisztr\u00e1lnia a magyar j\u00e1t\u00e9kosoknak. <strong>Ezek k\u00f6z\u00fcl a legfontosabb egy\u00e9rtelm\u0171en a gyorsas\u00e1g<\/strong>. Miut\u00e1n az adott kaszin\u00f3 p\u00e9nzt\u00e1r\u00e1ban a befizet\u00e9s v\u00e9gleges\u00edt\u00e9se gombra kattintunk, alig n\u00e9h\u00e1ny perc kell hozz\u00e1, hogy megjelenjen a sz\u00e1ml\u00e1nkon a befizetett \u00f6sszeg \u00e9s mehess\u00fcnk is j\u00e1tszani.<\/p>\n<p>Manaps\u00e1g m\u00e1r szinte az \u00f6sszes online kaszin\u00f3ban elfogadott a PayPal e-p\u00e9nzt\u00e1rca megold\u00e1s, \u00edgy val\u00f3sz\u00edn\u0171leg a kedvenc kaszin\u00f3nkban is \u00edgy van ez. <strong>A haszn\u00e1lata roppantul egyszer\u0171<\/strong> \u00e9s nem csak abb\u00f3l a szempontb\u00f3l, hogy milyen hat\u00e9kony a ki- \u00e9s befizet\u00e9s egy online kaszin\u00f3ban. De mag\u00e1hoz a PayPal sz\u00e1ml\u00e1nkhoz banksz\u00e1ml\u00e1t rendelni is olyan egyszer\u0171, hogy m\u00e9g az internetes p\u00e9nz\u00fcgyekben j\u00e1ratlanabb felhaszn\u00e1l\u00f3knak sem fog gondot okozni.<\/p>\n<p>Egy banki \u00e1tutal\u00e1ssal vagy bankk\u00e1rty\u00e1s megold\u00e1ssal szemben a sebess\u00e9g mellett kiemelend\u0151 az a biztons\u00e1g is, amit k\u00edn\u00e1l, hiszen egyfajta \u00fctk\u00f6z\u0151t jelent az online kaszin\u00f3 \u00e9s a banksz\u00e1ml\u00e1nk k\u00f6z\u00f6tt. R\u00e1ad\u00e1sul nagyon r\u00e9g\u00f3ta van m\u00e1r a piacon, <strong>ismert biztons\u00e1g\u00e1r\u00f3l \u00e9s megb\u00edzhat\u00f3s\u00e1g\u00e1r\u00f3l<\/strong>. \u00c9s val\u00f3sz\u00edn\u0171leg az online kaszin\u00f3kat felkeres\u0151 j\u00e1t\u00e9kosok sz\u00e1m\u00e1ra m\u00e1r r\u00e9g\u00f3ta ismert, hiszen egy PayPal fi\u00f3k seg\u00edts\u00e9g\u00e9vel ma m\u00e1r szinte mindenhol fizethet\u00fcnk.<\/p>\n<h2>A h\u00e1rom legjobb online magyar kaszin\u00f3, amelyek elfogadj\u00e1k a PayPalt<\/h2>\n<table width=\"635\">\n<tbody>\n<tr>\n<td width=\"111\"><\/td>\n<td width=\"168\"><strong>\u00dcdv\u00f6zl\u0151 b\u00f3nusz<\/strong><\/td>\n<td width=\"103\"><strong>Befizet\u00e9s minimum \u00f6sszege<\/strong><\/td>\n<td width=\"91\"><strong>J\u00e1t\u00e9kok sz\u00e1ma<\/strong><\/td>\n<td width=\"112\"><strong>Befizet\u00e9s sebess\u00e9ge PayPal seg\u00edts\u00e9g\u00e9vel<\/strong><\/td>\n<td width=\"51\"><strong>RTP<\/strong><\/td>\n<\/tr>\n<tr>\n<td width=\"111\"><strong>LightCasino kaszin\u00f3<\/strong><\/td>\n<td width=\"168\">100%-os, ak\u00e1r 150 ezer forintos \u00fcdv\u00f6zl\u0151 b\u00f3nusz kieg\u00e9sz\u00edtve 200 ingyen p\u00f6rget\u00e9ssel<\/td>\n<td width=\"103\">3000<\/td>\n<td width=\"91\">1300+<\/td>\n<td width=\"112\">Azonnali<\/td>\n<td width=\"51\">93,67%<\/td>\n<\/tr>\n<tr>\n<td width=\"111\"><strong>Amunra kaszin\u00f3<\/strong><\/td>\n<td width=\"168\">N\u00e9gyl\u00e9pcs\u0151s \u00fcdv\u00f6zl\u0151 csomag: els\u0151 befizet\u00e9shez maximum 100%-os, 90 ezer forintos b\u00f3nusz, majd 75-50-100%-os befizet\u00e9si b\u00f3nuszok a tov\u00e1bbi befizet\u00e9sek ut\u00e1n<\/td>\n<td width=\"103\">6000<\/td>\n<td width=\"91\">2000+<\/td>\n<td width=\"112\">Azonnali<\/td>\n<td width=\"51\">92,11%<\/td>\n<\/tr>\n<tr>\n<td width=\"111\"><strong>Cadoola kaszin\u00f3<\/strong><\/td>\n<td width=\"168\">K\u00e9tl\u00e9pcs\u0151s befizet\u00e9si b\u00f3nusz az els\u0151 k\u00e9t befizet\u00e9s ut\u00e1n, \u00f6sszesen ak\u00e1r maximum 308 ezer forint \u00e9rt\u00e9kben<\/td>\n<td width=\"103\">3000<\/td>\n<td width=\"91\">2500+<\/td>\n<td width=\"112\">Azonnali<\/td>\n<td width=\"51\">94,03%<\/td>\n<\/tr>\n<\/tbody>\n<\/table>\n<h2>Alternat\u00edv be- \u00e9s kifizet\u00e9si m\u00f3dok a magyar online kaszin\u00f3kn\u00e1l<\/h2>\n<p>A legt\u00f6bb online kaszin\u00f3 ma m\u00e1r be- \u00e9s kifizet\u00e9s m\u00f3dok t\u00e1rh\u00e1z\u00e1t k\u00edn\u00e1lja. Szinte kiz\u00e1rt, hogy a legn\u00e9pszer\u0171bb fizet\u00e9si form\u00e1kat ne fogadj\u00e1k el a legismertebb oldalak. Az <strong>e-p\u00e9nzt\u00e1rc\u00e1k<\/strong> napjainkban igaz\u00e1n n\u00e9pszer\u0171ek, \u00edgy szinte mindenhol lesz e-p\u00e9nzt\u00e1rca elfogad\u00e1s\u00e1ra lehet\u0151s\u00e9g, a PayPal pedig szinte biztosan ott lesz minden oldalon a fizet\u00e9si m\u00f3dok k\u00f6z\u00f6tt.<\/p>\n<p>Aki e-p\u00e9nzt\u00e1rc\u00e1k helyett m\u00e1s fizet\u00e9si m\u00f3dot v\u00e1lasztana, az el\u0151sz\u00f6r is maradhat a <strong>r\u00e9giv\u00e1g\u00e1s\u00fa banki \u00e1tutal\u00e1sn\u00e1l<\/strong>. Ez k\u00f6lts\u00e9ges \u00e9s lass\u00fa, viszont m\u00e9g mindig sokan prefer\u00e1lj\u00e1k, hiszen megszokott m\u00e1r a haszn\u00e1lata \u00e9s biztons\u00e1gos is.<\/p>\n<p>Enn\u00e9l egy fokkal gyorsabb \u00e9s kev\u00e9sb\u00e9 dr\u00e1ga megold\u00e1s a VISA \u00e9s MasterCard <strong>bankk\u00e1rty\u00e1k haszn\u00e1lata<\/strong>, b\u00e1r ilyenkor k\u00f6zvetlen\u00fcl kell megadnunk a k\u00e1rty\u00e1nk adatait az oldalakon. Ehhez k\u00e9pest jobb alternat\u00edva az e-p\u00e9nzt\u00e1rc\u00e1k haszn\u00e1lata, amelyek k\u00f6ztes l\u00e9pcs\u0151t k\u00e9peznek a banksz\u00e1ml\u00e1nk \u00e9s az online kaszin\u00f3 k\u00f6z\u00f6tt.<\/p>\n<p>V\u00e9g\u00fcl pedig meg kell eml\u00edten\u00fcnk napjaink trendj\u00e9t, a <strong>kriptovalut\u00e1kat<\/strong>, amelyeket egyre t\u00f6bb \u00e9s t\u00f6bb kaszin\u00f3 fogad el. A j\u00e1t\u00e9kosok sz\u00e1m\u00e1ra az\u00e9rt j\u00f3k ezek, mert gyorsak \u00e9s anonim p\u00e9nzmozg\u00e1st tesznek lehet\u0151v\u00e9.<\/p>\n<h2>PayPal online kaszin\u00f3k \u2013 nagyszer\u0171 b\u00f3nuszok \u00e9s nagyszer\u0171 slotok<\/h2>\n<p>Az a t\u00e9ny, hogy a PayPal ma m\u00e1r szinte minden online kaszin\u00f3ban el\u00e9rhet\u0151 fizet\u00e9si m\u00f3d, egyben garant\u00e1lja azt is, hogy az \u00e1ltalunk kiv\u00e1lasztott PayPal online kaszin\u00f3 val\u00f3sz\u00edn\u0171leg b\u00f3nuszok \u00e9s j\u00e1t\u00e9kok igen komoly k\u00edn\u00e1lat\u00e1t vonultatja fel. PayPalra nem szokott speci\u00e1lis befizet\u00e9si b\u00f3nusz lenni, de amikor az els\u0151 befizet\u00e9s\u00fcnket teljes\u00edtj\u00fck ennek az e-p\u00e9nzt\u00e1rc\u00e1nak a haszn\u00e1lat\u00e1val, mindenk\u00e9ppen igyekezz\u00fcnk kihaszn\u00e1lni maxim\u00e1lisan a b\u00f3nuszlehet\u0151s\u00e9geket. <strong>Ez sokszor t\u00f6bb sz\u00e1zezer forint is lehet<\/strong>!<\/p>\n<p>\u00c9s \u00e9rtelemszer\u0171en, amikor kaszin\u00f3t v\u00e1lasztunk a j\u00e1t\u00e9kra, akkor a fizet\u00e9si m\u00f3dok vizsg\u00e1lata mellett n\u00e9zz\u00fck meg azt is, hogy milyen b\u00f3nuszokat k\u00edn\u00e1l sz\u00e1munkra az adott online kaszin\u00f3. Igyekezz\u00fcnk a legjobb aj\u00e1nlatokat kiv\u00e1lasztani. \u00c9s ahogy a legjobb PayPal online kaszin\u00f3kr\u00f3l sz\u00f3l\u00f3 szekci\u00f3ban l\u00e1that\u00f3 volt, <strong>ma m\u00e1r egy mag\u00e1ra valamit is ad\u00f3 kaszin\u00f3 t\u00f6bb ezer j\u00e1t\u00e9kot \u00e9s k\u00f6zt\u00fck ezern\u00e9l is t\u00f6bb slotot k\u00edn\u00e1l <\/strong>a legnagyobb fejleszt\u0151kt\u0151l. Erre is figyelj\u00fcnk oda, amikor regisztr\u00e1lunk valahova!<\/p>\n<h2>Gyakran ism\u00e9telt k\u00e9rd\u00e9sek<\/h2>\n<p>\t\t\t\r\n\t\t\t<div class=\"accord-wrap\" id=\"crystal_wpsm_accordion_159\" itemscope itemtype=\"https:\/\/schema.org\/FAQPage\">\r\n\t\t\t\t\r\n\t\t\t\t\t<div class=\"accord-block\" itemscope itemprop=\"mainEntity\" itemtype=\"https:\/\/schema.org\/Question\">\r\n\t\t\t\t\t\t<h3 class=\"accord-block-header\" itemprop=\"name\">Minden kaszin\u00f3ban lehet PayPalt haszn\u00e1lni?<\/h3>\r\n\t\t\t\t\t\t<div class=\"accord-block-content\" itemscope itemprop=\"acceptedAnswer\" itemtype=\"https:\/\/schema.org\/Answer\">\r\n\t\t\t\t\t\t\t<div itemprop=\"text\">\r\n\t\t\t\t\t\t\t\tAlapvet\u0151en azt mondhatn\u00e1nk, hogy igen, de sajnos m\u00e9g mindig vannak kaszin\u00f3k, ahol ez az e-p\u00e9nzt\u00e1rca nem \u00e9rhet\u0151 el vagy a PayPal biztons\u00e1gi okokb\u00f3l nem engedi a szolg\u00e1ltat\u00e1s haszn\u00e1lat\u00e1t. Mindig gy\u0151z\u0151dj\u00fcnk meg az elfogad\u00e1sr\u00f3l regisztr\u00e1ci\u00f3 el\u0151tt.\t\t\t\t\t\t\t<\/div>\r\n\t\t\t\t\t\t<\/div>\r\n\t\t\t\t\t<\/div>\r\n\r\n\t\t\t\t\r\n\t\t\t\t\t<div class=\"accord-block\" itemscope itemprop=\"mainEntity\" itemtype=\"https:\/\/schema.org\/Question\">\r\n\t\t\t\t\t\t<h3 class=\"accord-block-header\" itemprop=\"name\">El\u00e9rhet\u0151 a magyar kaszin\u00f3s j\u00e1t\u00e9kosok sz\u00e1m\u00e1ra?<\/h3>\r\n\t\t\t\t\t\t<div class=\"accord-block-content\" itemscope itemprop=\"acceptedAnswer\" itemtype=\"https:\/\/schema.org\/Answer\">\r\n\t\t\t\t\t\t\t<div itemprop=\"text\">\r\n\t\t\t\t\t\t\t\tIgen, ahogy szinte az \u00f6sszes e-p\u00e9nzt\u00e1rca megold\u00e1s, \u00fagy a PayPal is el\u00e9rhet\u0151 a magyar j\u00e1t\u00e9kosok sz\u00e1m\u00e1ra. S\u0151t, kifejezetten n\u00e9pszer\u0171 is haz\u00e1nkban.\t\t\t\t\t\t\t<\/div>\r\n\t\t\t\t\t\t<\/div>\r\n\t\t\t\t\t<\/div>\r\n\r\n\t\t\t\t\r\n\t\t\t\t\t<div class=\"accord-block\" itemscope itemprop=\"mainEntity\" itemtype=\"https:\/\/schema.org\/Question\">\r\n\t\t\t\t\t\t<h3 class=\"accord-block-header\" itemprop=\"name\">Vannak d\u00edjak PayPal haszn\u00e1lata eset\u00e9n?<\/h3>\r\n\t\t\t\t\t\t<div class=\"accord-block-content\" itemscope itemprop=\"acceptedAnswer\" itemtype=\"https:\/\/schema.org\/Answer\">\r\n\t\t\t\t\t\t\t<div itemprop=\"text\">\r\n\t\t\t\t\t\t\t\tAlapesetben a legt\u00f6bb online kaszin\u00f3ban nem kell d\u00edjakra sz\u00e1m\u00edtanunk, de az\u00e9rt el\u0151zetesen n\u00e9zz\u00fck meg a felhaszn\u00e1l\u00e1si felt\u00e9teleket, mert egy-k\u00e9t oldal fenntart bizonyos d\u00edjakat.\t\t\t\t\t\t\t<\/div>\r\n\t\t\t\t\t\t<\/div>\r\n\t\t\t\t\t<\/div>\r\n\r\n\t\t\t\t\t\t\t<\/div>\r\n\t\t<\/p>\n<\/div>\n","protected":false},"excerpt":{"rendered":"<p>PayPal online kaszin\u00f3k a magyar j\u00e1t\u00e9kosoknak Ha olyan online kaszin\u00f3t keres\u00fcnk, amelyn\u00e9l k\u00f6nnyen \u00e9s gyorsan tudunk befizet\u00e9s teljes\u00edteni \u00e9s kifizet\u00e9st ig\u00e9nyelni, de nem vagyunk m\u00e9g annyira j\u00e1ratosak a kriptovalut\u00e1k vil\u00e1g\u00e1ban, akkor mindenk\u00e9ppen egy olyat keress\u00fcnk, ahol elfogadj\u00e1k a PayPalt. A PayPal messze az egyik legismertebb e-p\u00e9nzt\u00e1rca megold\u00e1s, amely a t\u00f6bbi e-p\u00e9nzt\u00e1rc\u00e1hoz hasonl\u00f3an egy banksz\u00e1ml\u00e1hoz rendelhet\u0151 [&hellip;]<\/p>\n","protected":false},"author":1,"featured_media":0,"parent":0,"menu_order":0,"comment_status":"closed","ping_status":"closed","template":"","meta":{"footnotes":""},"class_list":["post-151","page","type-page","status-publish","hentry"],"yoast_head":"<!-- This site is optimized with the Yoast SEO plugin v27.3 - https:\/\/yoast.com\/product\/yoast-seo-wordpress\/ -->\n<title>PayPal online kaszin\u00f3k a leggyorsabb fizet\u00e9si lehet\u0151s\u00e9g\u00e9rt<\/title>\n<meta name=\"description\" content=\"Ha van a bankk\u00e1rty\u00e1kon k\u00edv\u00fcl m\u00e9g egy rendk\u00edv\u00fcl n\u00e9pszer\u0171 \u00e9s ismert fizet\u00e9si m\u00f3d Magyarorsz\u00e1gon, az biztosan a PayPal nevet visel\u0151 e-p\u00e9nzt\u00e1rca megold\u00e1s.\" \/>\n<meta name=\"robots\" content=\"index, follow, max-snippet:-1, max-image-preview:large, max-video-preview:-1\" \/>\n<link rel=\"canonical\" href=\"https:\/\/speed-casino.com\/online-casino-magyar\/paypal\/\" \/>\n<meta property=\"og:locale\" content=\"hu_HU\" \/>\n<meta property=\"og:type\" content=\"article\" \/>\n<meta property=\"og:title\" content=\"PayPal online kaszin\u00f3k a leggyorsabb fizet\u00e9si lehet\u0151s\u00e9g\u00e9rt\" \/>\n<meta property=\"og:description\" content=\"Ha van a bankk\u00e1rty\u00e1kon k\u00edv\u00fcl m\u00e9g egy rendk\u00edv\u00fcl n\u00e9pszer\u0171 \u00e9s ismert fizet\u00e9si m\u00f3d Magyarorsz\u00e1gon, az biztosan a PayPal nevet visel\u0151 e-p\u00e9nzt\u00e1rca megold\u00e1s.\" \/>\n<meta property=\"og:url\" content=\"https:\/\/speed-casino.com\/online-casino-magyar\/paypal\/\" \/>\n<meta property=\"og:site_name\" content=\"Online kaszin\u00f3j\u00e1t\u00e9kok\" \/>\n<meta property=\"article:modified_time\" content=\"2021-04-07T13:12:58+00:00\" \/>\n<meta name=\"twitter:card\" content=\"summary_large_image\" \/>\n<meta name=\"twitter:label1\" content=\"Becs\u00fclt olvas\u00e1si id\u0151\" \/>\n\t<meta name=\"twitter:data1\" content=\"4 perc\" \/>\n<script type=\"application\/ld+json\" class=\"yoast-schema-graph\">{\"@context\":\"https:\\\/\\\/schema.org\",\"@graph\":[{\"@type\":\"WebPage\",\"@id\":\"https:\\\/\\\/speed-casino.com\\\/online-casino-magyar\\\/paypal\\\/\",\"url\":\"https:\\\/\\\/speed-casino.com\\\/online-casino-magyar\\\/paypal\\\/\",\"name\":\"PayPal online kaszin\u00f3k a leggyorsabb fizet\u00e9si lehet\u0151s\u00e9g\u00e9rt\",\"isPartOf\":{\"@id\":\"https:\\\/\\\/speed-casino.com\\\/online-casino-magyar\\\/#website\"},\"datePublished\":\"2021-04-07T08:22:38+00:00\",\"dateModified\":\"2021-04-07T13:12:58+00:00\",\"description\":\"Ha van a bankk\u00e1rty\u00e1kon k\u00edv\u00fcl m\u00e9g egy rendk\u00edv\u00fcl n\u00e9pszer\u0171 \u00e9s ismert fizet\u00e9si m\u00f3d Magyarorsz\u00e1gon, az biztosan a PayPal nevet visel\u0151 e-p\u00e9nzt\u00e1rca megold\u00e1s.\",\"breadcrumb\":{\"@id\":\"https:\\\/\\\/speed-casino.com\\\/online-casino-magyar\\\/paypal\\\/#breadcrumb\"},\"inLanguage\":\"hu\",\"potentialAction\":[{\"@type\":\"ReadAction\",\"target\":[\"https:\\\/\\\/speed-casino.com\\\/online-casino-magyar\\\/paypal\\\/\"]}]},{\"@type\":\"BreadcrumbList\",\"@id\":\"https:\\\/\\\/speed-casino.com\\\/online-casino-magyar\\\/paypal\\\/#breadcrumb\",\"itemListElement\":[{\"@type\":\"ListItem\",\"position\":1,\"name\":\"\u0413\u043b\u0430\u0432\u043d\u0430\u044f \u0441\u0442\u0440\u0430\u043d\u0438\u0446\u0430\",\"item\":\"https:\\\/\\\/speed-casino.com\\\/online-casino-magyar\\\/\"},{\"@type\":\"ListItem\",\"position\":2,\"name\":\"PayPal\"}]},{\"@type\":\"WebSite\",\"@id\":\"https:\\\/\\\/speed-casino.com\\\/online-casino-magyar\\\/#website\",\"url\":\"https:\\\/\\\/speed-casino.com\\\/online-casino-magyar\\\/\",\"name\":\"Online kaszin\u00f3j\u00e1t\u00e9kok\",\"description\":\"\",\"potentialAction\":[{\"@type\":\"SearchAction\",\"target\":{\"@type\":\"EntryPoint\",\"urlTemplate\":\"https:\\\/\\\/speed-casino.com\\\/online-casino-magyar\\\/?s={search_term_string}\"},\"query-input\":{\"@type\":\"PropertyValueSpecification\",\"valueRequired\":true,\"valueName\":\"search_term_string\"}}],\"inLanguage\":\"hu\"}]}<\/script>\n<!-- \/ Yoast SEO plugin. -->","yoast_head_json":{"title":"PayPal online kaszin\u00f3k a leggyorsabb fizet\u00e9si lehet\u0151s\u00e9g\u00e9rt","description":"Ha van a bankk\u00e1rty\u00e1kon k\u00edv\u00fcl m\u00e9g egy rendk\u00edv\u00fcl n\u00e9pszer\u0171 \u00e9s ismert fizet\u00e9si m\u00f3d Magyarorsz\u00e1gon, az biztosan a PayPal nevet visel\u0151 e-p\u00e9nzt\u00e1rca megold\u00e1s.","robots":{"index":"index","follow":"follow","max-snippet":"max-snippet:-1","max-image-preview":"max-image-preview:large","max-video-preview":"max-video-preview:-1"},"canonical":"https:\/\/speed-casino.com\/online-casino-magyar\/paypal\/","og_locale":"hu_HU","og_type":"article","og_title":"PayPal online kaszin\u00f3k a leggyorsabb fizet\u00e9si lehet\u0151s\u00e9g\u00e9rt","og_description":"Ha van a bankk\u00e1rty\u00e1kon k\u00edv\u00fcl m\u00e9g egy rendk\u00edv\u00fcl n\u00e9pszer\u0171 \u00e9s ismert fizet\u00e9si m\u00f3d Magyarorsz\u00e1gon, az biztosan a PayPal nevet visel\u0151 e-p\u00e9nzt\u00e1rca megold\u00e1s.","og_url":"https:\/\/speed-casino.com\/online-casino-magyar\/paypal\/","og_site_name":"Online kaszin\u00f3j\u00e1t\u00e9kok","article_modified_time":"2021-04-07T13:12:58+00:00","twitter_card":"summary_large_image","twitter_misc":{"Becs\u00fclt olvas\u00e1si id\u0151":"4 perc"},"schema":{"@context":"https:\/\/schema.org","@graph":[{"@type":"WebPage","@id":"https:\/\/speed-casino.com\/online-casino-magyar\/paypal\/","url":"https:\/\/speed-casino.com\/online-casino-magyar\/paypal\/","name":"PayPal online kaszin\u00f3k a leggyorsabb fizet\u00e9si lehet\u0151s\u00e9g\u00e9rt","isPartOf":{"@id":"https:\/\/speed-casino.com\/online-casino-magyar\/#website"},"datePublished":"2021-04-07T08:22:38+00:00","dateModified":"2021-04-07T13:12:58+00:00","description":"Ha van a bankk\u00e1rty\u00e1kon k\u00edv\u00fcl m\u00e9g egy rendk\u00edv\u00fcl n\u00e9pszer\u0171 \u00e9s ismert fizet\u00e9si m\u00f3d Magyarorsz\u00e1gon, az biztosan a PayPal nevet visel\u0151 e-p\u00e9nzt\u00e1rca megold\u00e1s.","breadcrumb":{"@id":"https:\/\/speed-casino.com\/online-casino-magyar\/paypal\/#breadcrumb"},"inLanguage":"hu","potentialAction":[{"@type":"ReadAction","target":["https:\/\/speed-casino.com\/online-casino-magyar\/paypal\/"]}]},{"@type":"BreadcrumbList","@id":"https:\/\/speed-casino.com\/online-casino-magyar\/paypal\/#breadcrumb","itemListElement":[{"@type":"ListItem","position":1,"name":"\u0413\u043b\u0430\u0432\u043d\u0430\u044f \u0441\u0442\u0440\u0430\u043d\u0438\u0446\u0430","item":"https:\/\/speed-casino.com\/online-casino-magyar\/"},{"@type":"ListItem","position":2,"name":"PayPal"}]},{"@type":"WebSite","@id":"https:\/\/speed-casino.com\/online-casino-magyar\/#website","url":"https:\/\/speed-casino.com\/online-casino-magyar\/","name":"Online kaszin\u00f3j\u00e1t\u00e9kok","description":"","potentialAction":[{"@type":"SearchAction","target":{"@type":"EntryPoint","urlTemplate":"https:\/\/speed-casino.com\/online-casino-magyar\/?s={search_term_string}"},"query-input":{"@type":"PropertyValueSpecification","valueRequired":true,"valueName":"search_term_string"}}],"inLanguage":"hu"}]}},"_links":{"self":[{"href":"https:\/\/speed-casino.com\/online-casino-magyar\/wp-json\/wp\/v2\/pages\/151","targetHints":{"allow":["GET"]}}],"collection":[{"href":"https:\/\/speed-casino.com\/online-casino-magyar\/wp-json\/wp\/v2\/pages"}],"about":[{"href":"https:\/\/speed-casino.com\/online-casino-magyar\/wp-json\/wp\/v2\/types\/page"}],"author":[{"embeddable":true,"href":"https:\/\/speed-casino.com\/online-casino-magyar\/wp-json\/wp\/v2\/users\/1"}],"replies":[{"embeddable":true,"href":"https:\/\/speed-casino.com\/online-casino-magyar\/wp-json\/wp\/v2\/comments?post=151"}],"version-history":[{"count":3,"href":"https:\/\/speed-casino.com\/online-casino-magyar\/wp-json\/wp\/v2\/pages\/151\/revisions"}],"predecessor-version":[{"id":161,"href":"https:\/\/speed-casino.com\/online-casino-magyar\/wp-json\/wp\/v2\/pages\/151\/revisions\/161"}],"wp:attachment":[{"href":"https:\/\/speed-casino.com\/online-casino-magyar\/wp-json\/wp\/v2\/media?parent=151"}],"curies":[{"name":"wp","href":"https:\/\/api.w.org\/{rel}","templated":true}]}}