{"id":29,"date":"2020-12-28T17:51:16","date_gmt":"2020-12-28T14:51:16","guid":{"rendered":"https:\/\/speed-casino.com\/online-casino-srbija\/?page_id=29"},"modified":"2021-10-12T16:09:05","modified_gmt":"2021-10-12T13:09:05","slug":"online-rulet-za-srpske-igrace","status":"publish","type":"page","link":"https:\/\/speed-casino.com\/online-casino-srbija\/online-rulet-za-srpske-igrace\/","title":{"rendered":"Online rulet za srpske igra\u010de"},"content":{"rendered":"<h1><span class=\"ez-toc-section\" id=\"Online_rulet_za_srpske_igrace_pravila_i_vrste_ruleta\"><\/span>Online rulet za srpske igra\u010de | pravila i vrste ruleta<span class=\"ez-toc-section-end\"><\/span><\/h1>\n<div class=\"text-block\">\t\t\r\n\t\t<div class=\"game-block js-game-detail-page\" style=\"background-image: url('https:\/\/speed-casino.com\/online-casino-srbija\/wp-content\/themes\/crystal-theme\/img\/game-detail-background.png')\" data-module=\"userscore-listener\" data-userscore-focus-point=\"2\" data-userscore-refresh-counter=\"\" data-userscore-click=\"\" data-userscore-click-value=\"15\" data-userscore-game=\"5975\">\r\n\t\t\t<div class=\"game-block-overlay\"><\/div>\r\n\t\t\t<div class=\"games-box-wrapper\" data-userscore-click=\"\" data-userscore-click-value=\"15\">\r\n\t\t\t\t<div class=\"games-flex\">\r\n\r\n\t\t\t\t\t<div class=\"games-box games-item\" id=\"game-box\" style=\"width: auto;\">\r\n\t\t\t\t\t\t<div class=\"games-box--content\" data-module=\"game-box\" data-mode=\"standard\">\r\n\t\t\t\t\t\t\t<div class=\"games-box--placeholder\">\r\n\t\t\t\t\t\t\t\t<div class=\"games-box--placeholder--image\">\r\n\t\t\t\t\t\t\t\t\t<img loading=\"lazy\" decoding=\"async\" src=\"https:\/\/speed-casino.com\/online-casino-srbija\/wp-content\/uploads\/2021\/10\/american-roulette.png\" style=\"\" alt=\"Online rulet za srpske igra\u010de\" width=\"580\" height=\"322\">\r\n\t\t\t\t\t\t\t\t<\/div>\r\n\t\t\t\t\t\t\t\t<span id=\"game_link\" class=\"games-box--placeholder--play\" data-url=\"https:\/\/ogs-gl-usnj.nyxop.net\/game\/?nogsoperatorid=107&#038;nogsgameid=580081&#038;nogsmode=demo&#038;nogslang=sr&#038;nogscurrency=USD&#038;clienttype=flash\">\r\n\t\t\t\t\t\t\t\t\t<span class=\"games-box-play-icon\">\r\n\t\t\t\t\t\t\t\t\t\t<i class=\"fa fa-play\" aria-hidden=\"true\"><\/i>\r\n\t\t\t\t\t\t\t\t\t<\/span>\r\n\t\t\t\t\t\t\t\t\t<span class=\"games-box-play-text\">\r\n\t\t\t\t\t\t\t\t\t\tIgra\t\t\t\t\t\t\t\t\t<\/span>\r\n\t\t\t\t\t\t\t\t<\/span>\r\n\t\t\t\t\t\t\t<\/div>\r\n\t\t\t\t\t\t\t<div class=\"games-box--game\" style=\"\">\r\n\t\t\t\t\t\t\t\t<div class=\"game-panel\">\r\n                                    <div id=\"fullscreen\" class=\"fullscreen\">Otvorite ceo ekran <i class=\"icon-fullscreen\"><\/i><\/div>\r\n                                    <div id=\"minimize\" class=\"minimize\"><i class=\"icon-minimize\"><\/i><\/div>\r\n                                <\/div>\r\n\t\t\t\t\t\t\t\t<iframe src=\"\" frameborder=\"0\" id=\"gamefileEmbed1\" scrolling=\"no\" style=\" padding-bottom: 10px;\"><\/iframe>\r\n\t\t\t\t\t\t\t<\/div>\r\n\t\t\t\t\t\t<\/div>\r\n\t\t\t\t\t\t<div class=\"games-box-controls-bottom c-grey-3\"><\/div>\r\n\t\t\t\t\t<\/div><!-- end .game-box -->\r\n\r\n\t\t\t\t\t<div class=\"games-item right-casi-block\">\r\n\t\t               \r\n\t\t\t\t\t\t\t\t\t\t\t\t\t\t\t\t\t\t\t\r\n\t\t\t\t   <div class=\"casi-item\">\r\n\t\t\t\t\t  <p class=\"paragraph-black-p paragraph-black-table\">\r\n\t\t\t\t\t\t <img loading=\"lazy\" decoding=\"async\" src=\"\/\/speed-casino.com\/online-casino-srbija\/wp-content\/uploads\/2022\/07\/200_100-mozzartbet.png\" alt=\"MozzartBet\" class=\"paragraph-black-img\" width=\"200\" height=\"100\" \/>\r\n\t\t\t\t\t  <\/p>\r\n\t\t\t\t\t  <p class=\"paragraph-black-p paragraph-bonus\">do 1000% do 100000 RSD<\/p>\r\n\t\t\t\t\t  <p class=\"paragraph-black-p\">\r\n\t\t\t\t\t\t \t\t\t\t\t\t\t<a class=\"link reg_btn\" href=\"https:\/\/speed-casino.com\/online-casino-srbija\/go\/mozzartbet\/\" target=\"_blank\" rel=\"nofollow sponsored noopener\" data-log-node=\"yta\" data-clickable=\"\">Na veb stranicu<\/a>\r\n\t\t\t\t\t\t \t\t\t\t\t\t \t\t\t\t\t\t \t<a class=\"link reg_btn_more\" href=\"https:\/\/speed-casino.com\/online-casino-srbija\/mozzartbet\/\">Pro\u010ditajte kritiku<\/a>\r\n\t\t\t\t\t\t \t\t\t\t\t  <\/p>\r\n\t\t\t\t   <\/div>\r\n\r\n\t\t\t   \t\t\t\t\t\r\n\t\t\t\t   <div class=\"casi-item\">\r\n\t\t\t\t\t  <p class=\"paragraph-black-p paragraph-black-table\">\r\n\t\t\t\t\t\t <img loading=\"lazy\" decoding=\"async\" src=\"\/\/speed-casino.com\/online-casino-srbija\/wp-content\/uploads\/2021\/01\/22bet-200x100-1.png\" alt=\"22 bet kazino\" class=\"paragraph-black-img\" width=\"200\" height=\"100\" \/>\r\n\t\t\t\t\t  <\/p>\r\n\t\t\t\t\t  <p class=\"paragraph-black-p paragraph-bonus\">100% do 35000 RSD<\/p>\r\n\t\t\t\t\t  <p class=\"paragraph-black-p\">\r\n\t\t\t\t\t\t \t\t\t\t\t\t\t<a class=\"link reg_btn\" href=\"https:\/\/speed-casino.com\/online-casino-srbija\/go\/22bet\/\" target=\"_blank\" rel=\"nofollow sponsored noopener\" data-log-node=\"yta\" data-clickable=\"\">Na veb stranicu<\/a>\r\n\t\t\t\t\t\t \t\t\t\t\t\t \t\t\t\t\t\t \t<a class=\"link reg_btn_more\" href=\"https:\/\/speed-casino.com\/online-casino-srbija\/22-bet-kazino\/\">Pro\u010ditajte kritiku<\/a>\r\n\t\t\t\t\t\t \t\t\t\t\t  <\/p>\r\n\t\t\t\t   <\/div>\r\n\r\n\t\t\t   \t\t\t\t\t\t\t\t            <\/div>\r\n\t\t        <\/div>\r\n\r\n\t\t\t\t\t\t\t\t<div class=\"playforreal-button-container text-center\" style=\"width: auto; margin-right: 40px; margin-left: 40px; margin-top: 20px;\">\r\n\t\t\t\t <div class=\"my-s\">\r\n\t\t\t\t    <a href=\"https:\/\/speed-casino.com\/online-casino-srbija\/go\/mozzartbet\/\" rel=\"nofollow sponsored\" class=\"button-stn button-stn__green\" data-userscore-click-target=\"\">\r\n\t\t\t\t    <i class=\"fa fa-play\" aria-hidden=\"true\"><\/i>\r\n\t\t\t\t    Igrajte kazino za pravi novac\t\t\t\t    <\/a>\r\n\t\t\t\t <\/div>\r\n\t\t\t\t<\/div>\r\n\t\t\t\t\t\t\t<\/div>\r\n\t\t<\/div>\r\n\t\t\t\r\n\t<br \/>\n<div id=\"ez-toc-container\" class=\"ez-toc-v2_0_82_1 counter-hierarchy ez-toc-counter ez-toc-grey ez-toc-container-direction\">\n<p class=\"ez-toc-title\" style=\"cursor:inherit\">Pregled sadr\u017eaja<\/p>\n<label for=\"ez-toc-cssicon-toggle-item-69fce603cd6cf\" class=\"ez-toc-cssicon-toggle-label\"><span class=\"\"><span class=\"eztoc-hide\" style=\"display:none;\">Toggle<\/span><span class=\"ez-toc-icon-toggle-span\"><svg style=\"fill: #999;color:#999\" xmlns=\"http:\/\/www.w3.org\/2000\/svg\" class=\"list-377408\" width=\"20px\" height=\"20px\" viewBox=\"0 0 24 24\" fill=\"none\"><path d=\"M6 6H4v2h2V6zm14 0H8v2h12V6zM4 11h2v2H4v-2zm16 0H8v2h12v-2zM4 16h2v2H4v-2zm16 0H8v2h12v-2z\" fill=\"currentColor\"><\/path><\/svg><svg style=\"fill: #999;color:#999\" class=\"arrow-unsorted-368013\" xmlns=\"http:\/\/www.w3.org\/2000\/svg\" width=\"10px\" height=\"10px\" viewBox=\"0 0 24 24\" version=\"1.2\" baseProfile=\"tiny\"><path d=\"M18.2 9.3l-6.2-6.3-6.2 6.3c-.2.2-.3.4-.3.7s.1.5.3.7c.2.2.4.3.7.3h11c.3 0 .5-.1.7-.3.2-.2.3-.5.3-.7s-.1-.5-.3-.7zM5.8 14.7l6.2 6.3 6.2-6.3c.2-.2.3-.5.3-.7s-.1-.5-.3-.7c-.2-.2-.4-.3-.7-.3h-11c-.3 0-.5.1-.7.3-.2.2-.3.5-.3.7s.1.5.3.7z\"\/><\/svg><\/span><\/span><\/label><input type=\"checkbox\"  id=\"ez-toc-cssicon-toggle-item-69fce603cd6cf\" checked aria-label=\"Toggle\" \/><nav><ul class='ez-toc-list ez-toc-list-level-1 ' ><li class='ez-toc-page-1 ez-toc-heading-level-1'><a class=\"ez-toc-link ez-toc-heading-1\" href=\"https:\/\/speed-casino.com\/online-casino-srbija\/online-rulet-za-srpske-igrace\/#Online_rulet_za_srpske_igrace_pravila_i_vrste_ruleta\" >Online rulet za srpske igra\u010de | pravila i vrste ruleta<\/a><ul class='ez-toc-list-level-2' ><li class='ez-toc-heading-level-2'><a class=\"ez-toc-link ez-toc-heading-2\" href=\"https:\/\/speed-casino.com\/online-casino-srbija\/online-rulet-za-srpske-igrace\/#Kako_se_igra_rulet\" >Kako se igra rulet?<\/a><\/li><li class='ez-toc-page-1 ez-toc-heading-level-2'><a class=\"ez-toc-link ez-toc-heading-3\" href=\"https:\/\/speed-casino.com\/online-casino-srbija\/online-rulet-za-srpske-igrace\/#Vrste_online_ruleta_i_glavne_razlike\" >Vrste online ruleta i glavne razlike<\/a><ul class='ez-toc-list-level-3' ><li class='ez-toc-heading-level-3'><a class=\"ez-toc-link ez-toc-heading-4\" href=\"https:\/\/speed-casino.com\/online-casino-srbija\/online-rulet-za-srpske-igrace\/#Evropski_americki_ili_francuski_rulet\" >Evropski, ameri\u010dki ili francuski rulet?<\/a><\/li><\/ul><\/li><li class='ez-toc-page-1 ez-toc-heading-level-2'><a class=\"ez-toc-link ez-toc-heading-5\" href=\"https:\/\/speed-casino.com\/online-casino-srbija\/online-rulet-za-srpske-igrace\/#Online_slot_igre_ili_online_rulet\" >Online slot igre ili online rulet?<\/a><\/li><\/ul><\/li><\/ul><\/nav><\/div>\n<br \/>\nVeruje se da je ova igra nastala jo\u0161 po\u010detkom 18. veka u Francuskoj. Re\u010d <strong>roulette<\/strong> zna\u010di mali to\u010dak. Rulet je postao jedna od najpopularnijih kazino igara. <strong>Srpski online kazini u kojima mo\u017eete da igrate rulet.<\/strong>Pre nego \u0161to pre\u0111emo na pravila igre, dajemo vam listu srpskih online kazina u kojima mo\u017eete da igrate rulet:<\/p>\n<ul>\n<li>All Slots<\/li>\n<li>Royal Vegas<\/li>\n<li>Euro Palace<\/li>\n<\/ul>\n<h2><span class=\"ez-toc-section\" id=\"Kako_se_igra_rulet\"><\/span>Kako se igra rulet?<span class=\"ez-toc-section-end\"><\/span><\/h2>\n<p>Rulet je u su\u0161tini jednostavna igra. Sastoji se od:<\/p>\n<ul>\n<li>To\u010dka i loptice<\/li>\n<li>Stola za opklade (table)<\/li>\n<li>Igra\u010da i krupijea<\/li>\n<\/ul>\n<p>Rulet brojevi se nalaze na to\u010dku i tabli.<\/p>\n<p><strong>To\u010dak<\/strong> se sastoji od 37 brojeva (od 0 do 36), koji su naizmeni\u010dno obojeni crvenom i crnom bojom.<\/p>\n<p><strong>Sto za opkladu (tabla) <\/strong>je plo\u010da sa razli\u010ditim kombinacijama tih istih brojeva na koju stavljamo <strong>opklade <\/strong>(\u010dipove). Brojevi su podeljeni u boje, na parne i neparne i u jo\u0161 u nekoliko grupa.<\/p>\n<p>Nakon \u0161to <strong>odredite iznos uloga<\/strong> i odaberete brojeve ili kombinacije za igru, diler \u0107e zavrteti to\u010dak i ubaciti kuglicu koja se zaustavlja na jedan od brojeva u to\u010dku. Ako se kuglica zaustavi na broj ili kombinaciju na koju ste stavili ulog, vi ste pobedili.<\/p>\n<p>Da biste <strong>uve\u0107ali \u0161anse za dobitak<\/strong>, potrebno je da se upoznate sa svim vrstama opklada. Mi smo napravili tabelu sa opkladama i isplatama.<\/p>\n<table width=\"594\">\n<tbody>\n<tr>\n<td width=\"144\"><strong>Vrsta opklade<\/strong><\/td>\n<td width=\"210\"><strong>Obja\u0161njenje<\/strong><\/td>\n<td width=\"240\"><strong>Isplata<\/strong><\/td>\n<\/tr>\n<tr>\n<td width=\"144\">Strejt (Straight)<\/td>\n<td width=\"210\">Opklada na bilo koji pojedina\u010dni broj<\/td>\n<td width=\"240\">35 prema 1<\/td>\n<\/tr>\n<tr>\n<td width=\"144\">Podeljeno (Split)<\/td>\n<td width=\"210\">Opklada na dva broja na liniji izme\u0111u dva broja<\/td>\n<td width=\"240\">17 prema 1<\/td>\n<\/tr>\n<tr>\n<td width=\"144\">Red\/Street<\/td>\n<td width=\"210\">Ulog koji se postavlja na kraj niza tri uzastopna broja (npr. 10,11,12)<\/td>\n<td width=\"240\">11 prema 1<\/td>\n<\/tr>\n<tr>\n<td width=\"144\">Korner (Corner)<\/td>\n<td width=\"210\">Ulog na 4 broja koja se dodiruju (npr. 14,15,17,18)<\/td>\n<td width=\"240\">8 prema 1<\/td>\n<\/tr>\n<tr>\n<td width=\"144\">6 brojeva (Six lines)<\/td>\n<td width=\"210\">Opklada na 6 uzastopnih brojeva<\/td>\n<td width=\"240\">5 prema 1<\/td>\n<\/tr>\n<tr>\n<td width=\"144\">Kolona<\/td>\n<td width=\"210\">Kla\u0111enje na jednu od tri kolone<\/td>\n<td width=\"240\">2 prema 1<\/td>\n<\/tr>\n<tr>\n<td width=\"144\">Tuce (Dozen)<\/td>\n<td width=\"210\">Ulog na tri grupe od po 12 brojeva (1-12, 13-24 ili 25-36)<\/td>\n<td width=\"240\">2 prema 1<\/td>\n<\/tr>\n<tr>\n<td width=\"144\">Par\/nepar<\/td>\n<td width=\"210\">Mogu\u0107nost kla\u0111enja na sve parne brojeve ili sve neparne brojeve<\/td>\n<td width=\"240\">1 prema 1<\/td>\n<\/tr>\n<tr>\n<td width=\"144\">Crveno\/crno<\/td>\n<td width=\"210\">Opklada na sve crvene ili sve crne<\/td>\n<td width=\"240\">1 prema 1<\/td>\n<\/tr>\n<tr>\n<td width=\"144\">Mali\/Veliki<\/td>\n<td width=\"210\">Opklada na ve\u0107e brojeve (19-36) ili manje (1-18)<\/td>\n<td width=\"240\">1 prema 1<\/td>\n<\/tr>\n<\/tbody>\n<\/table>\n<h2><span class=\"ez-toc-section\" id=\"Vrste_online_ruleta_i_glavne_razlike\"><\/span>Vrste online ruleta i glavne razlike<span class=\"ez-toc-section-end\"><\/span><\/h2>\n<p>Pre nego \u0161to objasnimo glavne razlike izme\u0111u tipova ruleta, imajte u vidu da online kazini mogu najpre da vam ponude dve opcije:<\/p>\n<ul>\n<li>U\u017eivo (live roulette)<\/li>\n<li>Rulet protiv kompjuterskog softvera (RNG)<\/li>\n<\/ul>\n<p><strong>U\u017eivo rulet<\/strong> je opcija sa pravim krupijerom u realnom vremenu i to putem va\u0161eg ra\u010dunara, mobilnog telefona ili tableta. Ova opcija je odli\u010dna ukoliko \u017eelite da se pribli\u017eite stvarnoj atmosferi igranja u pravom casinu.<\/p>\n<p>Kod <strong>ruleta protiv kompjuterskog softvera<\/strong> krupije je zamenjen kompjuterski generisanim algoritmom koji garantuje fer i nasumi\u010dne rezultate.<\/p>\n<h3><span class=\"ez-toc-section\" id=\"Evropski_americki_ili_francuski_rulet\"><\/span>Evropski, ameri\u010dki ili francuski rulet?<span class=\"ez-toc-section-end\"><\/span><\/h3>\n<p>Kada su u pitanju tipovi ruleta, rulet je tokom vi\u0161e vekova do\u017eiveo vi\u0161e promena i verzija, ali danas preovla\u0111uju slede\u0107e verzije:<\/p>\n<ul>\n<li><strong>Evropski<\/strong><\/li>\n<li><strong>Ameri\u010dki <\/strong><\/li>\n<li><strong>Francuski<\/strong><\/li>\n<\/ul>\n<p>Evropski rulet je najpopularniji. Ameri\u010dki rulet ima jednu nulu vi\u0161e (00) u odnosu na Evropski i Francuski, te je prednost ku\u0107e vi\u0161a nego kod ostalih verzija (manje \u0161anse za dobitak kod Ameri\u010dke verzije \u010dija prednost ku\u0107e ide do 5,70%). Me\u0111utim, na internetu se ameri\u010dki rulet obi\u010dno igra samo sa jednom nulom. Glavna razlika izme\u0111u francuske i evropske verzije je to \u0161to francuka ima manje opcija na koje mo\u017eete staviti ulog, tako da je \u0161ansa za dobitak najve\u0107a. Osim ovih verzija, mo\u017eete nai\u0107i i na drugem manje popularne verzije.<\/p>\n<table>\n<tbody>\n<tr>\n<td width=\"156\"><strong>\u00a0<\/strong><\/td>\n<td width=\"156\"><strong>Evropski rulet<\/strong><\/td>\n<td width=\"156\"><strong>Francuski rulet<\/strong><\/td>\n<td width=\"156\"><strong>Ameri\u010dki rulet<\/strong><\/td>\n<\/tr>\n<tr>\n<td width=\"156\"><strong>Ukupno brojeva<\/strong><\/td>\n<td width=\"156\"><strong>37<\/strong><\/td>\n<td width=\"156\"><strong>37<\/strong><\/td>\n<td width=\"156\"><strong>38<\/strong><\/td>\n<\/tr>\n<tr>\n<td width=\"156\"><strong>Broj nula<\/strong><\/td>\n<td width=\"156\"><strong>1<\/strong><\/td>\n<td width=\"156\"><strong>1<\/strong><\/td>\n<td width=\"156\"><strong>2<\/strong><\/td>\n<\/tr>\n<tr>\n<td width=\"156\"><strong>Prednost ku\u0107e<\/strong><\/td>\n<td width=\"156\"><strong>Srednja<\/strong><\/td>\n<td width=\"156\"><strong>Najmanja<\/strong><\/td>\n<td width=\"156\"><strong>Najvi\u0161a<\/strong><\/td>\n<\/tr>\n<\/tbody>\n<\/table>\n<p><strong>Saveti za nove igra\u010de<\/strong><\/p>\n<ul>\n<li>Najpre isprobajte demo (besplatne) verzije razli\u010ditih tipova ruleta<\/li>\n<li>Odlu\u010dite se za rulet koji vam najvi\u0161e Upoznajte se dobro sa svim vrstama opklada<\/li>\n<li>Istra\u017eite strategije (martingejl, eskot i druge)<\/li>\n<li>Proverite koji online kazini daju najbolje bonuse dobrodo\u0161lice<\/li>\n<li>Po\u010dnite sa manjim ulozima<\/li>\n<\/ul>\n<h2><span class=\"ez-toc-section\" id=\"Online_slot_igre_ili_online_rulet\"><\/span>Online slot igre ili online rulet?<span class=\"ez-toc-section-end\"><\/span><\/h2>\n<p>Iako na prvi pogled ne deluje da ove dve igre imaju ne\u0161to zajedni\u010dko, ipak imaju <strong>zajedni\u010dku visoku prednost ku\u0107e<\/strong>, odnosno malu \u0161ansu za dobitak. To zavisi od vrste slot igre koju igrate, kao i od vrste ruleta koji igrate. Tako, npr. rulet sa jednom nulom ima prednost ku\u0107e (house edge) od 2,70%, dok je prednost kazina u ruletu sa dve nule \u010dak 5,26%. To zna\u010di da <a href=\"https:\/\/speed-casino.com\/online-casino-srbija\/besplatne-slot-igre\/\">slot ma\u0161ina<\/a> koja ima manji broj to\u010dkova (reels) i manji broj simbola mo\u017ee da vam pru\u017ei ve\u0107u \u0161ansu za dobitak u odnosu na Ameri\u010dki rulet koji ima dve nule i vi\u0161e opcija za kla\u0111enje.<\/p>\n<p><strong>\u010cesto postavljana pitanja<\/strong><\/p>\n<p><strong>Da li online rulet mogu da igram besplatno?<\/strong><\/p>\n<p>Da. Ve\u0107ina online kazina nudi opciju igranja bez registracije, u besplatnoj verziji.<\/p>\n<p><strong>Da li je legalno igrati online rulet u Srbiji?<\/strong><\/p>\n<p>Da, za sve osobe starije od 18 godina. Odaberite bezbedan i proveren sajt.<\/p>\n<p><strong>Da li mogu da igram online rulet na telefonu?<\/strong><\/p>\n<p>Da. Sve igre su dostupne i preko mobilnog telefona ili tableta u verziji instant kazina (dovoljan ulazak na stranicu kazina i logovanje). Neki online kazini nude i aplikacije za mobilne telefone.<\/p>\n<\/div>\n","protected":false},"excerpt":{"rendered":"<p>Online rulet za srpske igra\u010de | pravila i vrste ruleta Veruje se da je ova igra nastala jo\u0161 po\u010detkom 18. veka u Francuskoj. Re\u010d roulette zna\u010di mali to\u010dak. Rulet je postao jedna od najpopularnijih kazino igara. Srpski online kazini u kojima mo\u017eete da igrate rulet.Pre nego \u0161to pre\u0111emo na pravila igre, dajemo vam listu srpskih [&hellip;]<\/p>\n","protected":false},"author":1,"featured_media":0,"parent":0,"menu_order":0,"comment_status":"closed","ping_status":"closed","template":"","meta":{"footnotes":""},"class_list":["post-29","page","type-page","status-publish","hentry"],"yoast_head":"<!-- This site is optimized with the Yoast SEO plugin v27.2 - https:\/\/yoast.com\/product\/yoast-seo-wordpress\/ -->\n<title>Igrajte online rulet u najboljim srpskim online kazinima<\/title>\n<meta name=\"description\" content=\"Kako se igra online rulet? Saznajte odgovor u na\u0161em \u010dlanku. Online rulet je odli\u010dan vid zabave ako \u017eelite da proverite da li ste sre\u0107ne ruke. Pro\u010ditajte pravila, uporedite vrste online ruleta i sami odaberite najbolji.\" \/>\n<meta name=\"robots\" content=\"index, follow, max-snippet:-1, max-image-preview:large, max-video-preview:-1\" \/>\n<link rel=\"canonical\" href=\"https:\/\/speed-casino.com\/online-casino-srbija\/online-rulet-za-srpske-igrace\/\" \/>\n<meta property=\"og:locale\" content=\"sr_RS\" \/>\n<meta property=\"og:type\" content=\"article\" \/>\n<meta property=\"og:title\" content=\"Igrajte online rulet u najboljim srpskim online kazinima\" \/>\n<meta property=\"og:description\" content=\"Kako se igra online rulet? Saznajte odgovor u na\u0161em \u010dlanku. Online rulet je odli\u010dan vid zabave ako \u017eelite da proverite da li ste sre\u0107ne ruke. Pro\u010ditajte pravila, uporedite vrste online ruleta i sami odaberite najbolji.\" \/>\n<meta property=\"og:url\" content=\"https:\/\/speed-casino.com\/online-casino-srbija\/online-rulet-za-srpske-igrace\/\" \/>\n<meta property=\"og:site_name\" content=\"Igrajte onlajn kazno\" \/>\n<meta property=\"article:modified_time\" content=\"2021-10-12T13:09:05+00:00\" \/>\n<meta name=\"twitter:card\" content=\"summary_large_image\" \/>\n<meta name=\"twitter:label1\" content=\"\u041f\u0440\u043e\u0446\u0435\u045a\u0435\u043d\u043e \u0432\u0440\u0435\u043c\u0435 \u0447\u0438\u0442\u0430\u045a\u0430\" \/>\n\t<meta name=\"twitter:data1\" content=\"4 \u043c\u0438\u043d\u0443\u0442\u0430\" \/>\n<script type=\"application\/ld+json\" class=\"yoast-schema-graph\">{\"@context\":\"https:\/\/schema.org\",\"@graph\":[{\"@type\":\"WebPage\",\"@id\":\"https:\/\/speed-casino.com\/online-casino-srbija\/online-rulet-za-srpske-igrace\/\",\"url\":\"https:\/\/speed-casino.com\/online-casino-srbija\/online-rulet-za-srpske-igrace\/\",\"name\":\"Igrajte online rulet u najboljim srpskim online kazinima\",\"isPartOf\":{\"@id\":\"https:\/\/speed-casino.com\/online-casino-srbija\/#website\"},\"datePublished\":\"2020-12-28T14:51:16+00:00\",\"dateModified\":\"2021-10-12T13:09:05+00:00\",\"description\":\"Kako se igra online rulet? Saznajte odgovor u na\u0161em \u010dlanku. Online rulet je odli\u010dan vid zabave ako \u017eelite da proverite da li ste sre\u0107ne ruke. Pro\u010ditajte pravila, uporedite vrste online ruleta i sami odaberite najbolji.\",\"breadcrumb\":{\"@id\":\"https:\/\/speed-casino.com\/online-casino-srbija\/online-rulet-za-srpske-igrace\/#breadcrumb\"},\"inLanguage\":\"sr-RS\",\"potentialAction\":[{\"@type\":\"ReadAction\",\"target\":[\"https:\/\/speed-casino.com\/online-casino-srbija\/online-rulet-za-srpske-igrace\/\"]}]},{\"@type\":\"BreadcrumbList\",\"@id\":\"https:\/\/speed-casino.com\/online-casino-srbija\/online-rulet-za-srpske-igrace\/#breadcrumb\",\"itemListElement\":[{\"@type\":\"ListItem\",\"position\":1,\"name\":\"\u0413\u043b\u0430\u0432\u043d\u0430\u044f \u0441\u0442\u0440\u0430\u043d\u0438\u0446\u0430\",\"item\":\"https:\/\/speed-casino.com\/online-casino-srbija\/\"},{\"@type\":\"ListItem\",\"position\":2,\"name\":\"Online rulet za srpske igra\u010de\"}]},{\"@type\":\"WebSite\",\"@id\":\"https:\/\/speed-casino.com\/online-casino-srbija\/#website\",\"url\":\"https:\/\/speed-casino.com\/online-casino-srbija\/\",\"name\":\"Igrajte onlajn kazno\",\"description\":\"\",\"potentialAction\":[{\"@type\":\"SearchAction\",\"target\":{\"@type\":\"EntryPoint\",\"urlTemplate\":\"https:\/\/speed-casino.com\/online-casino-srbija\/?s={search_term_string}\"},\"query-input\":{\"@type\":\"PropertyValueSpecification\",\"valueRequired\":true,\"valueName\":\"search_term_string\"}}],\"inLanguage\":\"sr-RS\"}]}<\/script>\n<!-- \/ Yoast SEO plugin. -->","yoast_head_json":{"title":"Igrajte online rulet u najboljim srpskim online kazinima","description":"Kako se igra online rulet? Saznajte odgovor u na\u0161em \u010dlanku. Online rulet je odli\u010dan vid zabave ako \u017eelite da proverite da li ste sre\u0107ne ruke. Pro\u010ditajte pravila, uporedite vrste online ruleta i sami odaberite najbolji.","robots":{"index":"index","follow":"follow","max-snippet":"max-snippet:-1","max-image-preview":"max-image-preview:large","max-video-preview":"max-video-preview:-1"},"canonical":"https:\/\/speed-casino.com\/online-casino-srbija\/online-rulet-za-srpske-igrace\/","og_locale":"sr_RS","og_type":"article","og_title":"Igrajte online rulet u najboljim srpskim online kazinima","og_description":"Kako se igra online rulet? Saznajte odgovor u na\u0161em \u010dlanku. Online rulet je odli\u010dan vid zabave ako \u017eelite da proverite da li ste sre\u0107ne ruke. Pro\u010ditajte pravila, uporedite vrste online ruleta i sami odaberite najbolji.","og_url":"https:\/\/speed-casino.com\/online-casino-srbija\/online-rulet-za-srpske-igrace\/","og_site_name":"Igrajte onlajn kazno","article_modified_time":"2021-10-12T13:09:05+00:00","twitter_card":"summary_large_image","twitter_misc":{"\u041f\u0440\u043e\u0446\u0435\u045a\u0435\u043d\u043e \u0432\u0440\u0435\u043c\u0435 \u0447\u0438\u0442\u0430\u045a\u0430":"4 \u043c\u0438\u043d\u0443\u0442\u0430"},"schema":{"@context":"https:\/\/schema.org","@graph":[{"@type":"WebPage","@id":"https:\/\/speed-casino.com\/online-casino-srbija\/online-rulet-za-srpske-igrace\/","url":"https:\/\/speed-casino.com\/online-casino-srbija\/online-rulet-za-srpske-igrace\/","name":"Igrajte online rulet u najboljim srpskim online kazinima","isPartOf":{"@id":"https:\/\/speed-casino.com\/online-casino-srbija\/#website"},"datePublished":"2020-12-28T14:51:16+00:00","dateModified":"2021-10-12T13:09:05+00:00","description":"Kako se igra online rulet? Saznajte odgovor u na\u0161em \u010dlanku. Online rulet je odli\u010dan vid zabave ako \u017eelite da proverite da li ste sre\u0107ne ruke. Pro\u010ditajte pravila, uporedite vrste online ruleta i sami odaberite najbolji.","breadcrumb":{"@id":"https:\/\/speed-casino.com\/online-casino-srbija\/online-rulet-za-srpske-igrace\/#breadcrumb"},"inLanguage":"sr-RS","potentialAction":[{"@type":"ReadAction","target":["https:\/\/speed-casino.com\/online-casino-srbija\/online-rulet-za-srpske-igrace\/"]}]},{"@type":"BreadcrumbList","@id":"https:\/\/speed-casino.com\/online-casino-srbija\/online-rulet-za-srpske-igrace\/#breadcrumb","itemListElement":[{"@type":"ListItem","position":1,"name":"\u0413\u043b\u0430\u0432\u043d\u0430\u044f \u0441\u0442\u0440\u0430\u043d\u0438\u0446\u0430","item":"https:\/\/speed-casino.com\/online-casino-srbija\/"},{"@type":"ListItem","position":2,"name":"Online rulet za srpske igra\u010de"}]},{"@type":"WebSite","@id":"https:\/\/speed-casino.com\/online-casino-srbija\/#website","url":"https:\/\/speed-casino.com\/online-casino-srbija\/","name":"Igrajte onlajn kazno","description":"","potentialAction":[{"@type":"SearchAction","target":{"@type":"EntryPoint","urlTemplate":"https:\/\/speed-casino.com\/online-casino-srbija\/?s={search_term_string}"},"query-input":{"@type":"PropertyValueSpecification","valueRequired":true,"valueName":"search_term_string"}}],"inLanguage":"sr-RS"}]}},"_links":{"self":[{"href":"https:\/\/speed-casino.com\/online-casino-srbija\/wp-json\/wp\/v2\/pages\/29","targetHints":{"allow":["GET"]}}],"collection":[{"href":"https:\/\/speed-casino.com\/online-casino-srbija\/wp-json\/wp\/v2\/pages"}],"about":[{"href":"https:\/\/speed-casino.com\/online-casino-srbija\/wp-json\/wp\/v2\/types\/page"}],"author":[{"embeddable":true,"href":"https:\/\/speed-casino.com\/online-casino-srbija\/wp-json\/wp\/v2\/users\/1"}],"replies":[{"embeddable":true,"href":"https:\/\/speed-casino.com\/online-casino-srbija\/wp-json\/wp\/v2\/comments?post=29"}],"version-history":[{"count":8,"href":"https:\/\/speed-casino.com\/online-casino-srbija\/wp-json\/wp\/v2\/pages\/29\/revisions"}],"predecessor-version":[{"id":159,"href":"https:\/\/speed-casino.com\/online-casino-srbija\/wp-json\/wp\/v2\/pages\/29\/revisions\/159"}],"wp:attachment":[{"href":"https:\/\/speed-casino.com\/online-casino-srbija\/wp-json\/wp\/v2\/media?parent=29"}],"curies":[{"name":"wp","href":"https:\/\/api.w.org\/{rel}","templated":true}]}}